{"id":719279,"date":"2025-08-27T18:20:09","date_gmt":"2025-08-27T15:20:09","guid":{"rendered":"https:\/\/roveyayinevi.com.tr\/index.php\/urun\/babalar-ve-ogullar-9\/"},"modified":"2026-04-16T02:27:30","modified_gmt":"2026-04-15T23:27:30","slug":"babalar-ve-ogullar-9","status":"publish","type":"product","link":"https:\/\/roveyayinevi.com.tr\/index.php\/urun\/babalar-ve-ogullar-9\/","title":{"rendered":"Babalar Ve O\u011fullar"},"content":{"rendered":"<p>\u201cTurgenyev, Babalar ve O\u011fullar\u2019da baba-o\u011ful foto\u011fraflar\u0131n\u0131n en sars\u0131c\u0131lar\u0131ndan birini \u00e7ekmeyi ba\u015farm\u0131\u015f.\u201d \u2014 Yekta Kopan Ku\u015faklararas\u0131 \u00e7at\u0131\u015fman\u0131n, nihilizmin en g\u00fczel anlat\u0131m\u0131d\u0131r Babalar ve O\u011fullar. Nihilist Bazarov, Rus ta\u015fras\u0131na gitti\u011finde yeni ile eski, kent ile ta\u015fra, aristokrasi ile kent ayd\u0131n\u0131 aras\u0131ndaki t\u00fcm ayr\u0131mlar, \u00e7at\u0131\u015fmalar g\u00fcn y\u00fcz\u00fcne \u00e7\u0131kacakt\u0131r. Turgenyev\u2019den eskiyi \u00f6n\u00fcne kat\u0131p g\u00f6t\u00fcren yeninin \u00f6yk\u00fcs\u00fc\u2026 <\/p>\n","protected":false},"excerpt":{"rendered":"<p>\u201cTurgenyev, Babalar ve O\u011fullar\u2019da baba-o\u011ful foto\u011fraflar\u0131n\u0131n en sars\u0131c\u0131lar\u0131ndan birini \u00e7ekmeyi ba\u015farm\u0131\u015f.\u201d \u2014 Yekta Kopan Ku\u015faklararas\u0131 \u00e7at\u0131\u015fman\u0131n, nihilizmin en g\u00fczel anlat\u0131m\u0131d\u0131r Babalar ve O\u011fullar. Nihilist Bazarov, Rus<span class=\"excerpt-hellip\"> [\u2026]<\/span><\/p>\n","protected":false},"featured_media":0,"template":"","meta":{"_monsterinsights_skip_tracking":false,"_monsterinsights_sitenote_active":false,"_monsterinsights_sitenote_note":"","_monsterinsights_sitenote_category":0},"product_brand":[],"product_cat":[12291,12711],"product_tag":[],"class_list":{"0":"post-719279","1":"product","2":"type-product","3":"status-publish","5":"product_cat-edebiyat","6":"product_cat-roman-oyku","7":"pa_cilt-ciltsiz","8":"pa_tur-kitap","9":"pa_yayinevi-dogan-kitap","10":"pa_yazar-ivan-sergeyevic-turgenyev","12":"first","13":"instock","14":"sale","15":"shipping-taxable","16":"purchasable","17":"product-type-simple"},"_links":{"self":[{"href":"https:\/\/roveyayinevi.com.tr\/index.php\/wp-json\/wp\/v2\/product\/719279","targetHints":{"allow":["GET"]}}],"collection":[{"href":"https:\/\/roveyayinevi.com.tr\/index.php\/wp-json\/wp\/v2\/product"}],"about":[{"href":"https:\/\/roveyayinevi.com.tr\/index.php\/wp-json\/wp\/v2\/types\/product"}],"wp:attachment":[{"href":"https:\/\/roveyayinevi.com.tr\/index.php\/wp-json\/wp\/v2\/media?parent=719279"}],"wp:term":[{"taxonomy":"product_brand","embeddable":true,"href":"https:\/\/roveyayinevi.com.tr\/index.php\/wp-json\/wp\/v2\/product_brand?post=719279"},{"taxonomy":"product_cat","embeddable":true,"href":"https:\/\/roveyayinevi.com.tr\/index.php\/wp-json\/wp\/v2\/product_cat?post=719279"},{"taxonomy":"product_tag","embeddable":true,"href":"https:\/\/roveyayinevi.com.tr\/index.php\/wp-json\/wp\/v2\/product_tag?post=719279"}],"curies":[{"name":"wp","href":"https:\/\/api.w.org\/{rel}","templated":true}]}}