{"id":719276,"date":"2025-08-27T18:20:07","date_gmt":"2025-08-27T15:20:07","guid":{"rendered":"https:\/\/roveyayinevi.com.tr\/index.php\/urun\/fransiz-masallari\/"},"modified":"2026-04-16T02:27:30","modified_gmt":"2026-04-15T23:27:30","slug":"fransiz-masallari","status":"publish","type":"product","link":"https:\/\/roveyayinevi.com.tr\/index.php\/urun\/fransiz-masallari\/","title":{"rendered":"Frans\u0131z Masallar\u0131"},"content":{"rendered":"<p>Perilerin ve cinlerin hem d\u00fcnyam\u0131zda hem de hayal g\u00fcc\u00fcm\u00fczde var oldu\u011fu gizemli bir \u00e7a\u011fdan masallar.   \u201cBlondine, Bonne-biche ve Beau-Minon\u2019un \u00d6yk\u00fcs\u00fc\u201d, \u201c\u0130yi Kalpli Minik Henry\u201d ve \u201cPrenses Rosette\u2019nin \u00d6yk\u00fcs\u00fc\u201d \u00e7ok eski zamanlardan \u00e7ok \u00f6nemli erdemleri bize hat\u0131rlat\u0131yor, d\u00fcr\u00fcstl\u00fc\u011f\u00fcn ve ger\u00e7ek dostlu\u011fun her \u015feyin \u00fcstesinden gelebilece\u011fini s\u00f6yl\u00fcyor. <\/p>\n","protected":false},"excerpt":{"rendered":"<p>Perilerin ve cinlerin hem d\u00fcnyam\u0131zda hem de hayal g\u00fcc\u00fcm\u00fczde var oldu\u011fu gizemli bir \u00e7a\u011fdan masallar. \u201cBlondine, Bonne-biche ve Beau-Minon\u2019un \u00d6yk\u00fcs\u00fc\u201d, \u201c\u0130yi Kalpli Minik Henry\u201d ve \u201cPrenses<span class=\"excerpt-hellip\"> [\u2026]<\/span><\/p>\n","protected":false},"featured_media":0,"template":"","meta":{"_monsterinsights_skip_tracking":false,"_monsterinsights_sitenote_active":false,"_monsterinsights_sitenote_note":"","_monsterinsights_sitenote_category":0},"product_brand":[],"product_cat":[12291,12711],"product_tag":[],"class_list":{"0":"post-719276","1":"product","2":"type-product","3":"status-publish","5":"product_cat-edebiyat","6":"product_cat-roman-oyku","7":"pa_cilt-ciltsiz","8":"pa_tur-kitap","9":"pa_yayinevi-kara-karga-yayinlari","10":"pa_yazar-sophie-de-segur","12":"first","13":"instock","14":"sale","15":"shipping-taxable","16":"purchasable","17":"product-type-simple"},"_links":{"self":[{"href":"https:\/\/roveyayinevi.com.tr\/index.php\/wp-json\/wp\/v2\/product\/719276","targetHints":{"allow":["GET"]}}],"collection":[{"href":"https:\/\/roveyayinevi.com.tr\/index.php\/wp-json\/wp\/v2\/product"}],"about":[{"href":"https:\/\/roveyayinevi.com.tr\/index.php\/wp-json\/wp\/v2\/types\/product"}],"wp:attachment":[{"href":"https:\/\/roveyayinevi.com.tr\/index.php\/wp-json\/wp\/v2\/media?parent=719276"}],"wp:term":[{"taxonomy":"product_brand","embeddable":true,"href":"https:\/\/roveyayinevi.com.tr\/index.php\/wp-json\/wp\/v2\/product_brand?post=719276"},{"taxonomy":"product_cat","embeddable":true,"href":"https:\/\/roveyayinevi.com.tr\/index.php\/wp-json\/wp\/v2\/product_cat?post=719276"},{"taxonomy":"product_tag","embeddable":true,"href":"https:\/\/roveyayinevi.com.tr\/index.php\/wp-json\/wp\/v2\/product_tag?post=719276"}],"curies":[{"name":"wp","href":"https:\/\/api.w.org\/{rel}","templated":true}]}}