{"id":719275,"date":"2025-08-27T18:20:06","date_gmt":"2025-08-27T15:20:06","guid":{"rendered":"https:\/\/roveyayinevi.com.tr\/index.php\/urun\/hukuk-sosyolojisinin-temel-ilkeleri\/"},"modified":"2026-04-16T02:27:30","modified_gmt":"2026-04-15T23:27:30","slug":"hukuk-sosyolojisinin-temel-ilkeleri","status":"publish","type":"product","link":"https:\/\/roveyayinevi.com.tr\/index.php\/urun\/hukuk-sosyolojisinin-temel-ilkeleri\/","title":{"rendered":"Hukuk Sosyolojisinin Temel \u0130lkeleri"},"content":{"rendered":"<p>\u201cAra\u015ft\u0131rmac\u0131n\u0131n dikkatini devletle, mahkemelerle, kanunlarla ve muhakeme usul\u00fcyle s\u0131n\u0131rlayan bu hukuk d\u00fc\u015f\u00fcncesi hukuk bilimini bug\u00fcne kadar en beter \u015fekilde maruz kald\u0131\u011f\u0131 fakirli\u011fe mahk\u00fbm etmi\u015ftir. Bir sonraki ad\u0131m bu zincirlerden kurtulmay\u0131 ve hukuk normunun yaln\u0131zca devletle olan ba\u011flant\u0131s\u0131 i\u00e7erisinde de\u011fil ayn\u0131 zamanda sosyal ili\u015fkisi i\u00e7erisinde incelenmesini gerektirmektedir.\u201d\u201cAileyi tasvir etmeden aile hukukunu \u00f6\u011fretmek; hayatta e\u015fya \u00fczerinde ne t\u00fcr haklar\u0131n g\u00f6r\u00fcld\u00fc\u011f\u00fcn\u00fc belirtmeden e\u015fya hukukunu a\u00e7\u0131klamak; kurulmakta olan s\u00f6zle\u015fmelerin i\u00e7eri\u011fini a\u00e7\u0131klamadan s\u00f6zle\u015fme hukukunu a\u00e7\u0131klamak imk\u00e2ns\u0131zd\u0131r.\u201d\u201cBir d\u00f6nemin ya da bir halk\u0131n hukukunu kanunun b\u00f6l\u00fcmlerine hapsetmeye \u00e7al\u0131\u015fmak bir akarsuyu bir g\u00f6lette hapsetmek kadar ak\u0131l d\u0131\u015f\u0131d\u0131r. G\u00f6lete konulan su art\u0131k canl\u0131 bir akarsu de\u011fil, durgun bir havuzdur ve havuzun i\u00e7ine az su konulabilir.\u201d\u201cYa\u015fayan hukuk, hukuki \u00f6nermeler i\u00e7erisinde vazedilmi\u015f olmasa da hayata h\u00fckmeden hukuktur. Bu hukuk hakk\u0131ndaki bilgimizin kayna\u011f\u0131, birinci olarak, modern hukuki belgelerdir; ikinci olarak, hayat\u0131n, ticaretin, \u00e2det ve team\u00fcllerin ve yaln\u0131zca hukukun tan\u0131d\u0131\u011f\u0131 de\u011fil, ayn\u0131 zamanda g\u00f6rmezden geldi\u011fi ve g\u00f6z yumdu\u011fu hatta onaylamad\u0131\u011f\u0131 b\u00fct\u00fcn birliklerin do\u011frudan g\u00f6zlemlenmesidir.\u201d\u201cHukuk sosyolojisi ya\u015fayan hukukun ortaya \u00e7\u0131kar\u0131lmas\u0131yla ba\u015flamal\u0131d\u0131r. Dikkatini \u00f6ncelikli olarak soyut olana de\u011fil, somut olana y\u00f6nlendirecektir.\u201d<\/p>\n","protected":false},"excerpt":{"rendered":"<p>\u201cAra\u015ft\u0131rmac\u0131n\u0131n dikkatini devletle, mahkemelerle, kanunlarla ve muhakeme usul\u00fcyle s\u0131n\u0131rlayan bu hukuk d\u00fc\u015f\u00fcncesi hukuk bilimini bug\u00fcne kadar en beter \u015fekilde maruz kald\u0131\u011f\u0131 fakirli\u011fe mahk\u00fbm etmi\u015ftir. Bir sonraki<span class=\"excerpt-hellip\"> [\u2026]<\/span><\/p>\n","protected":false},"featured_media":0,"template":"","meta":{"_monsterinsights_skip_tracking":false,"_monsterinsights_sitenote_active":false,"_monsterinsights_sitenote_note":"","_monsterinsights_sitenote_category":0},"product_brand":[],"product_cat":[15350,17602],"product_tag":[],"class_list":{"0":"post-719275","1":"product","2":"type-product","3":"status-publish","5":"product_cat-hukuk","6":"product_cat-hukuk-uzerine","7":"pa_cilt-ciltsiz","8":"pa_tur-kitap","9":"pa_yayinevi-pinhan-yayincilik","10":"pa_yazar-eugen-ehrlich","12":"first","13":"instock","14":"sale","15":"shipping-taxable","16":"purchasable","17":"product-type-simple"},"_links":{"self":[{"href":"https:\/\/roveyayinevi.com.tr\/index.php\/wp-json\/wp\/v2\/product\/719275","targetHints":{"allow":["GET"]}}],"collection":[{"href":"https:\/\/roveyayinevi.com.tr\/index.php\/wp-json\/wp\/v2\/product"}],"about":[{"href":"https:\/\/roveyayinevi.com.tr\/index.php\/wp-json\/wp\/v2\/types\/product"}],"wp:attachment":[{"href":"https:\/\/roveyayinevi.com.tr\/index.php\/wp-json\/wp\/v2\/media?parent=719275"}],"wp:term":[{"taxonomy":"product_brand","embeddable":true,"href":"https:\/\/roveyayinevi.com.tr\/index.php\/wp-json\/wp\/v2\/product_brand?post=719275"},{"taxonomy":"product_cat","embeddable":true,"href":"https:\/\/roveyayinevi.com.tr\/index.php\/wp-json\/wp\/v2\/product_cat?post=719275"},{"taxonomy":"product_tag","embeddable":true,"href":"https:\/\/roveyayinevi.com.tr\/index.php\/wp-json\/wp\/v2\/product_tag?post=719275"}],"curies":[{"name":"wp","href":"https:\/\/api.w.org\/{rel}","templated":true}]}}