{"id":719272,"date":"2025-08-27T18:20:04","date_gmt":"2025-08-27T15:20:04","guid":{"rendered":"https:\/\/roveyayinevi.com.tr\/index.php\/urun\/iktisadi-kalkinma-temelinde-gayrimenkul-ekonomisi\/"},"modified":"2025-10-14T05:18:58","modified_gmt":"2025-10-14T02:18:58","slug":"iktisadi-kalkinma-temelinde-gayrimenkul-ekonomisi","status":"publish","type":"product","link":"https:\/\/roveyayinevi.com.tr\/index.php\/urun\/iktisadi-kalkinma-temelinde-gayrimenkul-ekonomisi\/","title":{"rendered":"\u0130ktisadi Kalk\u0131nma Temelinde Gayrimenkul Ekonomisi"},"content":{"rendered":"<p>\u0130\u00c7\u0130NDEK\u0130LER     1. G\u0130R\u0130\u015e  2. GAYR\u0130MENKUL SEKT\u00d6R\u00dc  3. GAYR\u0130MENKUL SEKT\u00d6R\u00dcN\u00dcN M\u0130KRO \u0130KT\u0130SAD\u0130, MAKRO \u0130KT\u0130SAD\u0130 \u00d6ZELL\u0130KLER\u0130 VE PARASAL AKTARIM MEKAN\u0130ZMASI A\u00c7ISINDAN DE\u011eERLEND\u0130R\u0130LMES\u0130 4. T\u00dcRK\u0130YE EKONOM\u0130S\u0130 VE KALKINMA PLANLARINDA GAYR\u0130MENKUL SEKT\u00d6R\u00dc 5. \u0130KT\u0130SAD\u0130 KALKINMA TEMEL\u0130NDE T\u00dcRK\u0130YE\u2019DE GAYR\u0130MENKUL SEKT\u00d6R\u00dcN\u00dcN KONUMU 6. SONU\u00c7 VE GENEL DE\u011eERLEND\u0130RME<\/p>\n","protected":false},"excerpt":{"rendered":"<p>\u0130\u00c7\u0130NDEK\u0130LER 1. G\u0130R\u0130\u015e 2. GAYR\u0130MENKUL SEKT\u00d6R\u00dc 3. GAYR\u0130MENKUL SEKT\u00d6R\u00dcN\u00dcN M\u0130KRO \u0130KT\u0130SAD\u0130, MAKRO \u0130KT\u0130SAD\u0130 \u00d6ZELL\u0130KLER\u0130 VE PARASAL AKTARIM MEKAN\u0130ZMASI A\u00c7ISINDAN DE\u011eERLEND\u0130R\u0130LMES\u0130 4. T\u00dcRK\u0130YE EKONOM\u0130S\u0130 VE KALKINMA PLANLARINDA<span class=\"excerpt-hellip\"> [\u2026]<\/span><\/p>\n","protected":false},"featured_media":0,"template":"","meta":{"_monsterinsights_skip_tracking":false,"_monsterinsights_sitenote_active":false,"_monsterinsights_sitenote_note":"","_monsterinsights_sitenote_category":0},"product_brand":[],"product_cat":[20333,13043],"product_tag":[],"class_list":{"0":"post-719272","1":"product","2":"type-product","3":"status-publish","5":"product_cat-diger-ekonomi","6":"product_cat-ekonomi","7":"pa_cilt-ciltsiz","8":"pa_tur-kitap","9":"pa_yayinevi-gazi-kitabevi","10":"pa_yazar-ilkay-guler","12":"first","13":"instock","14":"sale","15":"shipping-taxable","16":"purchasable","17":"product-type-simple"},"_links":{"self":[{"href":"https:\/\/roveyayinevi.com.tr\/index.php\/wp-json\/wp\/v2\/product\/719272","targetHints":{"allow":["GET"]}}],"collection":[{"href":"https:\/\/roveyayinevi.com.tr\/index.php\/wp-json\/wp\/v2\/product"}],"about":[{"href":"https:\/\/roveyayinevi.com.tr\/index.php\/wp-json\/wp\/v2\/types\/product"}],"wp:attachment":[{"href":"https:\/\/roveyayinevi.com.tr\/index.php\/wp-json\/wp\/v2\/media?parent=719272"}],"wp:term":[{"taxonomy":"product_brand","embeddable":true,"href":"https:\/\/roveyayinevi.com.tr\/index.php\/wp-json\/wp\/v2\/product_brand?post=719272"},{"taxonomy":"product_cat","embeddable":true,"href":"https:\/\/roveyayinevi.com.tr\/index.php\/wp-json\/wp\/v2\/product_cat?post=719272"},{"taxonomy":"product_tag","embeddable":true,"href":"https:\/\/roveyayinevi.com.tr\/index.php\/wp-json\/wp\/v2\/product_tag?post=719272"}],"curies":[{"name":"wp","href":"https:\/\/api.w.org\/{rel}","templated":true}]}}