{"id":719271,"date":"2025-08-27T18:20:04","date_gmt":"2025-08-27T15:20:04","guid":{"rendered":"https:\/\/roveyayinevi.com.tr\/index.php\/urun\/trabzonda-multeci-ve-siginmaci-kadinlar\/"},"modified":"2026-04-16T02:27:30","modified_gmt":"2026-04-15T23:27:30","slug":"trabzonda-multeci-ve-siginmaci-kadinlar","status":"publish","type":"product","link":"https:\/\/roveyayinevi.com.tr\/index.php\/urun\/trabzonda-multeci-ve-siginmaci-kadinlar\/","title":{"rendered":"Trabzon&#8217;da M\u00fclteci ve S\u0131\u011f\u0131nmac\u0131 Kad\u0131nlar"},"content":{"rendered":"<p>G\u00fcn\u00fcm\u00fcz itibariyle T\u00fcrkiye\u2019de farkl\u0131 stat\u00fclerde d\u00f6rt milyondan fazla m\u00fclteci ve s\u0131\u011f\u0131nmac\u0131 ya\u015famaktad\u0131r.  Bunlar aras\u0131nda ge\u00e7ici koruma alt\u0131nda bulunan Suriyeliler, uluslararas\u0131 koruma ba\u015fvuru ve stat\u00fc sahipleri say\u0131labilir. Bug\u00fcn gelinen noktada s\u00f6z konusu n\u00fcfusun topluma farkl\u0131 etkileri bulunmaktad\u0131r. Sava\u015f ortam\u0131, karga\u015fa, \u015fiddet vb. gerek\u00e7elerle \u00fclkelerini terk edip hayata tutunabilmek amac\u0131yla ba\u015fka \u00fclkelere g\u00f6\u00e7 eden insanlar\u0131n bu eylemi, s\u00fcreci kendi problemleri olmaktan \u00e7\u0131kar\u0131p g\u00f6\u00e7 ettikleri \u00fclkelerin \u00fczerinde hassasiyetle durmas\u0131 gereken bir sorun haline getirmektedir. Zira uluslararas\u0131 g\u00f6\u00e7ler, farkl\u0131 k\u00fclt\u00fcrlerin kar\u015f\u0131la\u015fmas\u0131na vesile olurken \u00e7e\u015fitli k\u00fclt\u00fcrlerden insanlar\u0131n bir arada ya\u015famalar\u0131, farkl\u0131l\u0131klarla ba\u015fa \u00e7\u0131kmalar\u0131 ve ileti\u015fim engellerini a\u015fmalar\u0131 gibi sorunlar\u0131 da g\u00fcndeme getirmektedir.G\u00f6\u00e7\u00fcn uzun vadeli sonu\u00e7lar\u0131, g\u00f6\u00e7menlerin geldikleri \u00fclkeye ekledikleri maliyet, \u00fclke ekonomisine sa\u011flad\u0131klar\u0131 katk\u0131, o \u00fclkede do\u011fan \u00e7ocuklar\u0131n ve yeti\u015fmekte olan gen\u00e7lerin e\u011fitimi, onlara beceri kazand\u0131r\u0131lmas\u0131, yerle\u015ftirildikleri il ve il\u00e7elerde yerli halkla bir arada ya\u015famaya dair kar\u015f\u0131la\u015ft\u0131klar\u0131 zorluklar veya kolayl\u0131klar ve uyum sorunlar\u0131 konusunda politika \u00fcretimine girdi sa\u011flayacak kapsaml\u0131 ara\u015ft\u0131rmalara ihtiya\u00e7 duyulmaktad\u0131r. Bu bilin\u00e7le ve kad\u0131nlar\u0131n, sava\u015f ve g\u00f6\u00e7 hareketlerinin olumsuz sonu\u00e7lar\u0131ndan en \u00e7ok etkilenen gruplardan biri olmas\u0131 nedeniyle, Trabzon \u00f6zelinde \u201cKad\u0131n Eliyle G\u00f6n\u00fcl G\u00f6z\u00fcyle Uluslararas\u0131 Dostluk K\u00f6pr\u00fcs\u00fc\u201d ba\u015fl\u0131kl\u0131 bir proje hayata ge\u00e7irilmi\u015ftir. Proje ile Trabzon\u2019da ya\u015fayan m\u00fclteci ve s\u0131\u011f\u0131nmac\u0131 kad\u0131nlar\u0131 tan\u0131mak, g\u00f6\u00e7 deneyimlerini derlemek, uzun vadeli uyum probleminin \u00e7\u00f6z\u00fcm\u00fcne y\u00f6nelik, kad\u0131nlar aras\u0131nda kar\u015f\u0131l\u0131kl\u0131 ileti\u015fim, etkile\u015fim, i\u015fbirli\u011fi ve dayan\u0131\u015fmay\u0131 te\u015fvik eden, kar\u015f\u0131l\u0131kl\u0131 \u00f6\u011frenmeyi sal\u0131k veren ve uzun vadede kal\u0131c\u0131 ve sa\u011flam dostluk k\u00f6pr\u00fcleri in\u015fa etmek hedeflenmi\u015ftir.Proje kapsam\u0131nda m\u00fclteci ve s\u0131\u011f\u0131nmac\u0131 kad\u0131nlar\u0131n el becerilerinin\/el sanatlar\u0131n\u0131n tespiti ve belirlenen etkinliklerin hayata ge\u00e7irilebilmesi amac\u0131yla Karadeniz Teknik \u00dcniversitesi (Edebiyat Fak\u00fcltesi\/Sosyoloji B\u00f6l\u00fcm\u00fc), Trabzon B\u00fcy\u00fck\u015fehir Belediyesi (K\u00fclt\u00fcr ve Sosyal \u0130\u015fler Dairesi Ba\u015fkanl\u0131\u011f\u0131), Ortahisar \u0130l\u00e7e Milli E\u011fitim M\u00fcd\u00fcrl\u00fc\u011f\u00fc (Hayat Boyu \u00d6\u011frenme \u015eube M\u00fcd\u00fcrl\u00fc\u011f\u00fc) ile Afganistan Hazaralar\u0131 K\u00fclt\u00fcr ve Dayan\u0131\u015fma Derne\u011fi ile bir i\u015fbirli\u011fi protokol\u00fc imzalanm\u0131\u015ft\u0131r. Ara\u015ft\u0131rma kapsam\u0131nda, 260 m\u00fclteci ve s\u0131\u011f\u0131nmac\u0131 kad\u0131nla (101\u2019i Afganistan, 82\u2019si Suriye, 39\u2019u \u0130ran ve 38\u2019i Irak uyruklu) g\u00f6r\u00fc\u015f\u00fclm\u00fc\u015ft\u00fcr. Bu g\u00f6r\u00fc\u015fmeler neticesinde \u00f6ncelikle Trabzon\u2019da ya\u015fayan m\u00fclteci ve s\u0131\u011f\u0131nmac\u0131 kad\u0131nlar\u0131n genel g\u00f6r\u00fcn\u00fcmleri (sosyo-demografik profil) ortaya konulmu\u015f; kad\u0131nlar\u0131n g\u00f6\u00e7 hikayeleri derlenmi\u015f; Trabzon\u2019da birey ve toplum etkile\u015fimlerinin ne y\u00f6nde bir seyir izledi\u011fi irdelenmi\u015ftir. Ayr\u0131ca, m\u00fclteci ve s\u0131\u011f\u0131nmac\u0131 kad\u0131nlar\u0131n kendi \u00fclkelerine ait el sanat becerileri \/el sanatlar\u0131 belirlenmi\u015ftir. Elde edilen veriler \u0131\u015f\u0131\u011f\u0131nda, Trabzon\u2019da ya\u015fayan m\u00fclteci ve s\u0131\u011f\u0131nmac\u0131 kad\u0131nlar\u0131n ev sahibi toplumla ileti\u015fimlerini ve etkile\u015fimlerini artt\u0131rmak suretiyle, uzun vadeli sosyal uyum sorunlar\u0131n\u0131n azalt\u0131lmas\u0131na ve \u00e7\u00f6z\u00fcm\u00fcne y\u00f6nelik farkl\u0131 etkinliklerin hayata ge\u00e7irilmesi \u00f6nerilmi\u015ftir.\u201cBiz yerle yeksan idik, Trabzonlular aya\u011fa dikittiler.\u201d\u201cT\u00fcrk \u00fclkesine minnettar\u0131z.\u201d\u201cGer\u00e7ekten insanl\u0131klar\u0131 fevkalade, ya\u015fam\u0131n ger\u00e7ek anlam\u0131n\u0131 Trabzon\u2019da \u00f6\u011frendim.\u201d\u201cSava\u015f \u00fclkesinde oldu\u011fumuz i\u00e7in kad\u0131nlar eve kapanmay\u0131 \u00f6\u011frenmi\u015f, kad\u0131nlar\u0131 bir araya getirmek \u00fczere at\u0131lacak ad\u0131mlar ba\u015flang\u0131\u00e7ta garipsenebilir ama sonras\u0131nda emin olun faydal\u0131 olacakt\u0131r.\u201d<\/p>\n","protected":false},"excerpt":{"rendered":"<p>G\u00fcn\u00fcm\u00fcz itibariyle T\u00fcrkiye\u2019de farkl\u0131 stat\u00fclerde d\u00f6rt milyondan fazla m\u00fclteci ve s\u0131\u011f\u0131nmac\u0131 ya\u015famaktad\u0131r. Bunlar aras\u0131nda ge\u00e7ici koruma alt\u0131nda bulunan Suriyeliler, uluslararas\u0131 koruma ba\u015fvuru ve stat\u00fc sahipleri say\u0131labilir.<span class=\"excerpt-hellip\"> [\u2026]<\/span><\/p>\n","protected":false},"featured_media":0,"template":"","meta":{"_monsterinsights_skip_tracking":false,"_monsterinsights_sitenote_active":false,"_monsterinsights_sitenote_note":"","_monsterinsights_sitenote_category":0},"product_brand":[],"product_cat":[12325,12324],"product_tag":[],"class_list":{"0":"post-719271","1":"product","2":"type-product","3":"status-publish","5":"product_cat-diger-sosyoloji","6":"product_cat-sosyoloji","7":"pa_cilt-ciltsiz","8":"pa_tur-kitap","9":"pa_yayinevi-siyasal-kitabevi","10":"pa_yazar-mine-gozubuyuk-tamer","12":"first","13":"instock","14":"sale","15":"shipping-taxable","16":"purchasable","17":"product-type-simple"},"_links":{"self":[{"href":"https:\/\/roveyayinevi.com.tr\/index.php\/wp-json\/wp\/v2\/product\/719271","targetHints":{"allow":["GET"]}}],"collection":[{"href":"https:\/\/roveyayinevi.com.tr\/index.php\/wp-json\/wp\/v2\/product"}],"about":[{"href":"https:\/\/roveyayinevi.com.tr\/index.php\/wp-json\/wp\/v2\/types\/product"}],"wp:attachment":[{"href":"https:\/\/roveyayinevi.com.tr\/index.php\/wp-json\/wp\/v2\/media?parent=719271"}],"wp:term":[{"taxonomy":"product_brand","embeddable":true,"href":"https:\/\/roveyayinevi.com.tr\/index.php\/wp-json\/wp\/v2\/product_brand?post=719271"},{"taxonomy":"product_cat","embeddable":true,"href":"https:\/\/roveyayinevi.com.tr\/index.php\/wp-json\/wp\/v2\/product_cat?post=719271"},{"taxonomy":"product_tag","embeddable":true,"href":"https:\/\/roveyayinevi.com.tr\/index.php\/wp-json\/wp\/v2\/product_tag?post=719271"}],"curies":[{"name":"wp","href":"https:\/\/api.w.org\/{rel}","templated":true}]}}