{"id":719270,"date":"2025-08-27T18:20:03","date_gmt":"2025-08-27T15:20:03","guid":{"rendered":"https:\/\/roveyayinevi.com.tr\/index.php\/urun\/regl-kitabi\/"},"modified":"2025-11-21T05:27:29","modified_gmt":"2025-11-21T02:27:29","slug":"regl-kitabi","status":"publish","type":"product","link":"https:\/\/roveyayinevi.com.tr\/index.php\/urun\/regl-kitabi\/","title":{"rendered":"Regl Kitab\u0131"},"content":{"rendered":"<p>Cinsellik e\u011fitmeni Rayka Kumru&#8217;nun \u00f6ns\u00f6z\u00fc ve tavsiyeleriyle g\u00fcncellenen Regl Kitab\u0131, ergenlik s\u00fcrecindeki de\u011fi\u015fimlere dair her sorunuzu yan\u0131tlayacak.Ergenlik \u00f6ncesindeki k\u0131zlar\u0131n sorular\u0131 do\u011frultusunda yaz\u0131lan bu rehber, regl d\u00f6neminin nas\u0131l oldu\u011fu, neler hissettirdi\u011fi,ped ve tampon kullan\u0131m\u0131, ebeveynlerle bu konunun nas\u0131l konu\u015fulaca\u011f\u0131 gibi ba\u015fl\u0131klarla bus\u00fcrece dair ger\u00e7ek\u00e7i ve pratik yan\u0131tlar sunuyor.Ayn\u0131 zamanda, sivilcelerden ruh hali de\u011fi\u015fimlerine, beden alg\u0131s\u0131ndan, di\u015f tellerine ve yeni sosyal durumlara al\u0131\u015fmak gibi fiziksel, duygusal ve sosyal de\u011fi\u015fikliklerle ba\u015f etme yollar\u0131na dair tavsiyeler de bulacaks\u0131n\u0131z.E\u011flenceli ve bilgilendirici ill\u00fcstrasyonlar\u0131yla Regl Kitab\u0131 gen\u00e7 k\u0131zlara, ya\u015famlar\u0131n\u0131n bu yeni d\u00f6neminde kendilerini g\u00fcvende ve rahat hissettirecek sa\u011flam bir dost oluyor!<\/p>\n","protected":false},"excerpt":{"rendered":"<p>Cinsellik e\u011fitmeni Rayka Kumru&#8217;nun \u00f6ns\u00f6z\u00fc ve tavsiyeleriyle g\u00fcncellenen Regl Kitab\u0131, ergenlik s\u00fcrecindeki de\u011fi\u015fimlere dair her sorunuzu yan\u0131tlayacak.Ergenlik \u00f6ncesindeki k\u0131zlar\u0131n sorular\u0131 do\u011frultusunda yaz\u0131lan bu rehber, regl d\u00f6neminin<span class=\"excerpt-hellip\"> [\u2026]<\/span><\/p>\n","protected":false},"featured_media":0,"template":"","meta":{"_monsterinsights_skip_tracking":false,"_monsterinsights_sitenote_active":false,"_monsterinsights_sitenote_note":"","_monsterinsights_sitenote_category":0},"product_brand":[],"product_cat":[20313,13365],"product_tag":[],"class_list":{"0":"post-719270","1":"product","2":"type-product","3":"status-publish","5":"product_cat-basvuru-kitaplari-saglik","6":"product_cat-saglik","7":"pa_cilt-ciltsiz","8":"pa_tur-kitap","9":"pa_yayinevi-marti-yayinlari","10":"pa_yazar-karen-gravelle-jennifer-gravelle-stratton","12":"first","13":"instock","14":"sale","15":"shipping-taxable","16":"purchasable","17":"product-type-simple"},"_links":{"self":[{"href":"https:\/\/roveyayinevi.com.tr\/index.php\/wp-json\/wp\/v2\/product\/719270","targetHints":{"allow":["GET"]}}],"collection":[{"href":"https:\/\/roveyayinevi.com.tr\/index.php\/wp-json\/wp\/v2\/product"}],"about":[{"href":"https:\/\/roveyayinevi.com.tr\/index.php\/wp-json\/wp\/v2\/types\/product"}],"wp:attachment":[{"href":"https:\/\/roveyayinevi.com.tr\/index.php\/wp-json\/wp\/v2\/media?parent=719270"}],"wp:term":[{"taxonomy":"product_brand","embeddable":true,"href":"https:\/\/roveyayinevi.com.tr\/index.php\/wp-json\/wp\/v2\/product_brand?post=719270"},{"taxonomy":"product_cat","embeddable":true,"href":"https:\/\/roveyayinevi.com.tr\/index.php\/wp-json\/wp\/v2\/product_cat?post=719270"},{"taxonomy":"product_tag","embeddable":true,"href":"https:\/\/roveyayinevi.com.tr\/index.php\/wp-json\/wp\/v2\/product_tag?post=719270"}],"curies":[{"name":"wp","href":"https:\/\/api.w.org\/{rel}","templated":true}]}}