{"id":719269,"date":"2025-08-27T18:20:03","date_gmt":"2025-08-27T15:20:03","guid":{"rendered":"https:\/\/roveyayinevi.com.tr\/index.php\/urun\/behcet-canturkun-anilari\/"},"modified":"2026-04-16T02:27:30","modified_gmt":"2026-04-15T23:27:30","slug":"behcet-canturkun-anilari","status":"publish","type":"product","link":"https:\/\/roveyayinevi.com.tr\/index.php\/urun\/behcet-canturkun-anilari\/","title":{"rendered":"Beh\u00e7et Cant\u00fcrk&#8217;\u00fcn An\u0131lar\u0131"},"content":{"rendered":"<p>\u00d6ld\u00fcr\u00fclecek 67 K\u00fcrt i\u015fadam\u0131 listesinin ilk s\u0131ras\u0131nda onun ismi vard\u0131\u2026 Anne taraf\u0131ndan Ermeni\u2019ydi. Hayat\u0131 boyunca \u201cErmeni d\u00f6nmesi\u201d diye a\u015fa\u011f\u0131land\u0131. \u0130lk cinayetini 15\u2019inde i\u015fledi. 23 ya\u015f\u0131nda uyu\u015fturucu sevkiyat\u0131na ba\u015flad\u0131. Karadeniz mafyas\u0131yla i\u015fbirli\u011fi onu silah ka\u00e7ak\u00e7\u0131l\u0131\u011f\u0131na g\u00f6t\u00fcrd\u00fc. M\u00fcteahhit olarak devlet ihalelerine girdi. ASALA ve P KK\u2019ya kar\u015f\u0131 yard\u0131m etti\u011fi iddias\u0131yla i\u015fkenceli sorgulamalara maruz kald\u0131\u2026 Hep beraat etti. Son sevkiyat\u0131 5.5 ton baz morfindi. Z\u0131rhl\u0131 otomobili 14 Ocak 1994 Cuma g\u00fcn\u00fc durduruldu. Bir g\u00fcn sonra Sapanca\u2019da \u00f6l\u00fc bulundu\u2026 \u015eaka\u011f\u0131na s\u0131k\u0131lan tek kur\u015funla \u00f6ld\u00fcr\u00fclm\u00fc\u015ft\u00fc\u2026 \u0130\u015fte Beh\u00e7et Cant\u00fcrk\u2019\u00fcn ya\u015fam\u00f6yk\u00fcs\u00fc\u2026 <\/p>\n","protected":false},"excerpt":{"rendered":"<p>\u00d6ld\u00fcr\u00fclecek 67 K\u00fcrt i\u015fadam\u0131 listesinin ilk s\u0131ras\u0131nda onun ismi vard\u0131\u2026 Anne taraf\u0131ndan Ermeni\u2019ydi. Hayat\u0131 boyunca \u201cErmeni d\u00f6nmesi\u201d diye a\u015fa\u011f\u0131land\u0131. \u0130lk cinayetini 15\u2019inde i\u015fledi. 23 ya\u015f\u0131nda uyu\u015fturucu<span class=\"excerpt-hellip\"> [\u2026]<\/span><\/p>\n","protected":false},"featured_media":0,"template":"","meta":{"_monsterinsights_skip_tracking":false,"_monsterinsights_sitenote_active":false,"_monsterinsights_sitenote_note":"","_monsterinsights_sitenote_category":0},"product_brand":[],"product_cat":[12370,12304],"product_tag":[],"class_list":{"0":"post-719269","1":"product","2":"type-product","3":"status-publish","5":"product_cat-arastirma-inceleme","6":"product_cat-tarih","7":"pa_cilt-ciltsiz","8":"pa_tur-kitap","9":"pa_yayinevi-kirmizi-kedi-yayinevi","10":"pa_yazar-soner-yalcin","12":"first","13":"instock","14":"sale","15":"shipping-taxable","16":"purchasable","17":"product-type-simple"},"_links":{"self":[{"href":"https:\/\/roveyayinevi.com.tr\/index.php\/wp-json\/wp\/v2\/product\/719269","targetHints":{"allow":["GET"]}}],"collection":[{"href":"https:\/\/roveyayinevi.com.tr\/index.php\/wp-json\/wp\/v2\/product"}],"about":[{"href":"https:\/\/roveyayinevi.com.tr\/index.php\/wp-json\/wp\/v2\/types\/product"}],"wp:attachment":[{"href":"https:\/\/roveyayinevi.com.tr\/index.php\/wp-json\/wp\/v2\/media?parent=719269"}],"wp:term":[{"taxonomy":"product_brand","embeddable":true,"href":"https:\/\/roveyayinevi.com.tr\/index.php\/wp-json\/wp\/v2\/product_brand?post=719269"},{"taxonomy":"product_cat","embeddable":true,"href":"https:\/\/roveyayinevi.com.tr\/index.php\/wp-json\/wp\/v2\/product_cat?post=719269"},{"taxonomy":"product_tag","embeddable":true,"href":"https:\/\/roveyayinevi.com.tr\/index.php\/wp-json\/wp\/v2\/product_tag?post=719269"}],"curies":[{"name":"wp","href":"https:\/\/api.w.org\/{rel}","templated":true}]}}