{"id":719266,"date":"2025-08-27T18:20:00","date_gmt":"2025-08-27T15:20:00","guid":{"rendered":"https:\/\/roveyayinevi.com.tr\/index.php\/urun\/gulseven-halicilik\/"},"modified":"2026-04-16T02:27:30","modified_gmt":"2026-04-15T23:27:30","slug":"gulseven-halicilik","status":"publish","type":"product","link":"https:\/\/roveyayinevi.com.tr\/index.php\/urun\/gulseven-halicilik\/","title":{"rendered":"G\u00fclseven Hal\u0131c\u0131l\u0131k"},"content":{"rendered":"<p>-A\u015fklar\u0131n me\u015fhur olmas\u0131n\u0131n sebebi kar\u015f\u0131l\u0131kl\u0131 olmas\u0131d\u0131r han\u0131mefendi, dedi. A\u015fk payla\u015f\u0131l\u0131rsa daha g\u00fczel, daha unutulmaz oluyor. Bu y\u00fczden Kerem kendi ba\u015f\u0131na pek bir anlam ifade etmez, kendi ba\u015f\u0131na an\u0131lmaz. Siz ne dersiniz, yan\u0131l\u0131yor muyum? -O zaman Kerem Efendi, sizin Asl\u0131\u2019n\u0131z nerede? Onu bulabildiniz mi? -Evet han\u0131m efendi, ne mutlu bana ki \u0130nci\u2019mi buldum, g\u00fczel bir m\u00fccadelenin sonunda da bug\u00fcn onunla evliyim. -Yani bu d\u00fcnyada mutlulu\u011fu yakalam\u0131\u015f nadir insanlardans\u0131n\u0131z \u00f6yle mi? -Oras\u0131n\u0131 bilmem ama yol zorlu olsa da onun i\u00e7in sava\u015ft\u0131m ve kazand\u0131m. -Nas\u0131l? -Ben utanga\u00e7 bir insand\u0131m ancak bana g\u00f6re d\u00fcnyan\u0131n en g\u00fczel k\u0131z\u0131na \u00e2\u015f\u0131k olmu\u015ftum. Oda bana kar\u015f\u0131 bo\u015f de\u011filmi\u015f. Fakat&#8230; -Evet -Evlenmemiz i\u00e7in bir i\u015fimin olmas\u0131 gerekiyordu, bense i\u015f aramaya utan\u0131yordum. Ustam\u0131n kar\u0131s\u0131 bana haber yollam\u0131\u015f, \u201ce\u011fer seviyorsa, a\u015fk\u0131na sahip \u00e7\u0131ks\u0131n\u201d demi\u015f. Bunu duyunca \u0130nci\u2019m i\u00e7in her \u015feyi yapar\u0131m dedim ve \u00f6n\u00fcme gelen herkese  \u201cbana verecek i\u015finiz var m\u0131?\u201d diye sormaya ba\u015flad\u0131m. Sonunda biri \u201cgel, yar\u0131n ba\u015fla\u201d dedi. Burada i\u015fim a\u011f\u0131rd\u0131 fakat ben m\u00fck\u00e2fat\u0131 \u0130nci olan her \u015feyi yapmay\u0131 haz\u0131rd\u0131m. Sonunda i\u015fte g\u00f6r\u00fcyorsunuz. <\/p>\n","protected":false},"excerpt":{"rendered":"<p>-A\u015fklar\u0131n me\u015fhur olmas\u0131n\u0131n sebebi kar\u015f\u0131l\u0131kl\u0131 olmas\u0131d\u0131r han\u0131mefendi, dedi. A\u015fk payla\u015f\u0131l\u0131rsa daha g\u00fczel, daha unutulmaz oluyor. Bu y\u00fczden Kerem kendi ba\u015f\u0131na pek bir anlam ifade etmez, kendi<span class=\"excerpt-hellip\"> [\u2026]<\/span><\/p>\n","protected":false},"featured_media":0,"template":"","meta":{"_monsterinsights_skip_tracking":false,"_monsterinsights_sitenote_active":false,"_monsterinsights_sitenote_note":"","_monsterinsights_sitenote_category":0},"product_brand":[],"product_cat":[12291,12711],"product_tag":[],"class_list":{"0":"post-719266","1":"product","2":"type-product","3":"status-publish","5":"product_cat-edebiyat","6":"product_cat-roman-oyku","7":"pa_cilt-ciltsiz","8":"pa_tur-kitap","9":"pa_yayinevi-luna-yayinlari","10":"pa_yazar-adnan-tasar","12":"first","13":"instock","14":"sale","15":"shipping-taxable","16":"purchasable","17":"product-type-simple"},"_links":{"self":[{"href":"https:\/\/roveyayinevi.com.tr\/index.php\/wp-json\/wp\/v2\/product\/719266","targetHints":{"allow":["GET"]}}],"collection":[{"href":"https:\/\/roveyayinevi.com.tr\/index.php\/wp-json\/wp\/v2\/product"}],"about":[{"href":"https:\/\/roveyayinevi.com.tr\/index.php\/wp-json\/wp\/v2\/types\/product"}],"wp:attachment":[{"href":"https:\/\/roveyayinevi.com.tr\/index.php\/wp-json\/wp\/v2\/media?parent=719266"}],"wp:term":[{"taxonomy":"product_brand","embeddable":true,"href":"https:\/\/roveyayinevi.com.tr\/index.php\/wp-json\/wp\/v2\/product_brand?post=719266"},{"taxonomy":"product_cat","embeddable":true,"href":"https:\/\/roveyayinevi.com.tr\/index.php\/wp-json\/wp\/v2\/product_cat?post=719266"},{"taxonomy":"product_tag","embeddable":true,"href":"https:\/\/roveyayinevi.com.tr\/index.php\/wp-json\/wp\/v2\/product_tag?post=719266"}],"curies":[{"name":"wp","href":"https:\/\/api.w.org\/{rel}","templated":true}]}}