{"id":719259,"date":"2025-08-27T18:19:55","date_gmt":"2025-08-27T15:19:55","guid":{"rendered":"https:\/\/roveyayinevi.com.tr\/index.php\/urun\/imkansiz-kale\/"},"modified":"2026-04-16T02:27:30","modified_gmt":"2026-04-15T23:27:30","slug":"imkansiz-kale","status":"publish","type":"product","link":"https:\/\/roveyayinevi.com.tr\/index.php\/urun\/imkansiz-kale\/","title":{"rendered":"\u0130mkans\u0131z Kale"},"content":{"rendered":"<p>2018 En \u0130yi Gen\u00e7 Yeti\u015fkin Roman\u0131 Dal\u0131nda Edgar \u00d6d\u00fcl\u00fc Adayl\u0131\u011f\u0131   \u0130lk a\u015fk\u0131n\u0131z\u0131 hat\u0131rl\u0131yor musunuz?   1987 y\u0131l\u0131n\u0131n en \u00fcnl\u00fc kad\u0131nlar\u0131ndan Vanna White\u2019\u0131n foto\u011fraflar\u0131 Playboy\u2019da yay\u0131mlan\u0131nca dergiyi sat\u0131n almaya ya\u015flar\u0131 yetmeyen Billy, Alf ve Clark ad\u0131ndaki \u00fc\u00e7 lise \u00f6\u011frencisi, Zelinsky\u2019nin d\u00fckk\u00e2n\u0131ndan dergiyi \u00e7almak i\u00e7in plan yaparlar.   D\u00fckk\u00e2na girmek i\u00e7in \u00e7at\u0131lardan ge\u00e7meleri, g\u00f6z\u00fc pek polis Tack\u2019\u0131 atlatmalar\u0131, tehlikeli k\u00f6pek Arnold Schwarzenegger\u2019e yakalanmamalar\u0131 ve d\u00fckk\u00e2n\u0131n alarm\u0131n\u0131 sessizce a\u015fmalar\u0131 gerekmektedir. Alarm\u0131n \u015fifresini \u00f6\u011frenmek i\u00e7in d\u00fckk\u00e2n sahibinin k\u0131z\u0131yla yak\u0131nla\u015f\u0131p onu kand\u0131rmay\u0131 planlarlar. Bu \u201c\u00f6zel g\u00f6rev\u201d i\u00e7in se\u00e7ilen bilgisayar \u00e2\u015f\u0131\u011f\u0131 Billy, Mary Zelinsky\u2019yle yak\u0131nla\u015f\u0131p onunla \u0130mk\u00e2ns\u0131z Kale adl\u0131 oyunu \u00fczerinde \u00e7al\u0131\u015fmaya ba\u015flay\u0131nca i\u015fler kontrolden \u00e7\u0131kmaya ba\u015flar. Basit bir h\u0131rs\u0131zl\u0131k plan\u0131 \u00fc\u00e7 gencin ba\u015flar\u0131na a\u00e7\u0131lmad\u0131k i\u015f b\u0131rakmaz.   \u0130mk\u00e2ns\u0131z Kale, seksenlerin bilgisayar ve video kaset \u00e7\u0131lg\u0131nl\u0131\u011f\u0131n\u0131 gen\u00e7lik s\u0131k\u0131nt\u0131lar\u0131yla harmanlayan, aksiyon dolu bir a\u015fk hik\u00e2yesi.   \u201cErnest Cline\u2019\u0131n Ba\u015flat\u2019\u0131n\u0131 sevenlerin bay\u0131laca\u011f\u0131 bir eser.\u201d  \u2013Seth Grahame-Smith, New York Times \u00e7oksatan\u0131 A\u015fk, Gurur ve Zombiler\u2019in yazar\u0131   \u201c\u0130mk\u00e2ns\u0131z Kale k\u0131smen bir a\u015fk \u00f6yk\u00fcs\u00fc, k\u0131smen bir b\u00fcy\u00fcme hik\u00e2yesi ve k\u0131smen de bir soygun filmi gibi. Arkada\u015fl\u0131k, a\u015fk ac\u0131s\u0131 ve bilgisayar oyunlar\u0131 hakk\u0131nda zekice yaz\u0131lm\u0131\u015f bir eser.\u201d \u2013Ben H. Winters, Edgar \u00f6d\u00fcll\u00fc K\u0131yamet Polisi \u00fc\u00e7lemesi ve Yeralt\u0131 Havayollar\u0131\u2019n\u0131n yazar\u0131   2018 En \u0130yi Gen\u00e7 Yeti\u015fkin Roman\u0131 Dal\u0131nda Edgar \u00d6d\u00fcl\u00fc Adayl\u0131\u011f\u0131   \u0130lk a\u015fk\u0131n\u0131z\u0131 hat\u0131rl\u0131yor musunuz?   1987 y\u0131l\u0131n\u0131n en \u00fcnl\u00fc kad\u0131nlar\u0131ndan Vanna White\u2019\u0131n foto\u011fraflar\u0131 Playboy\u2019da yay\u0131mlan\u0131nca dergiyi sat\u0131n almaya ya\u015flar\u0131 yetmeyen Billy, Alf ve Clark ad\u0131ndaki \u00fc\u00e7 lise \u00f6\u011frencisi, Zelinsky\u2019nin d\u00fckk\u00e2n\u0131ndan dergiyi \u00e7almak i\u00e7in plan yaparlar.   D\u00fckk\u00e2na girmek i\u00e7in \u00e7at\u0131lardan ge\u00e7meleri, g\u00f6z\u00fc pek polis Tack\u2019\u0131 atlatmalar\u0131, tehlikeli k\u00f6pek Arnold Schwarzenegger\u2019e yakalanmamalar\u0131 ve d\u00fckk\u00e2n\u0131n alarm\u0131n\u0131 sessizce a\u015fmalar\u0131 gerekmektedir. Alarm\u0131n \u015fifresini \u00f6\u011frenmek i\u00e7in d\u00fckk\u00e2n sahibinin k\u0131z\u0131yla yak\u0131nla\u015f\u0131p onu kand\u0131rmay\u0131 planlarlar. Bu \u201c\u00f6zel g\u00f6rev\u201d i\u00e7in se\u00e7ilen bilgisayar \u00e2\u015f\u0131\u011f\u0131 Billy, Mary Zelinsky\u2019yle yak\u0131nla\u015f\u0131p onunla \u0130mk\u00e2ns\u0131z Kale adl\u0131 oyunu \u00fczerinde \u00e7al\u0131\u015fmaya ba\u015flay\u0131nca i\u015fler kontrolden \u00e7\u0131kmaya ba\u015flar. Basit bir h\u0131rs\u0131zl\u0131k plan\u0131 \u00fc\u00e7 gencin ba\u015flar\u0131na a\u00e7\u0131lmad\u0131k i\u015f b\u0131rakmaz.   \u0130mk\u00e2ns\u0131z Kale, seksenlerin bilgisayar ve video kaset \u00e7\u0131lg\u0131nl\u0131\u011f\u0131n\u0131 gen\u00e7lik s\u0131k\u0131nt\u0131lar\u0131yla harmanlayan, aksiyon dolu bir a\u015fk hik\u00e2yesi.   \u201cErnest Cline\u2019\u0131n Ba\u015flat\u2019\u0131n\u0131 sevenlerin bay\u0131laca\u011f\u0131 bir eser.\u201d  \u2013Seth Grahame-Smith, New York Times \u00e7oksatan\u0131 A\u015fk, Gurur ve Zombiler\u2019in yazar\u0131   \u201c\u0130mk\u00e2ns\u0131z Kale k\u0131smen bir a\u015fk \u00f6yk\u00fcs\u00fc, k\u0131smen bir b\u00fcy\u00fcme hik\u00e2yesi ve k\u0131smen de bir soygun filmi gibi. Arkada\u015fl\u0131k, a\u015fk ac\u0131s\u0131 ve bilgisayar oyunlar\u0131 hakk\u0131nda zekice yaz\u0131lm\u0131\u015f bir eser.\u201d \u2013Ben H. Winters, Edgar \u00f6d\u00fcll\u00fc K\u0131yamet Polisi \u00fc\u00e7lemesi ve Yeralt\u0131 Havayollar\u0131\u2019n\u0131n yazar\u0131   <\/p>\n","protected":false},"excerpt":{"rendered":"<p>2018 En \u0130yi Gen\u00e7 Yeti\u015fkin Roman\u0131 Dal\u0131nda Edgar \u00d6d\u00fcl\u00fc Adayl\u0131\u011f\u0131 \u0130lk a\u015fk\u0131n\u0131z\u0131 hat\u0131rl\u0131yor musunuz? 1987 y\u0131l\u0131n\u0131n en \u00fcnl\u00fc kad\u0131nlar\u0131ndan Vanna White\u2019\u0131n foto\u011fraflar\u0131 Playboy\u2019da yay\u0131mlan\u0131nca dergiyi sat\u0131n<span class=\"excerpt-hellip\"> [\u2026]<\/span><\/p>\n","protected":false},"featured_media":0,"template":"","meta":{"_monsterinsights_skip_tracking":false,"_monsterinsights_sitenote_active":false,"_monsterinsights_sitenote_note":"","_monsterinsights_sitenote_category":0},"product_brand":[],"product_cat":[12291,12711],"product_tag":[],"class_list":{"0":"post-719259","1":"product","2":"type-product","3":"status-publish","5":"product_cat-edebiyat","6":"product_cat-roman-oyku","7":"pa_cilt-ciltsiz","8":"pa_tur-kitap","9":"pa_yayinevi-ithaki-yayinlari","10":"pa_yazar-jason-rekulak","12":"first","13":"instock","14":"sale","15":"shipping-taxable","16":"purchasable","17":"product-type-simple"},"_links":{"self":[{"href":"https:\/\/roveyayinevi.com.tr\/index.php\/wp-json\/wp\/v2\/product\/719259","targetHints":{"allow":["GET"]}}],"collection":[{"href":"https:\/\/roveyayinevi.com.tr\/index.php\/wp-json\/wp\/v2\/product"}],"about":[{"href":"https:\/\/roveyayinevi.com.tr\/index.php\/wp-json\/wp\/v2\/types\/product"}],"wp:attachment":[{"href":"https:\/\/roveyayinevi.com.tr\/index.php\/wp-json\/wp\/v2\/media?parent=719259"}],"wp:term":[{"taxonomy":"product_brand","embeddable":true,"href":"https:\/\/roveyayinevi.com.tr\/index.php\/wp-json\/wp\/v2\/product_brand?post=719259"},{"taxonomy":"product_cat","embeddable":true,"href":"https:\/\/roveyayinevi.com.tr\/index.php\/wp-json\/wp\/v2\/product_cat?post=719259"},{"taxonomy":"product_tag","embeddable":true,"href":"https:\/\/roveyayinevi.com.tr\/index.php\/wp-json\/wp\/v2\/product_tag?post=719259"}],"curies":[{"name":"wp","href":"https:\/\/api.w.org\/{rel}","templated":true}]}}