{"id":719253,"date":"2025-08-27T18:19:50","date_gmt":"2025-08-27T15:19:50","guid":{"rendered":"https:\/\/roveyayinevi.com.tr\/index.php\/urun\/turk-anayasalarinda-egemenlik-anlayisinin-donusumu\/"},"modified":"2026-04-16T02:27:30","modified_gmt":"2026-04-15T23:27:30","slug":"turk-anayasalarinda-egemenlik-anlayisinin-donusumu","status":"publish","type":"product","link":"https:\/\/roveyayinevi.com.tr\/index.php\/urun\/turk-anayasalarinda-egemenlik-anlayisinin-donusumu\/","title":{"rendered":"T\u00fcrk Anayasalar\u0131nda Egemenlik Anlay\u0131\u015f\u0131n\u0131n D\u00f6n\u00fc\u015f\u00fcm\u00fc"},"content":{"rendered":"<p>Alman anayasa hukuk\u00e7usu ve siyaset felsefecisi CarlSchmitt, &#8220;Modern devlet kuram\u0131n\u0131n b\u00fct\u00fcn \u00f6nemli kavramlar\u0131,d\u00fcnyevilestirilmis ilahiyat kavramlar\u0131d\u0131r.\u201d derkens\u0131radanl\u0131g\u0131 asan bir tespitte bulunmustur. \u00dclkemizde \u00f6ncesindeyasand\u0131g\u0131 gibi yak\u0131n tarihte de iki y\u0131ll\u0131k bir OHALd\u00f6nemi yasanm\u0131st\u0131r. Bu s\u00fcre.teki uygulamalar ve yasald\u00fczenlemeler iktidar\u0131n dili ile Tanr\u0131sall\u0131g\u0131n dili aras\u0131ndakibaga vurgu yapan Schmitt\u2019in &#8220;Egemen, olagan\u00fcst\u00fc halekarar verendir\u201d seklindeki \u00fcnl\u00fc s.z\u00fcn\u00fcn somutlasm\u0131s\u00f6rnegine sahitlik etmistir. Kitap, bu egemenlik anlay\u0131s\u0131n\u0131n T\u00fcrk Anayasalar\u0131ndakiseyrini sunmaktad\u0131r. Bu baglamda, Osmanl\u0131-T\u00fcrk Anayasalar\u0131ndah\u00e2kim olan egemenlik anlay\u0131s\u0131 veya anlay\u0131slar\u0131tart\u0131s\u0131lm\u0131s ve ge\u00e7en s\u00fcre zarf\u0131nda egemenlik anlay\u0131s\u0131nda birdegisim ve d.n\u00fcs\u00fcm yasan\u0131p yasanmad\u0131g\u0131 bu belgeler\u00fczerinden incelenmistir.<\/p>\n","protected":false},"excerpt":{"rendered":"<p>Alman anayasa hukuk\u00e7usu ve siyaset felsefecisi CarlSchmitt, &#8220;Modern devlet kuram\u0131n\u0131n b\u00fct\u00fcn \u00f6nemli kavramlar\u0131,d\u00fcnyevilestirilmis ilahiyat kavramlar\u0131d\u0131r.\u201d derkens\u0131radanl\u0131g\u0131 asan bir tespitte bulunmustur. \u00dclkemizde \u00f6ncesindeyasand\u0131g\u0131 gibi yak\u0131n tarihte de<span class=\"excerpt-hellip\"> [\u2026]<\/span><\/p>\n","protected":false},"featured_media":0,"template":"","meta":{"_monsterinsights_skip_tracking":false,"_monsterinsights_sitenote_active":false,"_monsterinsights_sitenote_note":"","_monsterinsights_sitenote_category":0},"product_brand":[],"product_cat":[15350,17602],"product_tag":[],"class_list":{"0":"post-719253","1":"product","2":"type-product","3":"status-publish","5":"product_cat-hukuk","6":"product_cat-hukuk-uzerine","7":"pa_cilt-ciltsiz","8":"pa_tur-kitap","9":"pa_yayinevi-astana-yayinlari","10":"pa_yazar-mehmet-ozdogan","12":"first","13":"instock","14":"sale","15":"shipping-taxable","16":"purchasable","17":"product-type-simple"},"_links":{"self":[{"href":"https:\/\/roveyayinevi.com.tr\/index.php\/wp-json\/wp\/v2\/product\/719253","targetHints":{"allow":["GET"]}}],"collection":[{"href":"https:\/\/roveyayinevi.com.tr\/index.php\/wp-json\/wp\/v2\/product"}],"about":[{"href":"https:\/\/roveyayinevi.com.tr\/index.php\/wp-json\/wp\/v2\/types\/product"}],"wp:attachment":[{"href":"https:\/\/roveyayinevi.com.tr\/index.php\/wp-json\/wp\/v2\/media?parent=719253"}],"wp:term":[{"taxonomy":"product_brand","embeddable":true,"href":"https:\/\/roveyayinevi.com.tr\/index.php\/wp-json\/wp\/v2\/product_brand?post=719253"},{"taxonomy":"product_cat","embeddable":true,"href":"https:\/\/roveyayinevi.com.tr\/index.php\/wp-json\/wp\/v2\/product_cat?post=719253"},{"taxonomy":"product_tag","embeddable":true,"href":"https:\/\/roveyayinevi.com.tr\/index.php\/wp-json\/wp\/v2\/product_tag?post=719253"}],"curies":[{"name":"wp","href":"https:\/\/api.w.org\/{rel}","templated":true}]}}