{"id":719251,"date":"2025-08-27T18:19:49","date_gmt":"2025-08-27T15:19:49","guid":{"rendered":"https:\/\/roveyayinevi.com.tr\/index.php\/urun\/dijital-olumsuzluk-ve-ruh\/"},"modified":"2026-04-16T02:27:30","modified_gmt":"2026-04-15T23:27:30","slug":"dijital-olumsuzluk-ve-ruh","status":"publish","type":"product","link":"https:\/\/roveyayinevi.com.tr\/index.php\/urun\/dijital-olumsuzluk-ve-ruh\/","title":{"rendered":"Dijital \u00d6l\u00fcms\u00fczl\u00fck ve Ruh"},"content":{"rendered":"<p>\u015eifreleri k\u0131rma, sembolleri anlamland\u0131rma, ipu\u00e7lar\u0131n\u0131 birle\u015ftirme kitab\u0131 bu. \u0130nsan\u0131n, en \u015ferefli mahlukat\u0131n kurtulu\u015fu i\u00e7in, yery\u00fcz\u00fc halifesinin &#8216;yeni dijital insan&#8217;a d\u00f6n\u00fc\u015fmemesi i\u00e7in bir \u00e7\u0131\u011fl\u0131k! Yoksa \u015feytan\u0131n insana secde etmedi\u011fi o andan itibaren ya\u015fananlar\u0131n metafizik \u00f6zeti mi?   Ahir zamanlarday\u0131z ve k\u00f6t\u00fcl\u00fck h\u0131zland\u0131. \u0130nsanl\u0131k onurumuz yepyeni tekno-silahlarla \u00f6rseleniyor: Yapay zeka, teknolojik tekillik, dijital \u00f6l\u00fcms\u00fczl\u00fck, nesnelerin interneti, kuantum bilgisayarlar, tanr\u0131 par\u00e7ac\u0131\u011f\u0131, nanoteknoloji&#8230; Duygular\u0131m\u0131z dahil t\u00fcm mahremiyetimizi &#8216;g\u00f6r\u00fcnmez&#8217; merkezlere veri olarak g\u00f6nderen ak\u0131ll\u0131 telefonlar\u0131m\u0131z&#8230; Ve dijital \u00e7a\u011f\u0131n enerjisiyle  &#8216;yarat\u0131lmaya&#8217; \u00e7al\u0131\u015f\u0131lan Kabala&#8217;daki Adam Kadmon t\u00fcrevi D\u00fcnya Kral\u0131 Metalik Mesih! Elinizdeki kitap alakas\u0131z gibi g\u00f6r\u00fcnen bu par\u00e7alanm\u0131\u015f bilgileri Kur&#8217;an-\u0131 Kerim rehberli\u011finde b\u00fct\u00fcnl\u00fcyor. \u015eeytan\u0131n son hamlelerini de\u015fifre ederken hepimize Cennet&#8217;i hat\u0131rlat\u0131yor. Ve se\u00e7imi size b\u0131rak\u0131yor: Huzurlu bir \u0130nsan-\u0131 Kamil mi olmak istersin yoksa elektrikle beslenen bir \u00f6l\u00fcms\u00fcz m\u00fc? <\/p>\n","protected":false},"excerpt":{"rendered":"<p>\u015eifreleri k\u0131rma, sembolleri anlamland\u0131rma, ipu\u00e7lar\u0131n\u0131 birle\u015ftirme kitab\u0131 bu. \u0130nsan\u0131n, en \u015ferefli mahlukat\u0131n kurtulu\u015fu i\u00e7in, yery\u00fcz\u00fc halifesinin &#8216;yeni dijital insan&#8217;a d\u00f6n\u00fc\u015fmemesi i\u00e7in bir \u00e7\u0131\u011fl\u0131k! Yoksa \u015feytan\u0131n insana<span class=\"excerpt-hellip\"> [\u2026]<\/span><\/p>\n","protected":false},"featured_media":0,"template":"","meta":{"_monsterinsights_skip_tracking":false,"_monsterinsights_sitenote_active":false,"_monsterinsights_sitenote_note":"","_monsterinsights_sitenote_category":0},"product_brand":[],"product_cat":[12718,12719],"product_tag":[],"class_list":{"0":"post-719251","1":"product","2":"type-product","3":"status-publish","5":"product_cat-din","6":"product_cat-islam","7":"pa_cilt-ciltsiz","8":"pa_tur-kitap","9":"pa_yayinevi-hayykitap","10":"pa_yazar-hayati-sir","12":"first","13":"instock","14":"sale","15":"shipping-taxable","16":"purchasable","17":"product-type-simple"},"_links":{"self":[{"href":"https:\/\/roveyayinevi.com.tr\/index.php\/wp-json\/wp\/v2\/product\/719251","targetHints":{"allow":["GET"]}}],"collection":[{"href":"https:\/\/roveyayinevi.com.tr\/index.php\/wp-json\/wp\/v2\/product"}],"about":[{"href":"https:\/\/roveyayinevi.com.tr\/index.php\/wp-json\/wp\/v2\/types\/product"}],"wp:attachment":[{"href":"https:\/\/roveyayinevi.com.tr\/index.php\/wp-json\/wp\/v2\/media?parent=719251"}],"wp:term":[{"taxonomy":"product_brand","embeddable":true,"href":"https:\/\/roveyayinevi.com.tr\/index.php\/wp-json\/wp\/v2\/product_brand?post=719251"},{"taxonomy":"product_cat","embeddable":true,"href":"https:\/\/roveyayinevi.com.tr\/index.php\/wp-json\/wp\/v2\/product_cat?post=719251"},{"taxonomy":"product_tag","embeddable":true,"href":"https:\/\/roveyayinevi.com.tr\/index.php\/wp-json\/wp\/v2\/product_tag?post=719251"}],"curies":[{"name":"wp","href":"https:\/\/api.w.org\/{rel}","templated":true}]}}