{"id":719250,"date":"2025-08-27T18:19:49","date_gmt":"2025-08-27T15:19:49","guid":{"rendered":"https:\/\/roveyayinevi.com.tr\/index.php\/urun\/ipek-yolunda-kervansaray-yolu\/"},"modified":"2025-11-21T05:27:20","modified_gmt":"2025-11-21T02:27:20","slug":"ipek-yolunda-kervansaray-yolu","status":"publish","type":"product","link":"https:\/\/roveyayinevi.com.tr\/index.php\/urun\/ipek-yolunda-kervansaray-yolu\/","title":{"rendered":"\u0130pek Yolu&#8217;nda Kervansaray Yolu"},"content":{"rendered":"<p>\u0130pek Yolu, eski \u00e7a\u011flarda toplumlar aras\u0131ndaki al\u0131\u015fveri\u015fin ve etkile\u015fimin sembol\u00fc olmu\u015ftur.  G\u00fcn\u00fcm\u00fcze \u00e7ok zengin bir k\u00fclt\u00fcr miras\u0131 b\u0131rakm\u0131\u015f, pek \u00e7ok devlet ve millet bu zengin mirastan pay alm\u0131\u015ft\u0131r. Bu milletlerin ba\u015f\u0131nda T\u00fcrkler gelmektedir. T\u00fcrkler tarih i\u00e7inde kurduklar\u0131 \u00e7ok say\u0131-da devlet ile \u0130pek Yolu\u2019nda \u00f6nemli roller \u00fcstlenmi\u015flerdir. T\u00fcrk tarihinin izlerini \u0130pek Yolu\u2019nda aramak ve bulmak m\u00fcmk\u00fcnd\u00fcr. Bu tarih i\u00e7inde ayn\u0131 zamanda medeniyet sembollerini ve k\u00fclt\u00fcr unsurlar\u0131n\u0131 bulabiliriz. Kervansaraylar bu sembol eserlerin ba\u015f\u0131nda gelir. Kervansaraylar Orta \u00c7a\u011f\u2019\u0131n be\u015f y\u0131ld\u0131zl\u0131 otelleri gibi de\u011ferlendirilir. \u00c7in\u2019in bat\u0131s\u0131ndan ba\u015flayarak T\u00fcrkistan co\u011frafyas\u0131ndan Roma diyar\u0131na uzanan kadim ticaret yolu d\u00fcnya ekonomisinin merkezidir. Bu merkez bir organizasyon sistemi i\u00e7inde y\u00f6netilmi\u015f ve kurumsal yap\u0131lar olu\u015fturulmu\u015ftur. Bu bak\u0131mdan \u0130pek Yolu sadece bir yol de\u011fil, bir sistemdir. Kervansaraylar bu sistemin en \u00f6nemli par\u00e7alar\u0131 aras\u0131ndad\u0131r. \u00dcretim veya ticaret yap\u0131lan \u015fehirler, pazarlar, t\u00fcccarlar, kervanlar ve kervan-saraylar sistemi tamamlar. Dolay\u0131s\u0131yla bug\u00fcn birer tarih\u00ee eser olarak kar\u015f\u0131m\u0131zda duran kervansa-raylar, mimari bir eser olman\u0131n \u00f6tesinde anlam ta\u015f\u0131makta ve muhte\u015fem birer sanat eseri olarak insan\u0131 b\u00fcy\u00fclemektedir. T\u00fcrkistan co\u011frafyas\u0131nda \u201cRibat\u201d ad\u0131 verilen kervansaraylar\u0131n g\u00fcn\u00fcm\u00fc-ze ula\u015fan en g\u00fczel \u00f6rnekleri Anadolu\u2019dad\u0131r. Do\u011fu Beyaz\u0131t &#8211; Denizli aras\u0131nda \u00f6nemli \u00f6rnekleri yer almaktad\u0131r. \u00d6zellikle Sel\u00e7uklu\u2019nun ticaret ve siyaset merkezi durumundaki iki \u015fehir aras\u0131nda h\u00e2l\u00e2 dikkat \u00e7ekmektedir. Bunun i\u00e7in Kayseri ve Konya ba\u011flant\u0131l\u0131 yol g\u00fczerg\u00e2h\u0131 dikkate de\u011fer nitelikte bir \u201cKervansaray Yolu\u201d g\u00f6r\u00fcn\u00fcm\u00fcndedir. Son y\u0131llarda Vak\u0131flar Genel M\u00fcd\u00fcrl\u00fc\u011f\u00fc taraf\u0131ndan onar\u0131larak hizmete sunulan bu yap\u0131lar ya\u015fayabilmek i\u00e7in ilgi beklemektedir. G\u00f6n\u00fcll\u00fc giri\u015fimciler, i\u015fletmeciler, turizmciler, e\u011fitimciler, \u00f6\u011frenciler bu ilgiyi f\u0131rsata \u00e7evirebilirler. Bu kitab\u0131n amac\u0131 budur. Kitaro\u2019ya, Lorena McKannet\u2019e, Katerine Branning\u2019e ilham veren bu miras hepimizi b\u00fcy\u00fcleyecek. Hafta sonun-da yolumuzu mutlaka buralara \u00e7evirecek, \u00f6\u011frencilerimizi mutlaka bu yolda gezdirmek, y\u00fcr\u00fctmek isteyece\u011fiz. Bu yol kendimizi, tarihimizi, k\u00fclt\u00fcr\u00fcm\u00fcz\u00fc tan\u0131man\u0131n bir vesilesi olacak. Bu kitap bir k\u0131lavuzdan \u00e7ok bir kap\u0131 i\u015flevi g\u00f6recek. Bu kap\u0131dan girenin ise yolculu\u011fu bitmeyecek\u2026 <\/p>\n","protected":false},"excerpt":{"rendered":"<p>\u0130pek Yolu, eski \u00e7a\u011flarda toplumlar aras\u0131ndaki al\u0131\u015fveri\u015fin ve etkile\u015fimin sembol\u00fc olmu\u015ftur. G\u00fcn\u00fcm\u00fcze \u00e7ok zengin bir k\u00fclt\u00fcr miras\u0131 b\u0131rakm\u0131\u015f, pek \u00e7ok devlet ve millet bu zengin mirastan<span class=\"excerpt-hellip\"> [\u2026]<\/span><\/p>\n","protected":false},"featured_media":0,"template":"","meta":{"_monsterinsights_skip_tracking":false,"_monsterinsights_sitenote_active":false,"_monsterinsights_sitenote_note":"","_monsterinsights_sitenote_category":0},"product_brand":[],"product_cat":[13054,40836],"product_tag":[],"class_list":{"0":"post-719250","1":"product","2":"type-product","3":"status-publish","5":"product_cat-gezi-ve-rehber-kitaplari","6":"product_cat-referans-kitaplar-gezi-ve-rehber-kitaplari","7":"pa_cilt-ciltsiz","8":"pa_tur-kitap","9":"pa_yayinevi-net-kitaplik-yayincilik","10":"pa_yazar-kolektif","12":"first","13":"instock","14":"sale","15":"shipping-taxable","16":"purchasable","17":"product-type-simple"},"_links":{"self":[{"href":"https:\/\/roveyayinevi.com.tr\/index.php\/wp-json\/wp\/v2\/product\/719250","targetHints":{"allow":["GET"]}}],"collection":[{"href":"https:\/\/roveyayinevi.com.tr\/index.php\/wp-json\/wp\/v2\/product"}],"about":[{"href":"https:\/\/roveyayinevi.com.tr\/index.php\/wp-json\/wp\/v2\/types\/product"}],"wp:attachment":[{"href":"https:\/\/roveyayinevi.com.tr\/index.php\/wp-json\/wp\/v2\/media?parent=719250"}],"wp:term":[{"taxonomy":"product_brand","embeddable":true,"href":"https:\/\/roveyayinevi.com.tr\/index.php\/wp-json\/wp\/v2\/product_brand?post=719250"},{"taxonomy":"product_cat","embeddable":true,"href":"https:\/\/roveyayinevi.com.tr\/index.php\/wp-json\/wp\/v2\/product_cat?post=719250"},{"taxonomy":"product_tag","embeddable":true,"href":"https:\/\/roveyayinevi.com.tr\/index.php\/wp-json\/wp\/v2\/product_tag?post=719250"}],"curies":[{"name":"wp","href":"https:\/\/api.w.org\/{rel}","templated":true}]}}