{"id":719248,"date":"2025-08-27T18:19:47","date_gmt":"2025-08-27T15:19:47","guid":{"rendered":"https:\/\/roveyayinevi.com.tr\/index.php\/urun\/etik-101\/"},"modified":"2026-04-16T02:27:30","modified_gmt":"2026-04-15T23:27:30","slug":"etik-101","status":"publish","type":"product","link":"https:\/\/roveyayinevi.com.tr\/index.php\/urun\/etik-101\/","title":{"rendered":"Etik 101"},"content":{"rendered":"<p>Eti\u011fe dair ki\u015fisel ve ku\u0308ltu\u0308rel kodlar\u0131m\u0131z sadece do\u011frular ve yanl\u0131\u015flar hakk\u0131ndaki g\u00f6ru\u0308\u015flerimizi etkilemekle kalmaz, ayn\u0131 zamanda kim oldu\u011fumuzu ve verdi\u011fimiz kararlar\u0131 da bu\u0308yu\u0308k \u00f6l\u00e7u\u0308de belirler. Buna ra\u011fmen etik, \u00e7o\u011funlukla felsefe kitaplar\u0131nda alt ba\u015fl\u0131k olarak ve b\u00f6ylesine kapsaml\u0131 bir alan\u0131n s\u0131\u011fd\u0131r\u0131lamayaca\u011f\u0131 kadar k\u0131sa b\u00f6lu\u0308mlerle ele al\u0131n\u0131r.   Etik 101 ise bu kapsaml\u0131 alan\u0131n hakk\u0131n\u0131 verircesine antic Yunan\u2019dan modern zamanlara, hazc\u0131l\u0131ktan altruizme ve Epikuros\u2019tan Nietzsche\u2019ye kadar eti\u011fi tu\u0308m y\u00f6nleriyle ele al\u0131yor. \u0130nsanl\u0131\u011f\u0131n bu\u0308tu\u0308n ahlaki ilkeleri ve etik yolculu\u011fuyla ilgili her sorunun cevab\u0131 Etik 101\u2019de. <\/p>\n","protected":false},"excerpt":{"rendered":"<p>Eti\u011fe dair ki\u015fisel ve ku\u0308ltu\u0308rel kodlar\u0131m\u0131z sadece do\u011frular ve yanl\u0131\u015flar hakk\u0131ndaki g\u00f6ru\u0308\u015flerimizi etkilemekle kalmaz, ayn\u0131 zamanda kim oldu\u011fumuzu ve verdi\u011fimiz kararlar\u0131 da bu\u0308yu\u0308k \u00f6l\u00e7u\u0308de belirler. Buna<span class=\"excerpt-hellip\"> [\u2026]<\/span><\/p>\n","protected":false},"featured_media":0,"template":"","meta":{"_monsterinsights_skip_tracking":false,"_monsterinsights_sitenote_active":false,"_monsterinsights_sitenote_note":"","_monsterinsights_sitenote_category":0},"product_brand":[],"product_cat":[15319,12388],"product_tag":[],"class_list":{"0":"post-719248","1":"product","2":"type-product","3":"status-publish","5":"product_cat-etik","6":"product_cat-felsefe","7":"pa_cilt-ciltsiz","8":"pa_tur-kitap","9":"pa_yayinevi-say-yayinlari","10":"pa_yazar-brian-boone","12":"first","13":"instock","14":"sale","15":"shipping-taxable","16":"purchasable","17":"product-type-simple"},"_links":{"self":[{"href":"https:\/\/roveyayinevi.com.tr\/index.php\/wp-json\/wp\/v2\/product\/719248","targetHints":{"allow":["GET"]}}],"collection":[{"href":"https:\/\/roveyayinevi.com.tr\/index.php\/wp-json\/wp\/v2\/product"}],"about":[{"href":"https:\/\/roveyayinevi.com.tr\/index.php\/wp-json\/wp\/v2\/types\/product"}],"wp:attachment":[{"href":"https:\/\/roveyayinevi.com.tr\/index.php\/wp-json\/wp\/v2\/media?parent=719248"}],"wp:term":[{"taxonomy":"product_brand","embeddable":true,"href":"https:\/\/roveyayinevi.com.tr\/index.php\/wp-json\/wp\/v2\/product_brand?post=719248"},{"taxonomy":"product_cat","embeddable":true,"href":"https:\/\/roveyayinevi.com.tr\/index.php\/wp-json\/wp\/v2\/product_cat?post=719248"},{"taxonomy":"product_tag","embeddable":true,"href":"https:\/\/roveyayinevi.com.tr\/index.php\/wp-json\/wp\/v2\/product_tag?post=719248"}],"curies":[{"name":"wp","href":"https:\/\/api.w.org\/{rel}","templated":true}]}}