{"id":719242,"date":"2025-08-27T18:19:43","date_gmt":"2025-08-27T15:19:43","guid":{"rendered":"https:\/\/roveyayinevi.com.tr\/index.php\/urun\/bebekler-icin-uykudan-once-yavru-hayvan-oykuleri\/"},"modified":"2025-11-06T05:24:51","modified_gmt":"2025-11-06T02:24:51","slug":"bebekler-icin-uykudan-once-yavru-hayvan-oykuleri","status":"publish","type":"product","link":"https:\/\/roveyayinevi.com.tr\/index.php\/urun\/bebekler-icin-uykudan-once-yavru-hayvan-oykuleri\/","title":{"rendered":"Bebekler \u0130\u00e7in Uykudan \u00d6nce Yavru Hayvan \u00d6yk\u00fcleri"},"content":{"rendered":"<p>Birbirinden g\u00fczel \u00fc\u00e7 yavru hayvan \u00f6yk\u00fcs\u00fc bebeklerle bulu\u015fuyor! Bebek \u00d6yk\u00fcleri serisinde yer alan s\u0131cac\u0131k \u00f6yk\u00fcler minikleri bekliyor. <\/p>\n","protected":false},"excerpt":{"rendered":"<p>Birbirinden g\u00fczel \u00fc\u00e7 yavru hayvan \u00f6yk\u00fcs\u00fc bebeklerle bulu\u015fuyor! Bebek \u00d6yk\u00fcleri serisinde yer alan s\u0131cac\u0131k \u00f6yk\u00fcler minikleri bekliyor.<\/p>\n","protected":false},"featured_media":0,"template":"","meta":{"_monsterinsights_skip_tracking":false,"_monsterinsights_sitenote_active":false,"_monsterinsights_sitenote_note":"","_monsterinsights_sitenote_category":0},"product_brand":[],"product_cat":[15192,12274],"product_tag":[],"class_list":{"0":"post-719242","1":"product","2":"type-product","3":"status-publish","5":"product_cat-1-3-yas-kitaplari","6":"product_cat-cocuk-ve-genclik-kitaplari","7":"pa_cilt-ciltsiz","8":"pa_tur-kitap","9":"pa_yayinevi-1001-cicek-kitaplar","10":"pa_yazar-ghislaine-biondi","12":"first","13":"instock","14":"sale","15":"shipping-taxable","16":"purchasable","17":"product-type-simple"},"_links":{"self":[{"href":"https:\/\/roveyayinevi.com.tr\/index.php\/wp-json\/wp\/v2\/product\/719242","targetHints":{"allow":["GET"]}}],"collection":[{"href":"https:\/\/roveyayinevi.com.tr\/index.php\/wp-json\/wp\/v2\/product"}],"about":[{"href":"https:\/\/roveyayinevi.com.tr\/index.php\/wp-json\/wp\/v2\/types\/product"}],"wp:attachment":[{"href":"https:\/\/roveyayinevi.com.tr\/index.php\/wp-json\/wp\/v2\/media?parent=719242"}],"wp:term":[{"taxonomy":"product_brand","embeddable":true,"href":"https:\/\/roveyayinevi.com.tr\/index.php\/wp-json\/wp\/v2\/product_brand?post=719242"},{"taxonomy":"product_cat","embeddable":true,"href":"https:\/\/roveyayinevi.com.tr\/index.php\/wp-json\/wp\/v2\/product_cat?post=719242"},{"taxonomy":"product_tag","embeddable":true,"href":"https:\/\/roveyayinevi.com.tr\/index.php\/wp-json\/wp\/v2\/product_tag?post=719242"}],"curies":[{"name":"wp","href":"https:\/\/api.w.org\/{rel}","templated":true}]}}