{"id":719236,"date":"2025-08-27T18:19:39","date_gmt":"2025-08-27T15:19:39","guid":{"rendered":"https:\/\/roveyayinevi.com.tr\/index.php\/urun\/beden-dismorfik-bozuklugu-calisma-kitabi\/"},"modified":"2026-04-16T02:27:30","modified_gmt":"2026-04-15T23:27:30","slug":"beden-dismorfik-bozuklugu-calisma-kitabi","status":"publish","type":"product","link":"https:\/\/roveyayinevi.com.tr\/index.php\/urun\/beden-dismorfik-bozuklugu-calisma-kitabi\/","title":{"rendered":"Beden Dismorfik Bozuklu\u011fu \u00c7al\u0131\u015fma Kitab\u0131"},"content":{"rendered":"<p>Beden Dismorfik Bozuklu\u011funun \u00dcstesinden Gelin ve Beden G\u00f6r\u00fcnt\u00fcn\u00fcz ile \u0130lgili Tak\u0131nt\u0131lar\u0131n\u0131z\u0131 Sonland\u0131r\u0131nBeden Dismorfik Bozuklu\u011fundan (BDB) yak\u0131n\u0131yorsan\u0131z, BDB \u00c7al\u0131\u015fma Kitab\u0131\u2019ndan yararlanabilirsiniz.Beden g\u00f6r\u00fcn\u00fcm\u00fcn\u00fczde alg\u0131lad\u0131\u011f\u0131n\u0131z kusurlarla ilgili b\u00fcnyenizi zay\u0131f d\u00fc\u015f\u00fcren tak\u0131nt\u0131lar\u0131n\u0131z\u0131n \u00fcstesinden gelin.Dengeli bir beden g\u00f6r\u00fcn\u00fcm\u00fc alg\u0131s\u0131 olu\u015fturun.\u00d6zg\u00fcveninizi g\u00fc\u00e7lendirin.<\/p>\n","protected":false},"excerpt":{"rendered":"<p>Beden Dismorfik Bozuklu\u011funun \u00dcstesinden Gelin ve Beden G\u00f6r\u00fcnt\u00fcn\u00fcz ile \u0130lgili Tak\u0131nt\u0131lar\u0131n\u0131z\u0131 Sonland\u0131r\u0131nBeden Dismorfik Bozuklu\u011fundan (BDB) yak\u0131n\u0131yorsan\u0131z, BDB \u00c7al\u0131\u015fma Kitab\u0131\u2019ndan yararlanabilirsiniz.Beden g\u00f6r\u00fcn\u00fcm\u00fcn\u00fczde alg\u0131lad\u0131\u011f\u0131n\u0131z kusurlarla ilgili b\u00fcnyenizi zay\u0131f<span class=\"excerpt-hellip\"> [\u2026]<\/span><\/p>\n","protected":false},"featured_media":0,"template":"","meta":{"_monsterinsights_skip_tracking":false,"_monsterinsights_sitenote_active":false,"_monsterinsights_sitenote_note":"","_monsterinsights_sitenote_category":0},"product_brand":[],"product_cat":[14787,13488],"product_tag":[],"class_list":{"0":"post-719236","1":"product","2":"type-product","3":"status-publish","5":"product_cat-diger-toplum-ve-insan","6":"product_cat-toplum-ve-insan","7":"pa_cilt-ciltsiz","8":"pa_tur-kitap","9":"pa_yayinevi-psikonet-yayinlari","10":"pa_yazar-kolektif","12":"first","13":"instock","14":"sale","15":"shipping-taxable","16":"purchasable","17":"product-type-simple"},"_links":{"self":[{"href":"https:\/\/roveyayinevi.com.tr\/index.php\/wp-json\/wp\/v2\/product\/719236","targetHints":{"allow":["GET"]}}],"collection":[{"href":"https:\/\/roveyayinevi.com.tr\/index.php\/wp-json\/wp\/v2\/product"}],"about":[{"href":"https:\/\/roveyayinevi.com.tr\/index.php\/wp-json\/wp\/v2\/types\/product"}],"wp:attachment":[{"href":"https:\/\/roveyayinevi.com.tr\/index.php\/wp-json\/wp\/v2\/media?parent=719236"}],"wp:term":[{"taxonomy":"product_brand","embeddable":true,"href":"https:\/\/roveyayinevi.com.tr\/index.php\/wp-json\/wp\/v2\/product_brand?post=719236"},{"taxonomy":"product_cat","embeddable":true,"href":"https:\/\/roveyayinevi.com.tr\/index.php\/wp-json\/wp\/v2\/product_cat?post=719236"},{"taxonomy":"product_tag","embeddable":true,"href":"https:\/\/roveyayinevi.com.tr\/index.php\/wp-json\/wp\/v2\/product_tag?post=719236"}],"curies":[{"name":"wp","href":"https:\/\/api.w.org\/{rel}","templated":true}]}}