{"id":719235,"date":"2025-08-27T18:19:38","date_gmt":"2025-08-27T15:19:38","guid":{"rendered":"https:\/\/roveyayinevi.com.tr\/index.php\/urun\/aynadaki-yuzler\/"},"modified":"2026-04-16T02:27:30","modified_gmt":"2026-04-15T23:27:30","slug":"aynadaki-yuzler","status":"publish","type":"product","link":"https:\/\/roveyayinevi.com.tr\/index.php\/urun\/aynadaki-yuzler\/","title":{"rendered":"Aynadaki Y\u00fczler"},"content":{"rendered":"<p>Bu kitapta, yak\u0131n tarihimizde ve g\u00fcn\u00fcm\u00fczde ya\u015fad\u0131\u011f\u0131m\u0131z ilgin\u00e7 olaylar gazeteci g\u00f6z\u00fcyle ele al\u0131n\u0131yor. Bunlar\u0131n i\u00e7inde \u00f6v\u00fcn\u00e7 kayna\u011f\u0131 ba\u015far\u0131lar var&#8230; ak\u0131l almaz ihanetler var&#8230; h\u00fcz\u00fcn verici, d\u00fc\u015f\u00fcnd\u00fcr\u00fcc\u00fc dramlar da var.Yurdunu d\u00fc\u015fmanlara b\u0131rak\u0131p ka\u00e7an padi\u015fahDo\u011fu Anadolu\u2019da b\u00fcy\u00fck isyan\u2026 Kumara tutsak \u00fcnl\u00fc \u015fair\u2026 Y\u0131lmayan sava\u015f\u00e7\u0131 kad\u0131n: Sabiha Sertel\u2026 Organ naklini T\u00fcrkiye\u2019de ba\u015flatan Prof. Mehmet Haberal\u2026 Yaz\u0131lan\u0131 okuyamayan Ba\u015fbakan\u2026Demirel\u2019den Ko\u00e7aryan\u2019a tarihi ders\u2026T\u00fcrkiye\u2019de opera sanat\u00e7\u0131s\u0131 olman\u0131n talihsizli\u011fi\u2026Kimini gurur duyarak kimini de ibretle okuyacaks\u0131n\u0131z.<\/p>\n","protected":false},"excerpt":{"rendered":"<p>Bu kitapta, yak\u0131n tarihimizde ve g\u00fcn\u00fcm\u00fczde ya\u015fad\u0131\u011f\u0131m\u0131z ilgin\u00e7 olaylar gazeteci g\u00f6z\u00fcyle ele al\u0131n\u0131yor. Bunlar\u0131n i\u00e7inde \u00f6v\u00fcn\u00e7 kayna\u011f\u0131 ba\u015far\u0131lar var&#8230; ak\u0131l almaz ihanetler var&#8230; h\u00fcz\u00fcn verici, d\u00fc\u015f\u00fcnd\u00fcr\u00fcc\u00fc<span class=\"excerpt-hellip\"> [\u2026]<\/span><\/p>\n","protected":false},"featured_media":0,"template":"","meta":{"_monsterinsights_skip_tracking":false,"_monsterinsights_sitenote_active":false,"_monsterinsights_sitenote_note":"","_monsterinsights_sitenote_category":0},"product_brand":[],"product_cat":[12370,12304],"product_tag":[],"class_list":{"0":"post-719235","1":"product","2":"type-product","3":"status-publish","5":"product_cat-arastirma-inceleme","6":"product_cat-tarih","7":"pa_cilt-ciltsiz","8":"pa_tur-kitap","9":"pa_yayinevi-remzi-kitabevi","10":"pa_yazar-tufan-turenc","12":"first","13":"instock","14":"sale","15":"shipping-taxable","16":"purchasable","17":"product-type-simple"},"_links":{"self":[{"href":"https:\/\/roveyayinevi.com.tr\/index.php\/wp-json\/wp\/v2\/product\/719235","targetHints":{"allow":["GET"]}}],"collection":[{"href":"https:\/\/roveyayinevi.com.tr\/index.php\/wp-json\/wp\/v2\/product"}],"about":[{"href":"https:\/\/roveyayinevi.com.tr\/index.php\/wp-json\/wp\/v2\/types\/product"}],"wp:attachment":[{"href":"https:\/\/roveyayinevi.com.tr\/index.php\/wp-json\/wp\/v2\/media?parent=719235"}],"wp:term":[{"taxonomy":"product_brand","embeddable":true,"href":"https:\/\/roveyayinevi.com.tr\/index.php\/wp-json\/wp\/v2\/product_brand?post=719235"},{"taxonomy":"product_cat","embeddable":true,"href":"https:\/\/roveyayinevi.com.tr\/index.php\/wp-json\/wp\/v2\/product_cat?post=719235"},{"taxonomy":"product_tag","embeddable":true,"href":"https:\/\/roveyayinevi.com.tr\/index.php\/wp-json\/wp\/v2\/product_tag?post=719235"}],"curies":[{"name":"wp","href":"https:\/\/api.w.org\/{rel}","templated":true}]}}