{"id":719234,"date":"2025-08-27T18:19:37","date_gmt":"2025-08-27T15:19:37","guid":{"rendered":"https:\/\/roveyayinevi.com.tr\/index.php\/urun\/turkiyede-nufus\/"},"modified":"2026-04-16T02:27:29","modified_gmt":"2026-04-15T23:27:29","slug":"turkiyede-nufus","status":"publish","type":"product","link":"https:\/\/roveyayinevi.com.tr\/index.php\/urun\/turkiyede-nufus\/","title":{"rendered":"T\u00fcrkiye&#8217;de N\u00fcfus"},"content":{"rendered":"<p>Bu \u00e7al\u0131\u015fma, T\u00fcrkiye n\u00fcfusunun mevcut demografik yap\u0131s\u0131 ve sosyo-ekonomik \u00f6zelikleri ile bu yap\u0131da meydana gelen de\u011fi\u015fimleri anlatmay\u0131 konu almaktad\u0131r. Bu \u00e7al\u0131\u015fman\u0131n temel amac\u0131 T\u00fcrkiye\u2019nin n\u00fcfus yap\u0131s\u0131n\u0131, bu yap\u0131ya etki eden fakt\u00f6rleri ana hatlar\u0131yla bu alanda uzman olmayan ki\u015filerin de anlamas\u0131n\u0131 sa\u011flayacak ve ilgisini \u00e7ekecek d\u00fczeyde anlatmakt\u0131r. Yazar\u2019\u0131n 2012 y\u0131l\u0131 Ekim ay\u0131ndan beri Daire Ba\u015fkanl\u0131\u011f\u0131 g\u00f6revini y\u00fcr\u00fctt\u00fc\u011f\u00fc T\u00fcrkiye \u0130statistik Kurumu Demografi \u0130statistikleri Daire Ba\u015fkanl\u0131\u011f\u0131n\u0131n \u00fcretti\u011fi istatistiklerin, okuyucunun istifadesine y\u00f6nelik olarak olabildi\u011fince anla\u015f\u0131labilir ve yorumlanabilir d\u00fczeye getirilmeye \u00e7al\u0131\u015f\u0131lmas\u0131, d\u00fczenlenmesi ve yorumlanmas\u0131 y\u00f6ntemiyle ortaya \u00e7\u0131km\u0131\u015ft\u0131r.   <\/p>\n","protected":false},"excerpt":{"rendered":"<p>Bu \u00e7al\u0131\u015fma, T\u00fcrkiye n\u00fcfusunun mevcut demografik yap\u0131s\u0131 ve sosyo-ekonomik \u00f6zelikleri ile bu yap\u0131da meydana gelen de\u011fi\u015fimleri anlatmay\u0131 konu almaktad\u0131r. Bu \u00e7al\u0131\u015fman\u0131n temel amac\u0131 T\u00fcrkiye\u2019nin n\u00fcfus yap\u0131s\u0131n\u0131,<span class=\"excerpt-hellip\"> [\u2026]<\/span><\/p>\n","protected":false},"featured_media":0,"template":"","meta":{"_monsterinsights_skip_tracking":false,"_monsterinsights_sitenote_active":false,"_monsterinsights_sitenote_note":"","_monsterinsights_sitenote_category":0},"product_brand":[],"product_cat":[13059,12337],"product_tag":[],"class_list":{"0":"post-719234","1":"product","2":"type-product","3":"status-publish","5":"product_cat-diger-politika-siyaset","6":"product_cat-politika-siyaset","7":"pa_cilt-ciltsiz","8":"pa_tur-kitap","9":"pa_yayinevi-tiav","10":"pa_yazar-sebnem-mese-canpolat","12":"first","13":"instock","14":"sale","15":"shipping-taxable","16":"purchasable","17":"product-type-simple"},"_links":{"self":[{"href":"https:\/\/roveyayinevi.com.tr\/index.php\/wp-json\/wp\/v2\/product\/719234","targetHints":{"allow":["GET"]}}],"collection":[{"href":"https:\/\/roveyayinevi.com.tr\/index.php\/wp-json\/wp\/v2\/product"}],"about":[{"href":"https:\/\/roveyayinevi.com.tr\/index.php\/wp-json\/wp\/v2\/types\/product"}],"wp:attachment":[{"href":"https:\/\/roveyayinevi.com.tr\/index.php\/wp-json\/wp\/v2\/media?parent=719234"}],"wp:term":[{"taxonomy":"product_brand","embeddable":true,"href":"https:\/\/roveyayinevi.com.tr\/index.php\/wp-json\/wp\/v2\/product_brand?post=719234"},{"taxonomy":"product_cat","embeddable":true,"href":"https:\/\/roveyayinevi.com.tr\/index.php\/wp-json\/wp\/v2\/product_cat?post=719234"},{"taxonomy":"product_tag","embeddable":true,"href":"https:\/\/roveyayinevi.com.tr\/index.php\/wp-json\/wp\/v2\/product_tag?post=719234"}],"curies":[{"name":"wp","href":"https:\/\/api.w.org\/{rel}","templated":true}]}}