{"id":719233,"date":"2025-08-27T18:19:37","date_gmt":"2025-08-27T15:19:37","guid":{"rendered":"https:\/\/roveyayinevi.com.tr\/index.php\/urun\/turkiye-ve-komsu-ulkelerde-yonetim\/"},"modified":"2026-04-16T02:27:29","modified_gmt":"2026-04-15T23:27:29","slug":"turkiye-ve-komsu-ulkelerde-yonetim","status":"publish","type":"product","link":"https:\/\/roveyayinevi.com.tr\/index.php\/urun\/turkiye-ve-komsu-ulkelerde-yonetim\/","title":{"rendered":"T\u00fcrkiye ve Kom\u015fu \u00dclkelerde Y\u00f6netim"},"content":{"rendered":"<p>T\u00fcrkiye ve Kom\u015fu \u00dclkelerde Y\u00f6netim, ba\u015fl\u0131\u011f\u0131n\u0131 ta\u015f\u0131yan bu \u00e7al\u0131\u015fma T\u00fcrkiye\u2019yi ve kom\u015fu \u00fclkelerdeki y\u00f6netim yap\u0131s\u0131n\u0131 (devleti) ele almaktad\u0131r. Genelde, T\u00fcrkiye ve yak\u0131n co\u011frafyas\u0131nda bulunan \u00fclkelerin tarihlerini, toplumsal ve ekonomik yap\u0131lar\u0131n\u0131, y\u00f6netim sistemlerini, T\u00fcrkiye ile ili\u015fkilerini; \u00f6zelde ise \u0130\u00e7i\u015fleri Bakanl\u0131\u011f\u0131, i\u00e7 g\u00fcvenlik ve s\u0131n\u0131r y\u00f6netimine ili\u015fkin te\u015fkilatlanmalar\u0131n\u0131 incelemeyi ama\u00e7lamaktad\u0131r. Bu ama\u00e7 do\u011frultusunda ara\u015ft\u0131rma yap\u0131l\u0131rken literat\u00fcr taramas\u0131 yan\u0131 s\u0131ra, D\u0131\u015fi\u015fleri Bakanl\u0131\u011f\u0131\u2019ndan da destek al\u0131nm\u0131\u015ft\u0131r. \u00d6rt\u00fck bi\u00e7imde T\u00fcrkiye ile kar\u015f\u0131la\u015ft\u0131rma yap\u0131lmas\u0131 \u00fczerine kurgulanan bu \u00e7al\u0131\u015fmada, T\u00fcrkiye merkezli bir yakla\u015f\u0131m benimsenmi\u015ftir. T\u00fcrkiye odakl\u0131 bu \u00e7al\u0131\u015fmada, ilk s\u0131rada T\u00fcrkiye\u2019ye yer verilmi\u015ftir. \u0130kinci s\u0131rada ise T\u00fcrkiye\u2019nin kuzeyinde bulunan Rusya yer alm\u0131\u015ft\u0131r. Daha sonra saat y\u00f6n\u00fcnde s\u0131ras\u0131yla G\u00fcrcistan, Ermenistan, Azerbaycan, \u0130ran, Irak, Kuzey K\u0131br\u0131s T\u00fcrk Cumhuriyeti, Yunanistan, Bulgaristan, Romanya ve Ukrayna \u00fclke incelemeleri yer bulmu\u015ftur. Bu \u00e7al\u0131\u015fmada toplam 12 \u00fclkenin y\u00f6netim sistemi incelenmi\u015ftir. Suriye\u2019de 2011 y\u0131l\u0131nda ba\u015flayan y\u00f6netim krizinin ve vek\u00e2let sava\u015flar\u0131n\u0131n devam ediyor olmas\u0131 nedeniyle, \u00e7al\u0131\u015fman\u0131n kapsam\u0131 d\u0131\u015f\u0131nda b\u0131rak\u0131lm\u0131\u015ft\u0131r<\/p>\n","protected":false},"excerpt":{"rendered":"<p>T\u00fcrkiye ve Kom\u015fu \u00dclkelerde Y\u00f6netim, ba\u015fl\u0131\u011f\u0131n\u0131 ta\u015f\u0131yan bu \u00e7al\u0131\u015fma T\u00fcrkiye\u2019yi ve kom\u015fu \u00fclkelerdeki y\u00f6netim yap\u0131s\u0131n\u0131 (devleti) ele almaktad\u0131r. Genelde, T\u00fcrkiye ve yak\u0131n co\u011frafyas\u0131nda bulunan \u00fclkelerin tarihlerini,<span class=\"excerpt-hellip\"> [\u2026]<\/span><\/p>\n","protected":false},"featured_media":0,"template":"","meta":{"_monsterinsights_skip_tracking":false,"_monsterinsights_sitenote_active":false,"_monsterinsights_sitenote_note":"","_monsterinsights_sitenote_category":0},"product_brand":[],"product_cat":[13059,12337],"product_tag":[],"class_list":{"0":"post-719233","1":"product","2":"type-product","3":"status-publish","5":"product_cat-diger-politika-siyaset","6":"product_cat-politika-siyaset","7":"pa_cilt-ciltli","8":"pa_tur-kitap","9":"pa_yayinevi-tiav","10":"pa_yazar-selim-capar-mustafa-yayla","12":"first","13":"instock","14":"sale","15":"shipping-taxable","16":"purchasable","17":"product-type-simple"},"_links":{"self":[{"href":"https:\/\/roveyayinevi.com.tr\/index.php\/wp-json\/wp\/v2\/product\/719233","targetHints":{"allow":["GET"]}}],"collection":[{"href":"https:\/\/roveyayinevi.com.tr\/index.php\/wp-json\/wp\/v2\/product"}],"about":[{"href":"https:\/\/roveyayinevi.com.tr\/index.php\/wp-json\/wp\/v2\/types\/product"}],"wp:attachment":[{"href":"https:\/\/roveyayinevi.com.tr\/index.php\/wp-json\/wp\/v2\/media?parent=719233"}],"wp:term":[{"taxonomy":"product_brand","embeddable":true,"href":"https:\/\/roveyayinevi.com.tr\/index.php\/wp-json\/wp\/v2\/product_brand?post=719233"},{"taxonomy":"product_cat","embeddable":true,"href":"https:\/\/roveyayinevi.com.tr\/index.php\/wp-json\/wp\/v2\/product_cat?post=719233"},{"taxonomy":"product_tag","embeddable":true,"href":"https:\/\/roveyayinevi.com.tr\/index.php\/wp-json\/wp\/v2\/product_tag?post=719233"}],"curies":[{"name":"wp","href":"https:\/\/api.w.org\/{rel}","templated":true}]}}