{"id":719231,"date":"2025-08-27T18:19:35","date_gmt":"2025-08-27T15:19:35","guid":{"rendered":"https:\/\/roveyayinevi.com.tr\/index.php\/urun\/istanbulun-pagan-cagi\/"},"modified":"2026-04-16T02:27:29","modified_gmt":"2026-04-15T23:27:29","slug":"istanbulun-pagan-cagi","status":"publish","type":"product","link":"https:\/\/roveyayinevi.com.tr\/index.php\/urun\/istanbulun-pagan-cagi\/","title":{"rendered":"\u0130stanbul\u2019un Pagan \u00c7a\u011f\u0131"},"content":{"rendered":"<p>Marmaray kaz\u0131lar\u0131yla zenginle\u015fen tarihi buluntular, \u00e7ok farkl\u0131 bir \u0130stanbul tarihini \u00e7\u0131kar\u0131yor g\u00fcn \u0131\u015f\u0131\u011f\u0131na&#8230; Bu kez ilk \u00e7a\u011flara kadar geri d\u00f6nebiliyoruz&#8230; Kaz\u0131larda hangi eserlere ula\u015f\u0131ld\u0131, hangileri topra\u011f\u0131n derinliklerine \u00fcstelik sonsuza dek terk edildi? \u0130stanbul\u2019un pagan \u00e7a\u011f\u0131nda neler ya\u015fand\u0131? Bu kadim \u015fehrin kurulu\u015f efsanesini dinlemeye haz\u0131r olun&#8230;   Bir \u015fehrin kurulu\u015fundaki tanr\u0131sall\u0131k ya da ola\u011fan\u00fcst\u00fcl\u00fck, \u015fehrin varolu\u015fu boyunca ona e\u015flik edecek bir kutsall\u0131\u011f\u0131 olu\u015fturur ve bu da o \u015fehrin varolu\u015funu hakl\u0131 k\u0131lar, hatta o \u015fehrin di\u011fer \u015fehirlere olan \u00fcst\u00fcnl\u00fc\u011f\u00fcn\u00fc de belirler. \u0130\u015fte \u0130stanbul b\u00f6yle bir \u015fehir&#8230; Elinizdeki kitab\u0131n konusu \u0130stanbul\u2019un pagan \u00e7a\u011f\u0131&#8230; Yani ilk zamanlar\u0131ndan itibaren, H\u0131ristiyanl\u0131\u011f\u0131n h\u00e2kimiyetine kadar ge\u00e7en s\u00fcre\u00e7&#8230; \u0130stanbul\u2019un ilk d\u00f6nemlerinin tarihi, birka\u00e7 akademik yay\u0131n d\u0131\u015f\u0131nda pop\u00fcler bir yay\u0131n olarak hi\u00e7 yay\u0131mlanmad\u0131. \u0130stanbul\u2019un antik tarihinin b\u00fcy\u00fck kitleler taraf\u0131ndan bilinmesi gerekti\u011fini d\u00fc\u015f\u00fcnerek bu kitab\u0131 yay\u0131ma haz\u0131rlad\u0131k. <\/p>\n","protected":false},"excerpt":{"rendered":"<p>Marmaray kaz\u0131lar\u0131yla zenginle\u015fen tarihi buluntular, \u00e7ok farkl\u0131 bir \u0130stanbul tarihini \u00e7\u0131kar\u0131yor g\u00fcn \u0131\u015f\u0131\u011f\u0131na&#8230; Bu kez ilk \u00e7a\u011flara kadar geri d\u00f6nebiliyoruz&#8230; Kaz\u0131larda hangi eserlere ula\u015f\u0131ld\u0131, hangileri topra\u011f\u0131n<span class=\"excerpt-hellip\"> [\u2026]<\/span><\/p>\n","protected":false},"featured_media":0,"template":"","meta":{"_monsterinsights_skip_tracking":false,"_monsterinsights_sitenote_active":false,"_monsterinsights_sitenote_note":"","_monsterinsights_sitenote_category":0},"product_brand":[],"product_cat":[12370,12304],"product_tag":[],"class_list":{"0":"post-719231","1":"product","2":"type-product","3":"status-publish","5":"product_cat-arastirma-inceleme","6":"product_cat-tarih","7":"pa_cilt-ciltsiz","8":"pa_tur-kitap","9":"pa_yayinevi-destek-yayinlari","10":"pa_yazar-erhan-altunay","12":"first","13":"instock","14":"sale","15":"shipping-taxable","16":"purchasable","17":"product-type-simple"},"_links":{"self":[{"href":"https:\/\/roveyayinevi.com.tr\/index.php\/wp-json\/wp\/v2\/product\/719231","targetHints":{"allow":["GET"]}}],"collection":[{"href":"https:\/\/roveyayinevi.com.tr\/index.php\/wp-json\/wp\/v2\/product"}],"about":[{"href":"https:\/\/roveyayinevi.com.tr\/index.php\/wp-json\/wp\/v2\/types\/product"}],"wp:attachment":[{"href":"https:\/\/roveyayinevi.com.tr\/index.php\/wp-json\/wp\/v2\/media?parent=719231"}],"wp:term":[{"taxonomy":"product_brand","embeddable":true,"href":"https:\/\/roveyayinevi.com.tr\/index.php\/wp-json\/wp\/v2\/product_brand?post=719231"},{"taxonomy":"product_cat","embeddable":true,"href":"https:\/\/roveyayinevi.com.tr\/index.php\/wp-json\/wp\/v2\/product_cat?post=719231"},{"taxonomy":"product_tag","embeddable":true,"href":"https:\/\/roveyayinevi.com.tr\/index.php\/wp-json\/wp\/v2\/product_tag?post=719231"}],"curies":[{"name":"wp","href":"https:\/\/api.w.org\/{rel}","templated":true}]}}