{"id":719228,"date":"2025-08-27T18:19:25","date_gmt":"2025-08-27T15:19:25","guid":{"rendered":"https:\/\/roveyayinevi.com.tr\/index.php\/urun\/aksemseddin-iz-birakanlar\/"},"modified":"2026-04-16T02:27:29","modified_gmt":"2026-04-15T23:27:29","slug":"aksemseddin-iz-birakanlar","status":"publish","type":"product","link":"https:\/\/roveyayinevi.com.tr\/index.php\/urun\/aksemseddin-iz-birakanlar\/","title":{"rendered":"Ak\u015femseddin &#8211; \u0130z B\u0131rakanlar"},"content":{"rendered":"<p>Mikroplarla ilgili yapt\u0131\u011f\u0131 \u00e7al\u0131\u015fmalarla t\u0131p alan\u0131nda \u00e7\u0131\u011f\u0131r a\u00e7arken, Orta \u00c7a\u011f\u0131 kapat\u0131p Yeni \u00c7a\u011f\u0131 a\u00e7an Fatih Sultan Mehmet\u2019in hocal\u0131\u011f\u0131n\u0131 yaparak tarihin ak\u0131\u015f\u0131n\u0131 de\u011fi\u015ftiren Ak\u015femseddin\u2019i daha yak\u0131ndan tan\u0131yaca\u011f\u0131n muhte\u015fem bir yolculu\u011fa \u00e7\u0131kmaya haz\u0131r m\u0131s\u0131n?Tarihte iz b\u0131rakan ger\u00e7ek kahramanlarla tan\u0131\u015fmak i\u00e7in sayfalar\u0131 \u00e7evirmeye ba\u015fla ve kat\u0131l aram\u0131za!<\/p>\n","protected":false},"excerpt":{"rendered":"<p>Mikroplarla ilgili yapt\u0131\u011f\u0131 \u00e7al\u0131\u015fmalarla t\u0131p alan\u0131nda \u00e7\u0131\u011f\u0131r a\u00e7arken, Orta \u00c7a\u011f\u0131 kapat\u0131p Yeni \u00c7a\u011f\u0131 a\u00e7an Fatih Sultan Mehmet\u2019in hocal\u0131\u011f\u0131n\u0131 yaparak tarihin ak\u0131\u015f\u0131n\u0131 de\u011fi\u015ftiren Ak\u015femseddin\u2019i daha yak\u0131ndan tan\u0131yaca\u011f\u0131n<span class=\"excerpt-hellip\"> [\u2026]<\/span><\/p>\n","protected":false},"featured_media":0,"template":"","meta":{"_monsterinsights_skip_tracking":false,"_monsterinsights_sitenote_active":false,"_monsterinsights_sitenote_note":"","_monsterinsights_sitenote_category":0},"product_brand":[],"product_cat":[12274,12284],"product_tag":[],"class_list":{"0":"post-719228","1":"product","2":"type-product","3":"status-publish","5":"product_cat-cocuk-ve-genclik-kitaplari","6":"product_cat-hikayeler","7":"pa_cilt-ciltsiz","8":"pa_tur-kitap","9":"pa_yayinevi-yediveren-cocuk","10":"pa_yazar-eda-bayrak","12":"first","13":"instock","14":"sale","15":"shipping-taxable","16":"purchasable","17":"product-type-simple"},"_links":{"self":[{"href":"https:\/\/roveyayinevi.com.tr\/index.php\/wp-json\/wp\/v2\/product\/719228","targetHints":{"allow":["GET"]}}],"collection":[{"href":"https:\/\/roveyayinevi.com.tr\/index.php\/wp-json\/wp\/v2\/product"}],"about":[{"href":"https:\/\/roveyayinevi.com.tr\/index.php\/wp-json\/wp\/v2\/types\/product"}],"wp:attachment":[{"href":"https:\/\/roveyayinevi.com.tr\/index.php\/wp-json\/wp\/v2\/media?parent=719228"}],"wp:term":[{"taxonomy":"product_brand","embeddable":true,"href":"https:\/\/roveyayinevi.com.tr\/index.php\/wp-json\/wp\/v2\/product_brand?post=719228"},{"taxonomy":"product_cat","embeddable":true,"href":"https:\/\/roveyayinevi.com.tr\/index.php\/wp-json\/wp\/v2\/product_cat?post=719228"},{"taxonomy":"product_tag","embeddable":true,"href":"https:\/\/roveyayinevi.com.tr\/index.php\/wp-json\/wp\/v2\/product_tag?post=719228"}],"curies":[{"name":"wp","href":"https:\/\/api.w.org\/{rel}","templated":true}]}}