{"id":719227,"date":"2025-08-27T18:19:24","date_gmt":"2025-08-27T15:19:24","guid":{"rendered":"https:\/\/roveyayinevi.com.tr\/index.php\/urun\/musa-ve-tektanricilik-2\/"},"modified":"2026-04-16T02:27:29","modified_gmt":"2026-04-15T23:27:29","slug":"musa-ve-tektanricilik-2","status":"publish","type":"product","link":"https:\/\/roveyayinevi.com.tr\/index.php\/urun\/musa-ve-tektanricilik-2\/","title":{"rendered":"Musa Ve Tektanr\u0131c\u0131l\u0131k"},"content":{"rendered":"<p>Sigmund Freud,Yahudi kavmini \u00f6zg\u00fcrl\u00fcklerine kavu\u015fturan uzun s\u00fcre liderlik yapan,onlar i\u00e7in kanunlar koymu\u015f ve dinlerini in\u015fa etmi\u015f olan Musa&#8217;n\u0131n asl\u0131nda bir &#8220;M\u0131s\u0131rl\u0131&#8221;oldu\u011funu iddaa eden tezini al\u0131nt\u0131larda(\u00f6zelikle J.H.Breasted,ve Sellin&#8217;den )yaparak ispatlamaya \u00e7al\u0131\u015f\u0131yor.Freud her ne kadar nihai kesinlikten yoksun olsa da tarih\u00e7ilerin \u00e7o\u011fu gibi,Musa&#8217;n\u0131n efsaneler taraf\u0131ndan yarat\u0131lm\u0131\u015f bir karakter de\u011fil tarihsel bir ki\u015filik oldu\u011funu psikanalitik analizlerle anlat\u0131yor Musa Ve Tektanr\u0131c\u0131l\u0131k&#8217;ta.Kitapta,nevrotik s\u00fcre\u00e7ler ile dinsel olayla aras\u0131nda bir benzerli\u011fin varl\u0131\u011f\u0131n\u0131 saptad\u0131\u011f\u0131n\u0131 ve b\u00f6ylelikle de dinsel olaylar\u0131n umulmad\u0131k k\u00f6kenine dikkat \u00e7ekebildi\u011fini belirten Freud ,Yahudili\u011fi di\u011fer dinlerle,\u00f6zellikle de Hiristiyanl\u0131kla mukayese ederek&#8221;tektanr\u0131c\u0131l\u0131\u011f\u0131n&#8221;nas\u0131l bir s\u00fcre\u00e7ten ge\u00e7tikten sonra &#8220;Kenan \u0130lleri&#8221;nde kabul g\u00f6rd\u00fc\u011f\u00fcn\u00fc anlat\u0131yor.Bu \u00e7al\u0131\u015fmas\u0131yla ilgili nesnel kan\u0131tlara ula\u015fman\u0131n m\u00fcmk\u00fcn olamad\u0131\u011f\u0131n\u0131 itiraf eden Freud,psikanalitik kavramlarla (ego,s\u00fcperego,id,amnezi,latens vb)varsay\u0131mlar yap\u0131yor ve bu kavramlar\u0131 tam g\u00fcvenle olmasa da dinler,mitler ve k\u00fclt\u00fcrel alanlara uyguluyor.<\/p>\n","protected":false},"excerpt":{"rendered":"<p>Sigmund Freud,Yahudi kavmini \u00f6zg\u00fcrl\u00fcklerine kavu\u015fturan uzun s\u00fcre liderlik yapan,onlar i\u00e7in kanunlar koymu\u015f ve dinlerini in\u015fa etmi\u015f olan Musa&#8217;n\u0131n asl\u0131nda bir &#8220;M\u0131s\u0131rl\u0131&#8221;oldu\u011funu iddaa eden tezini al\u0131nt\u0131larda(\u00f6zelikle J.H.Breasted,ve<span class=\"excerpt-hellip\"> [\u2026]<\/span><\/p>\n","protected":false},"featured_media":0,"template":"","meta":{"_monsterinsights_skip_tracking":false,"_monsterinsights_sitenote_active":false,"_monsterinsights_sitenote_note":"","_monsterinsights_sitenote_category":0},"product_brand":[],"product_cat":[19998,12388],"product_tag":[],"class_list":{"0":"post-719227","1":"product","2":"type-product","3":"status-publish","5":"product_cat-din-felsefesi","6":"product_cat-felsefe","7":"pa_cilt-ciltsiz","8":"pa_tur-kitap","9":"pa_yayinevi-oda-yayinlari","10":"pa_yazar-sigmund-freud","12":"first","13":"instock","14":"sale","15":"shipping-taxable","16":"purchasable","17":"product-type-simple"},"_links":{"self":[{"href":"https:\/\/roveyayinevi.com.tr\/index.php\/wp-json\/wp\/v2\/product\/719227","targetHints":{"allow":["GET"]}}],"collection":[{"href":"https:\/\/roveyayinevi.com.tr\/index.php\/wp-json\/wp\/v2\/product"}],"about":[{"href":"https:\/\/roveyayinevi.com.tr\/index.php\/wp-json\/wp\/v2\/types\/product"}],"wp:attachment":[{"href":"https:\/\/roveyayinevi.com.tr\/index.php\/wp-json\/wp\/v2\/media?parent=719227"}],"wp:term":[{"taxonomy":"product_brand","embeddable":true,"href":"https:\/\/roveyayinevi.com.tr\/index.php\/wp-json\/wp\/v2\/product_brand?post=719227"},{"taxonomy":"product_cat","embeddable":true,"href":"https:\/\/roveyayinevi.com.tr\/index.php\/wp-json\/wp\/v2\/product_cat?post=719227"},{"taxonomy":"product_tag","embeddable":true,"href":"https:\/\/roveyayinevi.com.tr\/index.php\/wp-json\/wp\/v2\/product_tag?post=719227"}],"curies":[{"name":"wp","href":"https:\/\/api.w.org\/{rel}","templated":true}]}}