{"id":719225,"date":"2025-08-27T18:19:23","date_gmt":"2025-08-27T15:19:23","guid":{"rendered":"https:\/\/roveyayinevi.com.tr\/index.php\/urun\/para-kavga-pranga\/"},"modified":"2026-04-16T02:27:29","modified_gmt":"2026-04-15T23:27:29","slug":"para-kavga-pranga","status":"publish","type":"product","link":"https:\/\/roveyayinevi.com.tr\/index.php\/urun\/para-kavga-pranga\/","title":{"rendered":"Para Kavga Pranga"},"content":{"rendered":"<p>ABD ve  m\u00fcttefiki Bat\u0131l\u0131 \u00fclkelerin kontrol etti\u011fi s\u00f6m\u00fcr\u00fc sistemi, bozuk olan yap\u0131s\u0131na; bir de bu g\u00fc\u00e7lerin  s\u0131n\u0131rs\u0131z a\u00e7g\u00f6zl\u00fcl\u00fcklerinin eklenmesiyle s\u00fcrd\u00fcr\u00fclemez bir hale gelmi\u015ftir.  Her ge\u00e7en g\u00fcn onlar\u0131n elinden kayan ekonomik hegemonya, yeni sahiplerine g\u00f6z k\u0131rpmakta ve bu durum \u00f6zellikle ABD&#8217;yi  son derece sald\u0131rgan hale getirmektedir. D\u00fcnya ticaretinin hakim \u00f6gesi olan Amerikan dolar\u0131n\u0131n t\u00fcm d\u00fcnya ekonomisine y\u00f6n veren  bu muazzam g\u00fcc\u00fcn\u00fc kaybetmesi halinde h\u0131zla ekonomik \u00e7\u00f6k\u00fc\u015fe s\u00fcr\u00fcklenecek olan ABD&#8217;nin, bu senaryoya m\u00fcsaade etmemek i\u00e7in gerekirse t\u00fcm d\u00fcnyay\u0131 yeni bir sava\u015fa s\u00fcr\u00fckleyebilece\u011fi art\u0131k herkes\u00e7e tahmin edilebilir hale gelmi\u015ftir. T\u00fcrkiye&#8217;nin; \u0130slam D\u00fcnyas\u0131&#8217;n\u0131 merkeze alarak, kartlar\u0131n yeniden da\u011f\u0131t\u0131ld\u0131\u011f\u0131 bu s\u00fcre\u00e7te gelece\u011fe y\u00f6nelik  en do\u011fru pozisyonu almas\u0131 ad\u0131na \u00f6ncelikle kendi i\u00e7inde toplumsal bar\u0131\u015f\u0131n\u0131 sa\u011flamas\u0131, ard\u0131ndan da  &#8220;inan\u00e7-tarih ortakl\u0131\u011f\u0131&#8221; kapsam\u0131nda b\u00f6lgesindeki M\u00fcsl\u00fcman n\u00fcfusun yo\u011fun oldu\u011fu \u00fclkelerle hi\u00e7bir ayr\u0131m g\u00f6zetmeksizin ili\u015fkilerini d\u00fczeltmesi, bahsi ge\u00e7en inan\u00e7-tarih ortakl\u0131\u011f\u0131n\u0131 ekonomi temelli bir kader birli\u011fine d\u00f6n\u00fc\u015ft\u00fcrmesi, t\u00fcm bunlar\u0131 da  g\u00fcn\u00fcm\u00fcz\u00fcn iktisadi ve siyasal  ger\u00e7ekliklerine uygun, rasyonel niteliklere sahip uzun vadeli stratejiler kapsam\u0131nda hayata ge\u00e7irmeye gayret etmesi gerekmektedir. <\/p>\n","protected":false},"excerpt":{"rendered":"<p>ABD ve m\u00fcttefiki Bat\u0131l\u0131 \u00fclkelerin kontrol etti\u011fi s\u00f6m\u00fcr\u00fc sistemi, bozuk olan yap\u0131s\u0131na; bir de bu g\u00fc\u00e7lerin s\u0131n\u0131rs\u0131z a\u00e7g\u00f6zl\u00fcl\u00fcklerinin eklenmesiyle s\u00fcrd\u00fcr\u00fclemez bir hale gelmi\u015ftir. Her ge\u00e7en g\u00fcn<span class=\"excerpt-hellip\"> [\u2026]<\/span><\/p>\n","protected":false},"featured_media":0,"template":"","meta":{"_monsterinsights_skip_tracking":false,"_monsterinsights_sitenote_active":false,"_monsterinsights_sitenote_note":"","_monsterinsights_sitenote_category":0},"product_brand":[],"product_cat":[13590,12337],"product_tag":[],"class_list":{"0":"post-719225","1":"product","2":"type-product","3":"status-publish","5":"product_cat-arastirma-inceleme-politika-siyaset","6":"product_cat-politika-siyaset","7":"pa_cilt-ciltsiz","8":"pa_tur-kitap","9":"pa_yayinevi-luna-yayinlari","10":"pa_yazar-r-levent-isik","12":"first","13":"instock","14":"sale","15":"shipping-taxable","16":"purchasable","17":"product-type-simple"},"_links":{"self":[{"href":"https:\/\/roveyayinevi.com.tr\/index.php\/wp-json\/wp\/v2\/product\/719225","targetHints":{"allow":["GET"]}}],"collection":[{"href":"https:\/\/roveyayinevi.com.tr\/index.php\/wp-json\/wp\/v2\/product"}],"about":[{"href":"https:\/\/roveyayinevi.com.tr\/index.php\/wp-json\/wp\/v2\/types\/product"}],"wp:attachment":[{"href":"https:\/\/roveyayinevi.com.tr\/index.php\/wp-json\/wp\/v2\/media?parent=719225"}],"wp:term":[{"taxonomy":"product_brand","embeddable":true,"href":"https:\/\/roveyayinevi.com.tr\/index.php\/wp-json\/wp\/v2\/product_brand?post=719225"},{"taxonomy":"product_cat","embeddable":true,"href":"https:\/\/roveyayinevi.com.tr\/index.php\/wp-json\/wp\/v2\/product_cat?post=719225"},{"taxonomy":"product_tag","embeddable":true,"href":"https:\/\/roveyayinevi.com.tr\/index.php\/wp-json\/wp\/v2\/product_tag?post=719225"}],"curies":[{"name":"wp","href":"https:\/\/api.w.org\/{rel}","templated":true}]}}