{"id":719220,"date":"2025-08-27T18:19:19","date_gmt":"2025-08-27T15:19:19","guid":{"rendered":"https:\/\/roveyayinevi.com.tr\/index.php\/urun\/efil-ekonomi-arastirmalari-dergisi-cilt-2-sayi-6\/"},"modified":"2026-04-16T02:27:29","modified_gmt":"2026-04-15T23:27:29","slug":"efil-ekonomi-arastirmalari-dergisi-cilt-2-sayi-6","status":"publish","type":"product","link":"https:\/\/roveyayinevi.com.tr\/index.php\/urun\/efil-ekonomi-arastirmalari-dergisi-cilt-2-sayi-6\/","title":{"rendered":"Efil Ekonomi Ara\u015ft\u0131rmalar\u0131 Dergisi Cilt: 2 Say\u0131 : 6"},"content":{"rendered":"<p>Bu say\u0131m\u0131zda, Cumhuriyet D\u00f6nemi Boyunca K\u0131rsal\u0131n Ge\u00e7irdi\u011fi D\u00f6n\u00fc\u015f\u00fcm ve K\u0131rsaldan Kopu\u015f \u0130lhan Tekeli Income Distribution Is Not Neutral in Terms of Inflation or Inflation Is a Function of the Distribution of Income: The Case of Turkey Between 2009-2017Cem Mehmet Baydur T\u00fcrkiye\u2019de Ger\u00e7ekle\u015ftirilen \u0130novasyon Odakl\u0131 \u00c7al\u0131\u015fmalara \u0130li\u015fkin Yaz\u0131n \u00d6zeti: Ampirik Bulgular, Problemler, \u00d6neriler Selim \u00c7a\u011fatay, Reyhan \u00d6ze\u015f Unilateral Trade Policy and Migration When Economies Differ in Size and Efficiency Rafael S. Espinosa-Ramirez, M. \u00d6zg\u00fcr Kayal\u0131ca The Impact of Copyright Exceptions for Researchers on Scholarly Output Michael Palmedo<\/p>\n","protected":false},"excerpt":{"rendered":"<p>Bu say\u0131m\u0131zda, Cumhuriyet D\u00f6nemi Boyunca K\u0131rsal\u0131n Ge\u00e7irdi\u011fi D\u00f6n\u00fc\u015f\u00fcm ve K\u0131rsaldan Kopu\u015f \u0130lhan Tekeli Income Distribution Is Not Neutral in Terms of Inflation or Inflation Is a<span class=\"excerpt-hellip\"> [\u2026]<\/span><\/p>\n","protected":false},"featured_media":0,"template":"","meta":{"_monsterinsights_skip_tracking":false,"_monsterinsights_sitenote_active":false,"_monsterinsights_sitenote_note":"","_monsterinsights_sitenote_category":0},"product_brand":[],"product_cat":[13527],"product_tag":[],"class_list":{"0":"post-719220","1":"product","2":"type-product","3":"status-publish","5":"product_cat-sureli-yayinlar","6":"pa_cilt-ciltsiz","7":"pa_tur-dergi","8":"pa_yayinevi-efil-yayinevi-dergi","9":"pa_yazar-kolektif","11":"first","12":"instock","13":"sale","14":"shipping-taxable","15":"purchasable","16":"product-type-simple"},"_links":{"self":[{"href":"https:\/\/roveyayinevi.com.tr\/index.php\/wp-json\/wp\/v2\/product\/719220","targetHints":{"allow":["GET"]}}],"collection":[{"href":"https:\/\/roveyayinevi.com.tr\/index.php\/wp-json\/wp\/v2\/product"}],"about":[{"href":"https:\/\/roveyayinevi.com.tr\/index.php\/wp-json\/wp\/v2\/types\/product"}],"wp:attachment":[{"href":"https:\/\/roveyayinevi.com.tr\/index.php\/wp-json\/wp\/v2\/media?parent=719220"}],"wp:term":[{"taxonomy":"product_brand","embeddable":true,"href":"https:\/\/roveyayinevi.com.tr\/index.php\/wp-json\/wp\/v2\/product_brand?post=719220"},{"taxonomy":"product_cat","embeddable":true,"href":"https:\/\/roveyayinevi.com.tr\/index.php\/wp-json\/wp\/v2\/product_cat?post=719220"},{"taxonomy":"product_tag","embeddable":true,"href":"https:\/\/roveyayinevi.com.tr\/index.php\/wp-json\/wp\/v2\/product_tag?post=719220"}],"curies":[{"name":"wp","href":"https:\/\/api.w.org\/{rel}","templated":true}]}}