{"id":719216,"date":"2025-08-27T18:19:17","date_gmt":"2025-08-27T15:19:17","guid":{"rendered":"https:\/\/roveyayinevi.com.tr\/index.php\/urun\/kendin-ol\/"},"modified":"2026-04-11T13:46:32","modified_gmt":"2026-04-11T10:46:32","slug":"kendin-ol","status":"publish","type":"product","link":"https:\/\/roveyayinevi.com.tr\/index.php\/urun\/kendin-ol\/","title":{"rendered":"Kendin Ol !"},"content":{"rendered":"<p>Sa\u011fl\u0131k ve hastal\u0131klar konusunda bildi\u011finiz her \u015feyi unutmaya haz\u0131r m\u0131s\u0131n\u0131z? \u0130\u00e7imizdeki uyan\u0131\u015f\u0131n ve \u015fifan\u0131n tek ve de\u011fi\u015fmez form\u00fcl\u00fcn\u00fc \u00f6\u011frenmeye?   Tuhaf bir \u00e7a\u011fda ya\u015f\u0131yoruz. Medyan\u0131n bilgi bombard\u0131man\u0131 alt\u0131nday\u0131z. Uzmanlar her g\u00fcn yeni bir sa\u011fl\u0131k form\u00fcl\u00fcyle \u00e7\u0131k\u0131yor kar\u015f\u0131m\u0131za. Neredeyse her ailede bir kanser hastas\u0131 var. Diyabet \u00e7ocukluk ya\u015flar\u0131na inmi\u015f durumda. Kime elini uzatsan depresyondan \u015fik\u00e2yet\u00e7i ve evcil hayvanlar\u0131m\u0131za bile antidepresan verecek k\u0131vama geldik. Buna ra\u011fmen geleneksel t\u0131p anlay\u0131\u015f\u0131 ruhu h\u00e2l\u00e2 yok say\u0131yor.   Evet, tuhaf bir \u00e7a\u011fda ya\u015f\u0131yoruz\u2026 A\u015f\u0131r\u0131 dozda bilgiye maruz kal\u0131yoruz ama her g\u00fcn yeni bir \u015fey \u00f6\u011frenmek bizi sakinle\u015ftirmiyor, aksine kayg\u0131 bozuklu\u011funa s\u00fcr\u00fckl\u00fcyor.   Size \u015fifan\u0131n ve koruyucu hekimli\u011fin tek ve de\u011fi\u015fmez form\u00fcl\u00fcn\u00fc s\u00f6yleyeyim mi: KEND\u0130N OLMAK! Y\u00fczde y\u00fcz kendin olmak, evrensel yasalar\u0131n ruhsal geli\u015fimimiz i\u00e7in bizden istedi\u011fi tek \u015fey.Hastal\u0131klar bir mesaj ve s\u00fck\u00fbnet faz\u0131nda, sakin kalarak, korkmadan kar\u015f\u0131lad\u0131\u011f\u0131m\u0131zda, do\u011fru tedaviyle ge\u00e7meyecek tek bir hastal\u0131k bile yok! Kanser dahil!   Bu kitap sizi hayat\u0131n\u0131z\u0131 de\u011fi\u015ftirecek bir fark\u0131ndal\u0131\u011fa ula\u015ft\u0131rmak i\u00e7in yaz\u0131ld\u0131. Sadece okumakla bile i\u00e7inizdeki \u015fifan\u0131n uyan\u0131\u015f\u0131na \u015fahit olacaks\u0131n\u0131z. <\/p>\n","protected":false},"excerpt":{"rendered":"<p>Sa\u011fl\u0131k ve hastal\u0131klar konusunda bildi\u011finiz her \u015feyi unutmaya haz\u0131r m\u0131s\u0131n\u0131z? \u0130\u00e7imizdeki uyan\u0131\u015f\u0131n ve \u015fifan\u0131n tek ve de\u011fi\u015fmez form\u00fcl\u00fcn\u00fc \u00f6\u011frenmeye? Tuhaf bir \u00e7a\u011fda ya\u015f\u0131yoruz. Medyan\u0131n bilgi bombard\u0131man\u0131<span class=\"excerpt-hellip\"> [\u2026]<\/span><\/p>\n","protected":false},"featured_media":0,"template":"","meta":{"_monsterinsights_skip_tracking":false,"_monsterinsights_sitenote_active":false,"_monsterinsights_sitenote_note":"","_monsterinsights_sitenote_category":0},"product_brand":[],"product_cat":[12364,12376],"product_tag":[],"class_list":{"0":"post-719216","1":"product","2":"type-product","3":"status-publish","5":"product_cat-genel-konular","6":"product_cat-kisisel-gelisim","7":"pa_cilt-ciltsiz","8":"pa_tur-kitap","9":"pa_yayinevi-dogan-novus","10":"pa_yazar-erhan-ozer","12":"first","13":"instock","14":"sale","15":"shipping-taxable","16":"purchasable","17":"product-type-simple"},"_links":{"self":[{"href":"https:\/\/roveyayinevi.com.tr\/index.php\/wp-json\/wp\/v2\/product\/719216","targetHints":{"allow":["GET"]}}],"collection":[{"href":"https:\/\/roveyayinevi.com.tr\/index.php\/wp-json\/wp\/v2\/product"}],"about":[{"href":"https:\/\/roveyayinevi.com.tr\/index.php\/wp-json\/wp\/v2\/types\/product"}],"wp:attachment":[{"href":"https:\/\/roveyayinevi.com.tr\/index.php\/wp-json\/wp\/v2\/media?parent=719216"}],"wp:term":[{"taxonomy":"product_brand","embeddable":true,"href":"https:\/\/roveyayinevi.com.tr\/index.php\/wp-json\/wp\/v2\/product_brand?post=719216"},{"taxonomy":"product_cat","embeddable":true,"href":"https:\/\/roveyayinevi.com.tr\/index.php\/wp-json\/wp\/v2\/product_cat?post=719216"},{"taxonomy":"product_tag","embeddable":true,"href":"https:\/\/roveyayinevi.com.tr\/index.php\/wp-json\/wp\/v2\/product_tag?post=719216"}],"curies":[{"name":"wp","href":"https:\/\/api.w.org\/{rel}","templated":true}]}}