{"id":719213,"date":"2025-08-27T18:19:14","date_gmt":"2025-08-27T15:19:14","guid":{"rendered":"https:\/\/roveyayinevi.com.tr\/index.php\/urun\/elleriyle-goren-cocuk\/"},"modified":"2026-04-16T02:27:29","modified_gmt":"2026-04-15T23:27:29","slug":"elleriyle-goren-cocuk","status":"publish","type":"product","link":"https:\/\/roveyayinevi.com.tr\/index.php\/urun\/elleriyle-goren-cocuk\/","title":{"rendered":"Elleriyle G\u00f6ren \u00c7ocuk"},"content":{"rendered":"<p>\u00ab K\u00e2mil g\u00f6rme engelli ama bu, onu engellemiyor. Hi\u00e7bir \u015fey K\u00e2mil\u2019in, hayvanat bah\u00e7esine, pikni\u011fe, al\u0131\u015fveri\u015f merkezine gitmesine; tramvaya binmesine ya da bisiklet kullanmas\u0131na engel de\u011fil. Evde sofray\u0131 haz\u0131rlamak, top oynamak veya m\u00fczedeki bir heykeli elleriyle g\u00f6rmek konusunda da ayn\u0131 \u015fekilde d\u00fc\u015f\u00fcn\u00fcyor ve davran\u0131yor. Yeter ki teyzesi, restorandaki adam veya m\u00fczedeki bek\u00e7i gibi \u00f6n yarg\u0131l\u0131 insanlar, K\u00e2mil\u2019e engel olmas\u0131nlar. K\u00e2mil ailesiyle birlikte t\u00fcm zorluklar\u0131 a\u015farken biraz \u015fakac\u0131 olmay\u0131 da ihmal etmiyor. Elleriyle G\u00f6ren \u00c7ocuk kitab\u0131n\u0131 okumaya ba\u015flad\u0131\u011f\u0131m\u0131zda K\u00e2mil\u2019e e\u015flik edebiliyor, onun ve ailesinin yan\u0131nda yer bulabiliyoruz. \u00bbTolga CANAYPedagog ve \u00d6zel E\u011fitim Uzman\u0131 <\/p>\n","protected":false},"excerpt":{"rendered":"<p>\u00ab K\u00e2mil g\u00f6rme engelli ama bu, onu engellemiyor. Hi\u00e7bir \u015fey K\u00e2mil\u2019in, hayvanat bah\u00e7esine, pikni\u011fe, al\u0131\u015fveri\u015f merkezine gitmesine; tramvaya binmesine ya da bisiklet kullanmas\u0131na engel de\u011fil. Evde<span class=\"excerpt-hellip\"> [\u2026]<\/span><\/p>\n","protected":false},"featured_media":0,"template":"","meta":{"_monsterinsights_skip_tracking":false,"_monsterinsights_sitenote_active":false,"_monsterinsights_sitenote_note":"","_monsterinsights_sitenote_category":0},"product_brand":[],"product_cat":[12689,12274],"product_tag":[],"class_list":{"0":"post-719213","1":"product","2":"type-product","3":"status-publish","5":"product_cat-cizgi-roman-cocuk-ve-genclik-kitaplari","6":"product_cat-cocuk-ve-genclik-kitaplari","7":"pa_cilt-ciltsiz","8":"pa_tur-kitap","9":"pa_yayinevi-beyaz-balina-yayinlari","10":"pa_yazar-tomasz-malkowski","12":"first","13":"instock","14":"sale","15":"shipping-taxable","16":"purchasable","17":"product-type-simple"},"_links":{"self":[{"href":"https:\/\/roveyayinevi.com.tr\/index.php\/wp-json\/wp\/v2\/product\/719213","targetHints":{"allow":["GET"]}}],"collection":[{"href":"https:\/\/roveyayinevi.com.tr\/index.php\/wp-json\/wp\/v2\/product"}],"about":[{"href":"https:\/\/roveyayinevi.com.tr\/index.php\/wp-json\/wp\/v2\/types\/product"}],"wp:attachment":[{"href":"https:\/\/roveyayinevi.com.tr\/index.php\/wp-json\/wp\/v2\/media?parent=719213"}],"wp:term":[{"taxonomy":"product_brand","embeddable":true,"href":"https:\/\/roveyayinevi.com.tr\/index.php\/wp-json\/wp\/v2\/product_brand?post=719213"},{"taxonomy":"product_cat","embeddable":true,"href":"https:\/\/roveyayinevi.com.tr\/index.php\/wp-json\/wp\/v2\/product_cat?post=719213"},{"taxonomy":"product_tag","embeddable":true,"href":"https:\/\/roveyayinevi.com.tr\/index.php\/wp-json\/wp\/v2\/product_tag?post=719213"}],"curies":[{"name":"wp","href":"https:\/\/api.w.org\/{rel}","templated":true}]}}