{"id":719212,"date":"2025-08-27T18:19:14","date_gmt":"2025-08-27T15:19:14","guid":{"rendered":"https:\/\/roveyayinevi.com.tr\/index.php\/urun\/terorizm-kulturu\/"},"modified":"2026-04-16T02:27:29","modified_gmt":"2026-04-15T23:27:29","slug":"terorizm-kulturu","status":"publish","type":"product","link":"https:\/\/roveyayinevi.com.tr\/index.php\/urun\/terorizm-kulturu\/","title":{"rendered":"Ter\u00f6rizm K\u00fclt\u00fcr\u00fc"},"content":{"rendered":"<p>\u201cMesihvari demokrasi g\u00f6t\u00fcrme misyonu konusunda sorulmas\u0131 gereken belli ba\u015fl\u0131 sorular var; fakat kimsenin bunlar\u0131 sordu\u011fu yok. Temel olarak, bu kuvvetli misyonun neden bir t\u00fcrl\u00fc hayata ge\u00e7irilemedi\u011fini sormal\u0131y\u0131z. Bu \u015fa\u015f\u0131las\u0131 tuhaf m\u00fcnasebet, i\u015flenen su\u00e7lar ve yap\u0131lan mezalim i\u00e7in de ge\u00e7erlidir. Konu d\u00fc\u015fmanlar\u0131n fenal\u0131klar\u0131na gelince, bunlar\u0131 giderme \u015fans\u0131m\u0131z olmad\u0131\u011f\u0131 halde mangalda k\u00fcl b\u0131rakm\u0131yoruz. \u00d6te yandan konu uydu kuvvetlerimiz veya biz olunca a\u011fz\u0131m\u0131z\u0131 b\u0131\u00e7ak a\u00e7m\u0131yor. Halbuki kendi kusurlar\u0131m\u0131z\u0131 gidermek nam\u0131na bir\u00e7ok ad\u0131m atabiliriz. Yak\u0131n m\u00fcttefiklerimizi ve uydular\u0131m\u0131z\u0131 bir kenara b\u0131rakal\u0131m, ABD\u2019nin kendi topraklar\u0131nda demokrasi ne \u00e2lemde? Entelekt\u00fcel anlamda geli\u015fmi\u015f bir toplumda bu soruyu sormak abes ka\u00e7ard\u0131, fakat ABD\u2019deki ana ak\u0131m ayd\u0131nlara tam da b\u00f6yle bir soru yara\u015f\u0131yor.\u201d \u00c7a\u011f\u0131m\u0131z\u0131n \u00f6nde gelen d\u00fc\u015f\u00fcn\u00fcrlerinden Noam Chomsky, ABD\u2019nin siyasal k\u00fclt\u00fcr\u00fcn\u00fc sert\u00e7e ele\u015ftirdi\u011fi Ter\u00f6rizm K\u00fclt\u00fcr\u00fc\u2019nde, \u0130ran-kontra skandal\u0131n\u0131 ve ABD\u2019ninkurup y\u00fcr\u00fctt\u00fc\u011f\u00fc Orta Amerika modelini ustal\u0131kla analiz ediyor. ABD\u2019nin kendi ekonomik \u00e7\u0131karlar\u0131n\u0131 g\u00f6zetmek ad\u0131na insan haklar\u0131na ve demokratikle\u015fmeye ket vurdu\u011funu t\u00fcm \u00e7\u0131plakl\u0131\u011f\u0131yla g\u00f6zler \u00f6n\u00fcne seriyor.   <\/p>\n","protected":false},"excerpt":{"rendered":"<p>\u201cMesihvari demokrasi g\u00f6t\u00fcrme misyonu konusunda sorulmas\u0131 gereken belli ba\u015fl\u0131 sorular var; fakat kimsenin bunlar\u0131 sordu\u011fu yok. Temel olarak, bu kuvvetli misyonun neden bir t\u00fcrl\u00fc hayata ge\u00e7irilemedi\u011fini<span class=\"excerpt-hellip\"> [\u2026]<\/span><\/p>\n","protected":false},"featured_media":0,"template":"","meta":{"_monsterinsights_skip_tracking":false,"_monsterinsights_sitenote_active":false,"_monsterinsights_sitenote_note":"","_monsterinsights_sitenote_category":0},"product_brand":[],"product_cat":[13059,12337],"product_tag":[],"class_list":{"0":"post-719212","1":"product","2":"type-product","3":"status-publish","5":"product_cat-diger-politika-siyaset","6":"product_cat-politika-siyaset","7":"pa_cilt-ciltsiz","8":"pa_tur-kitap","9":"pa_yayinevi-inkilap-kitabevi","10":"pa_yazar-noam-chomsky","12":"first","13":"instock","14":"sale","15":"shipping-taxable","16":"purchasable","17":"product-type-simple"},"_links":{"self":[{"href":"https:\/\/roveyayinevi.com.tr\/index.php\/wp-json\/wp\/v2\/product\/719212","targetHints":{"allow":["GET"]}}],"collection":[{"href":"https:\/\/roveyayinevi.com.tr\/index.php\/wp-json\/wp\/v2\/product"}],"about":[{"href":"https:\/\/roveyayinevi.com.tr\/index.php\/wp-json\/wp\/v2\/types\/product"}],"wp:attachment":[{"href":"https:\/\/roveyayinevi.com.tr\/index.php\/wp-json\/wp\/v2\/media?parent=719212"}],"wp:term":[{"taxonomy":"product_brand","embeddable":true,"href":"https:\/\/roveyayinevi.com.tr\/index.php\/wp-json\/wp\/v2\/product_brand?post=719212"},{"taxonomy":"product_cat","embeddable":true,"href":"https:\/\/roveyayinevi.com.tr\/index.php\/wp-json\/wp\/v2\/product_cat?post=719212"},{"taxonomy":"product_tag","embeddable":true,"href":"https:\/\/roveyayinevi.com.tr\/index.php\/wp-json\/wp\/v2\/product_tag?post=719212"}],"curies":[{"name":"wp","href":"https:\/\/api.w.org\/{rel}","templated":true}]}}