{"id":719211,"date":"2025-08-27T18:19:13","date_gmt":"2025-08-27T15:19:13","guid":{"rendered":"https:\/\/roveyayinevi.com.tr\/index.php\/urun\/canavar-pesinde-59\/"},"modified":"2026-04-13T02:33:48","modified_gmt":"2026-04-12T23:33:48","slug":"canavar-pesinde-59","status":"publish","type":"product","link":"https:\/\/roveyayinevi.com.tr\/index.php\/urun\/canavar-pesinde-59\/","title":{"rendered":"Canavar Pe\u015finde 59"},"content":{"rendered":"<p>Z\u0131rhl\u0131 Dev TektonYepyeni Canavar Pe\u015finde maceras\u0131na ho\u015f geldiniz: Canavarlar\u0131n Efendisi Malvel, Tom\u2019u yok etmek i\u00e7in yeni bir Canavar yaratt\u0131. Tekton, \u00fczerinde m\u0131zra\u011fa benzer sivri dikenleri ve z\u0131rh\u0131 olan dev gibi bir yarat\u0131kt\u0131. Neyse ki bu macerada Tom\u2019un babas\u0131 Taladon, ona yard\u0131m etmek i\u00e7in gelmi\u015fti. Tom ve Taladon birlikte, Tekton\u2019u yenebilecekler mi yoksa bu macera, b\u00fcy\u00fck bir trajediyle mi sona erecek?<\/p>\n","protected":false},"excerpt":{"rendered":"<p>Z\u0131rhl\u0131 Dev TektonYepyeni Canavar Pe\u015finde maceras\u0131na ho\u015f geldiniz: Canavarlar\u0131n Efendisi Malvel, Tom\u2019u yok etmek i\u00e7in yeni bir Canavar yaratt\u0131. Tekton, \u00fczerinde m\u0131zra\u011fa benzer sivri dikenleri ve<span class=\"excerpt-hellip\"> [\u2026]<\/span><\/p>\n","protected":false},"featured_media":0,"template":"","meta":{"_monsterinsights_skip_tracking":false,"_monsterinsights_sitenote_active":false,"_monsterinsights_sitenote_note":"","_monsterinsights_sitenote_category":0},"product_brand":[],"product_cat":[12274,12284],"product_tag":[],"class_list":{"0":"post-719211","1":"product","2":"type-product","3":"status-publish","5":"product_cat-cocuk-ve-genclik-kitaplari","6":"product_cat-hikayeler","7":"pa_cilt-ciltsiz","8":"pa_tur-kitap","9":"pa_yayinevi-beyaz-balina-yayinlari","10":"pa_yazar-adam-blade","12":"first","13":"instock","14":"sale","15":"shipping-taxable","16":"purchasable","17":"product-type-simple"},"_links":{"self":[{"href":"https:\/\/roveyayinevi.com.tr\/index.php\/wp-json\/wp\/v2\/product\/719211","targetHints":{"allow":["GET"]}}],"collection":[{"href":"https:\/\/roveyayinevi.com.tr\/index.php\/wp-json\/wp\/v2\/product"}],"about":[{"href":"https:\/\/roveyayinevi.com.tr\/index.php\/wp-json\/wp\/v2\/types\/product"}],"wp:attachment":[{"href":"https:\/\/roveyayinevi.com.tr\/index.php\/wp-json\/wp\/v2\/media?parent=719211"}],"wp:term":[{"taxonomy":"product_brand","embeddable":true,"href":"https:\/\/roveyayinevi.com.tr\/index.php\/wp-json\/wp\/v2\/product_brand?post=719211"},{"taxonomy":"product_cat","embeddable":true,"href":"https:\/\/roveyayinevi.com.tr\/index.php\/wp-json\/wp\/v2\/product_cat?post=719211"},{"taxonomy":"product_tag","embeddable":true,"href":"https:\/\/roveyayinevi.com.tr\/index.php\/wp-json\/wp\/v2\/product_tag?post=719211"}],"curies":[{"name":"wp","href":"https:\/\/api.w.org\/{rel}","templated":true}]}}