{"id":719210,"date":"2025-08-27T18:19:13","date_gmt":"2025-08-27T15:19:13","guid":{"rendered":"https:\/\/roveyayinevi.com.tr\/index.php\/urun\/acayip-seyler-dizisi-21-su-acayip-beyin\/"},"modified":"2026-04-16T02:27:29","modified_gmt":"2026-04-15T23:27:29","slug":"acayip-seyler-dizisi-21-su-acayip-beyin","status":"publish","type":"product","link":"https:\/\/roveyayinevi.com.tr\/index.php\/urun\/acayip-seyler-dizisi-21-su-acayip-beyin\/","title":{"rendered":"Acayip \u015eeyler Dizisi-21 \u015eu Acayip Beyin"},"content":{"rendered":"<p>Dizinin bu kitab\u0131n\u0131n konusu, b\u00fct\u00fcn o \u00f6teki \u201cAcayip \u015eeyler\u201d kitaplar\u0131ndan \u00e7ok daha acayip!Sayfalar\u0131 aras\u0131nda \u201cBeynim, beynimi merak ediyor!\u201d, \u201cMumyan\u0131n kay\u0131p beyni\u201d, \u201cKafam\u0131n tas\u0131n\u0131 att\u0131rmay\u0131n!\u201d, \u201cKod ad\u0131: BOS\u201d, \u201cHepimiz sulu beyinliyiz!\u201d, \u201cPhineas Gage olay\u0131\u201d, \u201cS\u0131rlar odas\u0131: Talamus\u201d, \u201cBu beyin benim, ben bu beyin de\u011filim!\u201d gibi birbirinden ilgin\u00e7 b\u00f6l\u00fcmlerin yer ald\u0131\u011f\u0131 kitap, Acayip \u015eeyler Dizisi\u2019nin s\u0131k\u0131 takip\u00e7ileri taraf\u0131ndan bir s\u00fcredir merakla bekleniyordu. Ve Tar\u0131k Uslu, bu beklentiye de\u011fecek bir kitapla, ilk 20 kitaptan sonra \u201csezon finali\u201d yapt\u0131\u011f\u0131 diziye geri d\u00f6nd\u00fc.Han\u0131mefendiler, beyefendiler! Acayip \u015eeyler Dizisi\u2019nin ikinci sezonu ba\u015flad\u0131! \u015eU ACAY\u0130P BEY\u0130N, bug\u00fcne kadar okudu\u011funuz maceralar\u0131n en acayibi, sars\u0131c\u0131, \u00e7arp\u0131c\u0131, bilgi dolu ve her zaman oldu\u011fu gibi e\u011flenceli konularla kar\u015f\u0131n\u0131zda! <\/p>\n","protected":false},"excerpt":{"rendered":"<p>Dizinin bu kitab\u0131n\u0131n konusu, b\u00fct\u00fcn o \u00f6teki \u201cAcayip \u015eeyler\u201d kitaplar\u0131ndan \u00e7ok daha acayip!Sayfalar\u0131 aras\u0131nda \u201cBeynim, beynimi merak ediyor!\u201d, \u201cMumyan\u0131n kay\u0131p beyni\u201d, \u201cKafam\u0131n tas\u0131n\u0131 att\u0131rmay\u0131n!\u201d, \u201cKod ad\u0131:<span class=\"excerpt-hellip\"> [\u2026]<\/span><\/p>\n","protected":false},"featured_media":0,"template":"","meta":{"_monsterinsights_skip_tracking":false,"_monsterinsights_sitenote_active":false,"_monsterinsights_sitenote_note":"","_monsterinsights_sitenote_category":0},"product_brand":[],"product_cat":[13005,13006],"product_tag":[],"class_list":{"0":"post-719210","1":"product","2":"type-product","3":"status-publish","5":"product_cat-bilim-muhendislik","6":"product_cat-populer-bilim","7":"pa_cilt-ciltsiz","8":"pa_tur-kitap","9":"pa_yayinevi-ugurbocegi-yayinlari","10":"pa_yazar-tarik-uslu","12":"first","13":"instock","14":"sale","15":"shipping-taxable","16":"purchasable","17":"product-type-simple"},"_links":{"self":[{"href":"https:\/\/roveyayinevi.com.tr\/index.php\/wp-json\/wp\/v2\/product\/719210","targetHints":{"allow":["GET"]}}],"collection":[{"href":"https:\/\/roveyayinevi.com.tr\/index.php\/wp-json\/wp\/v2\/product"}],"about":[{"href":"https:\/\/roveyayinevi.com.tr\/index.php\/wp-json\/wp\/v2\/types\/product"}],"wp:attachment":[{"href":"https:\/\/roveyayinevi.com.tr\/index.php\/wp-json\/wp\/v2\/media?parent=719210"}],"wp:term":[{"taxonomy":"product_brand","embeddable":true,"href":"https:\/\/roveyayinevi.com.tr\/index.php\/wp-json\/wp\/v2\/product_brand?post=719210"},{"taxonomy":"product_cat","embeddable":true,"href":"https:\/\/roveyayinevi.com.tr\/index.php\/wp-json\/wp\/v2\/product_cat?post=719210"},{"taxonomy":"product_tag","embeddable":true,"href":"https:\/\/roveyayinevi.com.tr\/index.php\/wp-json\/wp\/v2\/product_tag?post=719210"}],"curies":[{"name":"wp","href":"https:\/\/api.w.org\/{rel}","templated":true}]}}