{"id":719208,"date":"2025-08-27T18:19:11","date_gmt":"2025-08-27T15:19:11","guid":{"rendered":"https:\/\/roveyayinevi.com.tr\/index.php\/urun\/cocuklar-icin-satranc-uygulama\/"},"modified":"2026-04-16T02:27:29","modified_gmt":"2026-04-15T23:27:29","slug":"cocuklar-icin-satranc-uygulama","status":"publish","type":"product","link":"https:\/\/roveyayinevi.com.tr\/index.php\/urun\/cocuklar-icin-satranc-uygulama\/","title":{"rendered":"\u00c7ocuklar \u0130\u00e7in Satran\u00e7 Uygulama"},"content":{"rendered":"<p>Farkl\u0131 farkl\u0131 bulmacalar, oyunlar ve etkinlikler sayesinde hem satran\u00e7 becerilerinizi geli\u015ftirecek hem de \u00e7ok g\u00fczel zaman ge\u00e7ireceksiniz.Jess ve Jamie; sizin i\u00e7in H\u0131rs\u0131z &#8211; Polis, Piyon Sava\u015flar\u0131, A\u00e7 Atlar, Kurnaz Vezirler, Sald\u0131rgan Kaleler ve benzer isimler verdikleri pek \u00e7ok farkl\u0131 etkinlik haz\u0131rlad\u0131lar. Bu oyunlardan b\u00fcy\u00fck fayda g\u00f6recek, ba\u015far\u0131l\u0131 bir satran\u00e7 oyuncusu olman\u0131z\u0131 kolayla\u015ft\u0131racak pek \u00e7ok strateji, hamle ve ipucu \u00f6\u011freneceksiniz.\u00c7ocuklar \u0130\u00e7in Satran\u00e7 Uygulama Kitab\u0131 sayesinde k\u0131sa zamanda muhte\u015fem bir satran\u00e7 oyuncusu olacaks\u0131n\u0131z!<\/p>\n","protected":false},"excerpt":{"rendered":"<p>Farkl\u0131 farkl\u0131 bulmacalar, oyunlar ve etkinlikler sayesinde hem satran\u00e7 becerilerinizi geli\u015ftirecek hem de \u00e7ok g\u00fczel zaman ge\u00e7ireceksiniz.Jess ve Jamie; sizin i\u00e7in H\u0131rs\u0131z &#8211; Polis, Piyon Sava\u015flar\u0131,<span class=\"excerpt-hellip\"> [\u2026]<\/span><\/p>\n","protected":false},"featured_media":0,"template":"","meta":{"_monsterinsights_skip_tracking":false,"_monsterinsights_sitenote_active":false,"_monsterinsights_sitenote_note":"","_monsterinsights_sitenote_category":0},"product_brand":[],"product_cat":[12274,15842],"product_tag":[],"class_list":{"0":"post-719208","1":"product","2":"type-product","3":"status-publish","5":"product_cat-cocuk-ve-genclik-kitaplari","6":"product_cat-egitici-kitaplar","7":"pa_cilt-ciltsiz","8":"pa_tur-kitap","9":"pa_yayinevi-1001-cicek-kitaplar","10":"pa_yazar-sabrina-chevannes","12":"first","13":"instock","14":"sale","15":"shipping-taxable","16":"purchasable","17":"product-type-simple"},"_links":{"self":[{"href":"https:\/\/roveyayinevi.com.tr\/index.php\/wp-json\/wp\/v2\/product\/719208","targetHints":{"allow":["GET"]}}],"collection":[{"href":"https:\/\/roveyayinevi.com.tr\/index.php\/wp-json\/wp\/v2\/product"}],"about":[{"href":"https:\/\/roveyayinevi.com.tr\/index.php\/wp-json\/wp\/v2\/types\/product"}],"wp:attachment":[{"href":"https:\/\/roveyayinevi.com.tr\/index.php\/wp-json\/wp\/v2\/media?parent=719208"}],"wp:term":[{"taxonomy":"product_brand","embeddable":true,"href":"https:\/\/roveyayinevi.com.tr\/index.php\/wp-json\/wp\/v2\/product_brand?post=719208"},{"taxonomy":"product_cat","embeddable":true,"href":"https:\/\/roveyayinevi.com.tr\/index.php\/wp-json\/wp\/v2\/product_cat?post=719208"},{"taxonomy":"product_tag","embeddable":true,"href":"https:\/\/roveyayinevi.com.tr\/index.php\/wp-json\/wp\/v2\/product_tag?post=719208"}],"curies":[{"name":"wp","href":"https:\/\/api.w.org\/{rel}","templated":true}]}}