{"id":719207,"date":"2025-08-27T18:19:10","date_gmt":"2025-08-27T15:19:10","guid":{"rendered":"https:\/\/roveyayinevi.com.tr\/index.php\/urun\/sen-iyi-fikirsin\/"},"modified":"2026-04-16T02:27:29","modified_gmt":"2026-04-15T23:27:29","slug":"sen-iyi-fikirsin","status":"publish","type":"product","link":"https:\/\/roveyayinevi.com.tr\/index.php\/urun\/sen-iyi-fikirsin\/","title":{"rendered":"Sen \u0130yi Fikirsin"},"content":{"rendered":"<p>Ey har i\u00e7inde inleyen ayaz d\u00fc\u015f\u00fcnce\u00c7ocukluktan kalma o \u00fcrkek bak\u0131\u015fBak arz\u0131 talan etmi\u015f nice kavgalar\u0130mgeler s\u0131rr\u0131yla \u015fiir tutulmas\u0131ndaSes ver ki aleme bilensin sevdalarVe i\u015flensin ruhlara o ince nak\u0131\u015f<\/p>\n","protected":false},"excerpt":{"rendered":"<p>Ey har i\u00e7inde inleyen ayaz d\u00fc\u015f\u00fcnce\u00c7ocukluktan kalma o \u00fcrkek bak\u0131\u015fBak arz\u0131 talan etmi\u015f nice kavgalar\u0130mgeler s\u0131rr\u0131yla \u015fiir tutulmas\u0131ndaSes ver ki aleme bilensin sevdalarVe i\u015flensin ruhlara o<span class=\"excerpt-hellip\"> [\u2026]<\/span><\/p>\n","protected":false},"featured_media":0,"template":"","meta":{"_monsterinsights_skip_tracking":false,"_monsterinsights_sitenote_active":false,"_monsterinsights_sitenote_note":"","_monsterinsights_sitenote_category":0},"product_brand":[],"product_cat":[12291,12509],"product_tag":[],"class_list":{"0":"post-719207","1":"product","2":"type-product","3":"status-publish","5":"product_cat-edebiyat","6":"product_cat-siir","7":"pa_cilt-ciltsiz","8":"pa_tur-kitap","9":"pa_yayinevi-kuytu-yayinlari","10":"pa_yazar-zafer-akarsu","12":"first","13":"instock","14":"sale","15":"shipping-taxable","16":"purchasable","17":"product-type-simple"},"_links":{"self":[{"href":"https:\/\/roveyayinevi.com.tr\/index.php\/wp-json\/wp\/v2\/product\/719207","targetHints":{"allow":["GET"]}}],"collection":[{"href":"https:\/\/roveyayinevi.com.tr\/index.php\/wp-json\/wp\/v2\/product"}],"about":[{"href":"https:\/\/roveyayinevi.com.tr\/index.php\/wp-json\/wp\/v2\/types\/product"}],"wp:attachment":[{"href":"https:\/\/roveyayinevi.com.tr\/index.php\/wp-json\/wp\/v2\/media?parent=719207"}],"wp:term":[{"taxonomy":"product_brand","embeddable":true,"href":"https:\/\/roveyayinevi.com.tr\/index.php\/wp-json\/wp\/v2\/product_brand?post=719207"},{"taxonomy":"product_cat","embeddable":true,"href":"https:\/\/roveyayinevi.com.tr\/index.php\/wp-json\/wp\/v2\/product_cat?post=719207"},{"taxonomy":"product_tag","embeddable":true,"href":"https:\/\/roveyayinevi.com.tr\/index.php\/wp-json\/wp\/v2\/product_tag?post=719207"}],"curies":[{"name":"wp","href":"https:\/\/api.w.org\/{rel}","templated":true}]}}