{"id":719203,"date":"2025-08-27T18:19:07","date_gmt":"2025-08-27T15:19:07","guid":{"rendered":"https:\/\/roveyayinevi.com.tr\/index.php\/urun\/yasayan-sebepler\/"},"modified":"2026-01-22T02:48:00","modified_gmt":"2026-01-21T23:48:00","slug":"yasayan-sebepler","status":"publish","type":"product","link":"https:\/\/roveyayinevi.com.tr\/index.php\/urun\/yasayan-sebepler\/","title":{"rendered":"Ya\u015fayan Sebepler"},"content":{"rendered":"<p>Ya\u015fayan Sebepler, Ali \u00d6zg\u00fcr \u00d6zkarc\u0131\u2019n\u0131n 2010-2015 aras\u0131 yazd\u0131\u011f\u0131 \u015fiirleri bir araya getiriyor. Dikkat K\u00f6stebek \u00c7\u0131kabilir, Yetmez Ama Hay\u0131r, Bi M\u00fcddet Aran\u0131zda Olamayaca\u011f\u0131m; \u00fc\u00e7\u00fc bir arada, Ya\u015fayan Sebepler\u2019de.  <\/p>\n","protected":false},"excerpt":{"rendered":"<p>Ya\u015fayan Sebepler, Ali \u00d6zg\u00fcr \u00d6zkarc\u0131\u2019n\u0131n 2010-2015 aras\u0131 yazd\u0131\u011f\u0131 \u015fiirleri bir araya getiriyor. Dikkat K\u00f6stebek \u00c7\u0131kabilir, Yetmez Ama Hay\u0131r, Bi M\u00fcddet Aran\u0131zda Olamayaca\u011f\u0131m; \u00fc\u00e7\u00fc bir arada, Ya\u015fayan<span class=\"excerpt-hellip\"> [\u2026]<\/span><\/p>\n","protected":false},"featured_media":0,"template":"","meta":{"_monsterinsights_skip_tracking":false,"_monsterinsights_sitenote_active":false,"_monsterinsights_sitenote_note":"","_monsterinsights_sitenote_category":0},"product_brand":[],"product_cat":[12291,12509],"product_tag":[],"class_list":{"0":"post-719203","1":"product","2":"type-product","3":"status-publish","5":"product_cat-edebiyat","6":"product_cat-siir","7":"pa_cilt-ciltsiz","8":"pa_tur-kitap","9":"pa_yayinevi-edebi-seyler","10":"pa_yazar-ali-ozgur-ozkarci","12":"first","13":"instock","14":"sale","15":"shipping-taxable","16":"purchasable","17":"product-type-simple"},"_links":{"self":[{"href":"https:\/\/roveyayinevi.com.tr\/index.php\/wp-json\/wp\/v2\/product\/719203","targetHints":{"allow":["GET"]}}],"collection":[{"href":"https:\/\/roveyayinevi.com.tr\/index.php\/wp-json\/wp\/v2\/product"}],"about":[{"href":"https:\/\/roveyayinevi.com.tr\/index.php\/wp-json\/wp\/v2\/types\/product"}],"wp:attachment":[{"href":"https:\/\/roveyayinevi.com.tr\/index.php\/wp-json\/wp\/v2\/media?parent=719203"}],"wp:term":[{"taxonomy":"product_brand","embeddable":true,"href":"https:\/\/roveyayinevi.com.tr\/index.php\/wp-json\/wp\/v2\/product_brand?post=719203"},{"taxonomy":"product_cat","embeddable":true,"href":"https:\/\/roveyayinevi.com.tr\/index.php\/wp-json\/wp\/v2\/product_cat?post=719203"},{"taxonomy":"product_tag","embeddable":true,"href":"https:\/\/roveyayinevi.com.tr\/index.php\/wp-json\/wp\/v2\/product_tag?post=719203"}],"curies":[{"name":"wp","href":"https:\/\/api.w.org\/{rel}","templated":true}]}}