{"id":719202,"date":"2025-08-27T18:19:06","date_gmt":"2025-08-27T15:19:06","guid":{"rendered":"https:\/\/roveyayinevi.com.tr\/index.php\/urun\/lefter-futbolun-ordinaryusu\/"},"modified":"2026-04-16T02:27:29","modified_gmt":"2026-04-15T23:27:29","slug":"lefter-futbolun-ordinaryusu","status":"publish","type":"product","link":"https:\/\/roveyayinevi.com.tr\/index.php\/urun\/lefter-futbolun-ordinaryusu\/","title":{"rendered":"Lefter: Futbolun Ordinary\u00fcs\u00fc"},"content":{"rendered":"<p>\u201cOrdinary\u00fcs\u00fcm\u00fcz Lefter K\u00fc\u00e7\u00fckandonyadis\u2019in hayat\u0131n\u0131 anlatan bu de\u011ferli kitab\u0131n geride b\u0131rakt\u0131\u011f\u0131m\u0131z 2018-2019 Lefter K\u00fc\u00e7\u00fckandonyadis sezonunun ard\u0131ndan \u00fc\u00e7\u00fcnc\u00fc bask\u0131s\u0131yla yeniden okuyucuyla bulu\u015fmas\u0131n\u0131 \u00e7ok de\u011ferli ve \u00f6nemli buluyorum.   G\u00f6n\u00fcl verdi\u011fi  tak\u0131m fark etmeksizin \u00fclkemizin t\u00fcm gen\u00e7lerinin bu kitab\u0131 okuyarak dersler \u00e7\u0131karmas\u0131n\u0131 ve efsane Lefter\u2019in temsil etti\u011fi de\u011ferlerin iyi anla\u015f\u0131lmas\u0131n\u0131 can\u0131 g\u00f6n\u00fclden diliyor; formam\u0131za can katan Lefter K\u00fc\u00e7\u00fckandonyadis\u2019i bir kez daha sayg\u0131 ve \u015f\u00fckranla an\u0131yorum.    Fenerbah\u00e7e ya\u015fad\u0131k\u00e7a \u2018Lefter ruhu\u2019 sonsuza dek varl\u0131\u011f\u0131n\u0131 s\u00fcrd\u00fcrecek\u2026\u201d   Ali Y. Ko\u00e7  Fenerbah\u00e7e Spor Kul\u00fcb\u00fc Ba\u015fkan\u0131 <\/p>\n","protected":false},"excerpt":{"rendered":"<p>\u201cOrdinary\u00fcs\u00fcm\u00fcz Lefter K\u00fc\u00e7\u00fckandonyadis\u2019in hayat\u0131n\u0131 anlatan bu de\u011ferli kitab\u0131n geride b\u0131rakt\u0131\u011f\u0131m\u0131z 2018-2019 Lefter K\u00fc\u00e7\u00fckandonyadis sezonunun ard\u0131ndan \u00fc\u00e7\u00fcnc\u00fc bask\u0131s\u0131yla yeniden okuyucuyla bulu\u015fmas\u0131n\u0131 \u00e7ok de\u011ferli ve \u00f6nemli buluyorum. G\u00f6n\u00fcl<span class=\"excerpt-hellip\"> [\u2026]<\/span><\/p>\n","protected":false},"featured_media":0,"template":"","meta":{"_monsterinsights_skip_tracking":false,"_monsterinsights_sitenote_active":false,"_monsterinsights_sitenote_note":"","_monsterinsights_sitenote_category":0},"product_brand":[],"product_cat":[15563,15564],"product_tag":[],"class_list":{"0":"post-719202","1":"product","2":"type-product","3":"status-publish","5":"product_cat-hobi","6":"product_cat-spor","7":"pa_cilt-ciltsiz","8":"pa_tur-kitap","9":"pa_yayinevi-ithaki-yayinlari","10":"pa_yazar-haluk-hergun","12":"first","13":"instock","14":"sale","15":"shipping-taxable","16":"purchasable","17":"product-type-simple"},"_links":{"self":[{"href":"https:\/\/roveyayinevi.com.tr\/index.php\/wp-json\/wp\/v2\/product\/719202","targetHints":{"allow":["GET"]}}],"collection":[{"href":"https:\/\/roveyayinevi.com.tr\/index.php\/wp-json\/wp\/v2\/product"}],"about":[{"href":"https:\/\/roveyayinevi.com.tr\/index.php\/wp-json\/wp\/v2\/types\/product"}],"wp:attachment":[{"href":"https:\/\/roveyayinevi.com.tr\/index.php\/wp-json\/wp\/v2\/media?parent=719202"}],"wp:term":[{"taxonomy":"product_brand","embeddable":true,"href":"https:\/\/roveyayinevi.com.tr\/index.php\/wp-json\/wp\/v2\/product_brand?post=719202"},{"taxonomy":"product_cat","embeddable":true,"href":"https:\/\/roveyayinevi.com.tr\/index.php\/wp-json\/wp\/v2\/product_cat?post=719202"},{"taxonomy":"product_tag","embeddable":true,"href":"https:\/\/roveyayinevi.com.tr\/index.php\/wp-json\/wp\/v2\/product_tag?post=719202"}],"curies":[{"name":"wp","href":"https:\/\/api.w.org\/{rel}","templated":true}]}}