{"id":719199,"date":"2025-08-27T18:19:03","date_gmt":"2025-08-27T15:19:03","guid":{"rendered":"https:\/\/roveyayinevi.com.tr\/index.php\/urun\/zeplin\/"},"modified":"2026-04-16T02:27:29","modified_gmt":"2026-04-15T23:27:29","slug":"zeplin","status":"publish","type":"product","link":"https:\/\/roveyayinevi.com.tr\/index.php\/urun\/zeplin\/","title":{"rendered":"Zeplin"},"content":{"rendered":"<p>2013 CRAWFORD \u00d6D\u00dcL\u00dc KAZANANI \/ 2012 JAMES TIPTREE JR. ONUR L\u0130STES\u0130 \/ 2013 D\u00dcNYA FANTAZ\u0130 EN \u0130Y\u0130 KOLEKS\u0130YON \u00d6D\u00dcL\u00dc ADAYI   \u201cTedirgin edici\u2026 keyifli\u2026 gizemli bi\u00e7imde dokunakl\u0131\u2026 Bunlar muazzam \u00f6yk\u00fcler.\u201d \u2013Ursula K. Le Guin   Bir adam bir zepline \u00e2\u015f\u0131k olur. Bir operat\u00f6r Cehennem\u2019e telefon ba\u011flar. \u00dc\u00e7 kad\u0131n zaman\u0131n \u00f6tesindeki bir yerde s\u00fcz\u00fcl\u00fcrler.   \u0130sve\u00e7li yazar Karin Tidbeck\u2019in alacakaranl\u0131k d\u00fcnyas\u0131na ho\u015f geldiniz. Perilerin sakin k\u00f6ylere musallat oldu\u011fu, \u00f6l\u00fcms\u00fcz bir varl\u0131\u011f\u0131n zaman kavram\u0131yla tan\u0131\u015ft\u0131\u011f\u0131 bir d\u00fcnya. Her \u015feyin m\u00fcmk\u00fcn olabilece\u011fi bir d\u00fcnya. Tidbeck\u2019in hem g\u00fcld\u00fcren hem de rahats\u0131z eden, hem duyguland\u0131ran hem de var olmayan bir yere hasret \u00e7ekmenizi sa\u011flayan \u00f6yk\u00fcleri t\u00fcrler aras\u0131ndaki s\u0131n\u0131rlar\u0131 ustal\u0131kla a\u015f\u0131p tan\u0131d\u0131k ile bilinmeyenin \u00e7ekicili\u011fini ve deh\u015fetini hissetmenizi sa\u011fl\u0131yor.   \u201cBu \u00f6yk\u00fclerde b\u00fcy\u00fc sessizce g\u00f6steriyor kendini. Ormandan da gelebilir, topraktan da; tamamen ba\u015fka bir boyuta da ait olabilir, ailenizin genlerine i\u015flenmi\u015f de. B\u00fcy\u00fc, siz okuduk\u00e7a bu sayfalardan s\u0131z\u0131p sonuna geldi\u011finizde sizi de biraz b\u00fcy\u00fclenmi\u015f halde b\u0131rak\u0131yor.\u201d \u2013Karen Joy Fowler   \u201c\u0130mk\u00e2ns\u0131z armonileriyle Karin Tidbeck dikkat edilmesi gereken bir kalem.\u201d \u2013China Mieville <\/p>\n","protected":false},"excerpt":{"rendered":"<p>2013 CRAWFORD \u00d6D\u00dcL\u00dc KAZANANI \/ 2012 JAMES TIPTREE JR. ONUR L\u0130STES\u0130 \/ 2013 D\u00dcNYA FANTAZ\u0130 EN \u0130Y\u0130 KOLEKS\u0130YON \u00d6D\u00dcL\u00dc ADAYI \u201cTedirgin edici\u2026 keyifli\u2026 gizemli bi\u00e7imde dokunakl\u0131\u2026<span class=\"excerpt-hellip\"> [\u2026]<\/span><\/p>\n","protected":false},"featured_media":0,"template":"","meta":{"_monsterinsights_skip_tracking":false,"_monsterinsights_sitenote_active":false,"_monsterinsights_sitenote_note":"","_monsterinsights_sitenote_category":0},"product_brand":[],"product_cat":[12291,14777],"product_tag":[],"class_list":{"0":"post-719199","1":"product","2":"type-product","3":"status-publish","5":"product_cat-edebiyat","6":"product_cat-fantastik","7":"pa_cilt-ciltsiz","8":"pa_tur-kitap","9":"pa_yayinevi-ithaki-yayinlari","10":"pa_yazar-karin-tidbeck","12":"first","13":"instock","14":"sale","15":"shipping-taxable","16":"purchasable","17":"product-type-simple"},"_links":{"self":[{"href":"https:\/\/roveyayinevi.com.tr\/index.php\/wp-json\/wp\/v2\/product\/719199","targetHints":{"allow":["GET"]}}],"collection":[{"href":"https:\/\/roveyayinevi.com.tr\/index.php\/wp-json\/wp\/v2\/product"}],"about":[{"href":"https:\/\/roveyayinevi.com.tr\/index.php\/wp-json\/wp\/v2\/types\/product"}],"wp:attachment":[{"href":"https:\/\/roveyayinevi.com.tr\/index.php\/wp-json\/wp\/v2\/media?parent=719199"}],"wp:term":[{"taxonomy":"product_brand","embeddable":true,"href":"https:\/\/roveyayinevi.com.tr\/index.php\/wp-json\/wp\/v2\/product_brand?post=719199"},{"taxonomy":"product_cat","embeddable":true,"href":"https:\/\/roveyayinevi.com.tr\/index.php\/wp-json\/wp\/v2\/product_cat?post=719199"},{"taxonomy":"product_tag","embeddable":true,"href":"https:\/\/roveyayinevi.com.tr\/index.php\/wp-json\/wp\/v2\/product_tag?post=719199"}],"curies":[{"name":"wp","href":"https:\/\/api.w.org\/{rel}","templated":true}]}}