{"id":719198,"date":"2025-08-27T18:19:02","date_gmt":"2025-08-27T15:19:02","guid":{"rendered":"https:\/\/roveyayinevi.com.tr\/index.php\/urun\/ucan-mabet\/"},"modified":"2026-04-16T02:27:29","modified_gmt":"2026-04-15T23:27:29","slug":"ucan-mabet","status":"publish","type":"product","link":"https:\/\/roveyayinevi.com.tr\/index.php\/urun\/ucan-mabet\/","title":{"rendered":"U\u00e7an Mabet"},"content":{"rendered":"<p>U\u00e7an Mabet, Tolkien\u2019in Y\u00fcz\u00fcklerin Efendisi serisinden Ursula K. Le Guin\u2019in Yerdeniz\u2019ine kadar d\u00fcnya edebiyat\u0131n\u0131n \u00f6nde gelen fantastik ve bilimkurgu eserlerini dilimize kazand\u0131ran \u00c7i\u011fdem Erkal\u2019\u0131n ilk roman\u0131.   Ya\u015fad\u0131\u011f\u0131m\u0131z d\u00fcnyaya hi\u00e7 benzemeyen ama i\u00e7inde kendinizi yabanc\u0131 hissetmeyece\u011finiz bir gezegenin, duygular\u0131n\u0131 kaybetmi\u015f bir halk\u0131n ve bir \u015feylerin yanl\u0131\u015f gitti\u011fine inanan bir avu\u00e7 insan\u0131n hik\u00e2yesini anlat\u0131yor \u00c7i\u011fdem Erkal.   Ki\u015fisel bir \u00f6yk\u00fcn\u00fcn paralelinde, tarihin \u00e7arp\u0131t\u0131lmas\u0131 sebebiyle \u00f6z\u00fcn\u00fc kaybeden bir halka yard\u0131m etmek isteyen insanlar\u0131n m\u00fccadelesini distopik \u00f6\u011felerle kaleme alan \u00c7i\u011fdem Erkal\u2019\u0131n, edebi birikimini sat\u0131r sat\u0131r aktard\u0131\u011f\u0131 roman hem fantastik hem de bilimkurgu okurlar\u0131 i\u00e7in tatmin edici bir okuma vadediyor.   Pangea Serisi\u2019nin ilk bilimkurgu kitab\u0131 olan U\u00e7an Mabet\u2019in, okurlar\u0131n ba\u015fucu kitaplar\u0131 aras\u0131na girece\u011fine inan\u0131yoruz.   \u201cTa\u015f\u0131n makam\u0131n\u0131 yakala. Sen bir katunk\u0131zs\u0131n, m\u00fczik nedir bilirsin. Ta\u015f\u0131n makam\u0131n\u0131 yakala. Ta\u015f, \u0131\u015f\u0131klar\u0131n bir k\u0131sm\u0131n\u0131 ge\u00e7irip, bir k\u0131sm\u0131n\u0131 ge\u00e7irmez. Ta\u015ftan ge\u00e7en \u0131\u015f\u0131k yedi renk olur, yedi renk de yedi ses. Ta\u015f\u0131n makam\u0131n\u0131 yakala. S\u00f6yledi\u011fi \u015fark\u0131y\u0131 dinle. O b\u0131kmadan usanmadan s\u00f6yl\u00fcyor \u015fark\u0131s\u0131n\u0131, bir g\u00fcn, olur da birileri dinler diye.\u201d <\/p>\n","protected":false},"excerpt":{"rendered":"<p>U\u00e7an Mabet, Tolkien\u2019in Y\u00fcz\u00fcklerin Efendisi serisinden Ursula K. Le Guin\u2019in Yerdeniz\u2019ine kadar d\u00fcnya edebiyat\u0131n\u0131n \u00f6nde gelen fantastik ve bilimkurgu eserlerini dilimize kazand\u0131ran \u00c7i\u011fdem Erkal\u2019\u0131n ilk roman\u0131.<span class=\"excerpt-hellip\"> [\u2026]<\/span><\/p>\n","protected":false},"featured_media":0,"template":"","meta":{"_monsterinsights_skip_tracking":false,"_monsterinsights_sitenote_active":false,"_monsterinsights_sitenote_note":"","_monsterinsights_sitenote_category":0},"product_brand":[],"product_cat":[12540,12291],"product_tag":[],"class_list":{"0":"post-719198","1":"product","2":"type-product","3":"status-publish","5":"product_cat-bilim-kurgu","6":"product_cat-edebiyat","7":"pa_cilt-ciltsiz","8":"pa_tur-kitap","9":"pa_yayinevi-ithaki-yayinlari","10":"pa_yazar-cigdem-erkal","12":"first","13":"instock","14":"sale","15":"shipping-taxable","16":"purchasable","17":"product-type-simple"},"_links":{"self":[{"href":"https:\/\/roveyayinevi.com.tr\/index.php\/wp-json\/wp\/v2\/product\/719198","targetHints":{"allow":["GET"]}}],"collection":[{"href":"https:\/\/roveyayinevi.com.tr\/index.php\/wp-json\/wp\/v2\/product"}],"about":[{"href":"https:\/\/roveyayinevi.com.tr\/index.php\/wp-json\/wp\/v2\/types\/product"}],"wp:attachment":[{"href":"https:\/\/roveyayinevi.com.tr\/index.php\/wp-json\/wp\/v2\/media?parent=719198"}],"wp:term":[{"taxonomy":"product_brand","embeddable":true,"href":"https:\/\/roveyayinevi.com.tr\/index.php\/wp-json\/wp\/v2\/product_brand?post=719198"},{"taxonomy":"product_cat","embeddable":true,"href":"https:\/\/roveyayinevi.com.tr\/index.php\/wp-json\/wp\/v2\/product_cat?post=719198"},{"taxonomy":"product_tag","embeddable":true,"href":"https:\/\/roveyayinevi.com.tr\/index.php\/wp-json\/wp\/v2\/product_tag?post=719198"}],"curies":[{"name":"wp","href":"https:\/\/api.w.org\/{rel}","templated":true}]}}