{"id":719196,"date":"2025-08-27T18:19:01","date_gmt":"2025-08-27T15:19:01","guid":{"rendered":"https:\/\/roveyayinevi.com.tr\/index.php\/urun\/50-kisisel-gelisim-klasigi\/"},"modified":"2026-04-16T02:27:29","modified_gmt":"2026-04-15T23:27:29","slug":"50-kisisel-gelisim-klasigi","status":"publish","type":"product","link":"https:\/\/roveyayinevi.com.tr\/index.php\/urun\/50-kisisel-gelisim-klasigi\/","title":{"rendered":"50 Ki\u015fisel Geli\u015fim Klasi\u011fi"},"content":{"rendered":"<p>\u0130LHAM VEREN KAD\u0130M B\u0130LGELER VE \u00c7A\u011eDA\u015e GURULARIN ESERLER\u0130NDEN OLU\u015eAN B\u0130R K\u0130\u015e\u0130SEL GEL\u0130\u015e\u0130M K\u00dcT\u00dcPHANES\u0130  50 K\u0130\u015e\u0130SEL GEL\u0130\u015e\u0130M KLAS\u0130\u011e\u0130\u2019nde halihaz\u0131rda milyonlar\u0131n hayat\u0131n\u0131 de\u011fi\u015ftirmi\u015f ve ki\u015fisel geli\u015fim alan\u0131nda klasik haline gelmi\u015f kitaplar\u0131n can al\u0131c\u0131 noktalar\u0131n\u0131 bulacaks\u0131n\u0131z. Bak\u0131\u015f a\u00e7\u0131n\u0131z\u0131 geni\u015fletecek fikirleri ve baz\u0131 \u00f6nemli d\u00fc\u015f\u00fcn\u00fcrlerin, e\u011fitmenlerin ve bilgelerin s\u00f6zlerini KE\u015eFED\u0130N: ABRAHAM MASLOW \u2022 AYN RAND \u2022 PAULO COELHO \u2022 RALPH WALDO EMERSON \u2022 JAMES ALLEN \u2022 DALAI LAMA \u2022 ROBERT BLY \u2022 JOSEPH CAMPBELL \u2022 CLARISSA PINKOLA EST\u00c9S \u2022 BENJAMIN FRANKLIN \u2022 JAMES HILLMAN \u2022 THOMAS MOORE \u2022 PIERRE TEILHARD DE CHARDIN \u2022 FLORENCE SCOVELL SHINN \u2022 HENRY DAVID THOREAU \u2022 VIKTOR FRANKL Antik felsefenin ve spirit\u00fcalizmin ilham veren bilgeli\u011fini TECR\u00dcBE ED\u0130N: MARCUS AURELIUS \u2022 BHAGAVAD-GITA \u2022 LAO TZU \u2022 DHAMMAPADA \u2022 BOETHIUS Mutluluk psikolojisi gurular\u0131yla sorunlar\u0131n\u0131za E\u011e\u0130L\u0130N ve \u00c7\u00d6Z\u00dcM \u00dcRET\u0130N: DALE CARNEGIE \u2022 ALAIN DE BOTTON \u2022 ANTHONY ROBBINS \u2022 DEEPAK CHOPRA \u2022 DAVID BURNS \u2022 RICHARD CARLSON \u2022 STEPHEN R. COVEY \u2022 MIHALY CSIKSZENTMIHALYI \u2022 WAYNE DYER \u2022 SHAKTI GAWAIN \u2022 JOHN GRAY \u2022 LOUISE HAY \u2022 SUSAN JEFFERS \u2022 RICHARD KOCH \u2022 ELLEN LANGER \u2022 MAXWELL MALTZ \u2022 PHIL McGRAW \u2022 JOSEPH MURPHY \u2022 NORMAN VINCENT PEALE \u2022 CAROL PEARSON \u2022 M. SCOTT PECK \u2022 MARTIN SELIGMAN \u2022 SAMUEL SMILES \u2022 MARIANNE WILLIAMSON \u2022 MARTHA BECK \u2022 WILLIAM BRIDGES \u2022 DANIEL GOLEMAN Bug\u00fcne kadar ki\u015fisel geli\u015fim ve kendini ger\u00e7ekle\u015ftirme hakk\u0131ndaki \u201cs\u0131rlar\u0131\u201d i\u00e7erdi\u011fi s\u00f6ylenen binlerce kitap yaz\u0131lm\u0131\u015ft\u0131r. Az Se\u00e7ilen Yol, Dost Kazanma ve \u0130nsanlar\u0131 Etkileme Sanat\u0131 ya da \u0130\u00e7indeki Devi Uyand\u0131r gibi eserler bunlara \u00f6rnektir. Fakat t\u00fcm zamanlar\u0131n en ba\u015far\u0131l\u0131 klasi\u011fi bunlardan hangisi olabilir? Hangisi hayat\u0131n\u0131z\u0131 ger\u00e7ekten de\u011fi\u015ftirebilir? Tom Butler-Bowdon bu konuyla ilgili u\u00e7suz bucaks\u0131z literat\u00fcrden kestirme yol \u00e7izerek okurlar\u0131na \u201colas\u0131l\u0131k literat\u00fcr\u00fcnden\u201d temel g\u00f6r\u00fc\u015fler, bilgiler ve teknikler sunuyor. D\u00fcnya dinlerini, k\u00fclt\u00fcrleri, bilgelikleri ve farkl\u0131 y\u00fczy\u0131llar\u0131 kapsayan efsane haline gelmi\u015f bu 50 eser k\u0131saca anlat\u0131l\u0131yor ve her birinin kilit noktalar\u0131 veriliyor. Bunun yan\u0131 s\u0131ra 50 K\u0130\u015e\u0130SEL GEL\u0130\u015e\u0130M KLAS\u0130\u011e\u0130, okumaya \u00e7ok zaman ay\u0131ramayanlara da k\u0131lavuzluk ediyor. Buddha ve Lao Tzu gibi antik bilgelerin, Benjamin Franklin ile Samuel Smiles gibi karakter geli\u015fimine faydas\u0131 dokunacak eserler yazm\u0131\u015f ki\u015filerin; Duygusal Zek\u00e2, \u00d6\u011frenilmi\u015f \u0130yimserlik ve Etkili \u0130nsanlar\u0131n 7 Al\u0131\u015fkanl\u0131\u011f\u0131 gibi \u00e7a\u011fda\u015f \u00e7oksatan kitaplar\u0131n yer ald\u0131\u011f\u0131 bu 50 klasik listesi yirminci y\u00fczy\u0131l\u0131n ba\u015flar\u0131ndan itibaren pop\u00fclerle\u015fen \u201cki\u015fisel geli\u015fim\u201d t\u00fcr\u00fcn\u00fcn en iyi temsilcilerinin derlemesidir. 50 K\u0130\u015e\u0130SEL GEL\u0130\u015e\u0130M KLAS\u0130\u011e\u0130 hayat\u0131n\u0131z\u0131 de\u011fi\u015ftirecek klasik haline gelmi\u015f eserlerin \u201ctad\u0131ml\u0131k\u201d tan\u0131t\u0131m\u0131 niteli\u011findedir. Tom Butler-Bowdon, insanlar\u0131n anlaml\u0131 bir hayat ve ba\u015far\u0131 \u00f6zleminin fark\u0131na varm\u0131\u015f, farkl\u0131 ekollerden ve d\u00f6nemlerden eserleri bir araya getirmi\u015ftir. \u201cPotansiyellerinin fark\u0131na varmak isteyenler i\u00e7in \u00e7ok faydal\u0131 eserlerin yer ald\u0131\u011f\u0131 bir derleme.\u201d Ellen Langer, Harvard \u00dcniversitesi Psikoloji Profes\u00f6r\u00fc \u201cKi\u015fisel geli\u015fim alan\u0131nda efsane haline gelmi\u015f eserlerden tad\u0131ml\u0131k bilgi almak isteyenler i\u00e7in harika bir kaynak.\u201d Stephen R. Covey \u201cButler-Bowdon\u2019\u0131n, okurlar\u0131 ayd\u0131nlatacak ve kendi do\u011falar\u0131n\u0131n \u00f6z\u00fcn\u00fc anlamalar\u0131n\u0131 sa\u011flayacak g\u00f6r\u00fc\u015fleri bar\u0131nd\u0131ran bu kitab\u0131 san\u0131r\u0131m yak\u0131nda 51. klasik olacak!\u201d Warren Bennis<\/p>\n","protected":false},"excerpt":{"rendered":"<p>\u0130LHAM VEREN KAD\u0130M B\u0130LGELER VE \u00c7A\u011eDA\u015e GURULARIN ESERLER\u0130NDEN OLU\u015eAN B\u0130R K\u0130\u015e\u0130SEL GEL\u0130\u015e\u0130M K\u00dcT\u00dcPHANES\u0130 50 K\u0130\u015e\u0130SEL GEL\u0130\u015e\u0130M KLAS\u0130\u011e\u0130\u2019nde halihaz\u0131rda milyonlar\u0131n hayat\u0131n\u0131 de\u011fi\u015ftirmi\u015f ve ki\u015fisel geli\u015fim alan\u0131nda klasik<span class=\"excerpt-hellip\"> [\u2026]<\/span><\/p>\n","protected":false},"featured_media":0,"template":"","meta":{"_monsterinsights_skip_tracking":false,"_monsterinsights_sitenote_active":false,"_monsterinsights_sitenote_note":"","_monsterinsights_sitenote_category":0},"product_brand":[],"product_cat":[12364,12376],"product_tag":[],"class_list":{"0":"post-719196","1":"product","2":"type-product","3":"status-publish","5":"product_cat-genel-konular","6":"product_cat-kisisel-gelisim","7":"pa_cilt-ciltsiz","8":"pa_tur-kitap","9":"pa_yayinevi-pegasus-yayinlari","10":"pa_yazar-tom-butler-bowdon","12":"first","13":"instock","14":"sale","15":"shipping-taxable","16":"purchasable","17":"product-type-simple"},"_links":{"self":[{"href":"https:\/\/roveyayinevi.com.tr\/index.php\/wp-json\/wp\/v2\/product\/719196","targetHints":{"allow":["GET"]}}],"collection":[{"href":"https:\/\/roveyayinevi.com.tr\/index.php\/wp-json\/wp\/v2\/product"}],"about":[{"href":"https:\/\/roveyayinevi.com.tr\/index.php\/wp-json\/wp\/v2\/types\/product"}],"wp:attachment":[{"href":"https:\/\/roveyayinevi.com.tr\/index.php\/wp-json\/wp\/v2\/media?parent=719196"}],"wp:term":[{"taxonomy":"product_brand","embeddable":true,"href":"https:\/\/roveyayinevi.com.tr\/index.php\/wp-json\/wp\/v2\/product_brand?post=719196"},{"taxonomy":"product_cat","embeddable":true,"href":"https:\/\/roveyayinevi.com.tr\/index.php\/wp-json\/wp\/v2\/product_cat?post=719196"},{"taxonomy":"product_tag","embeddable":true,"href":"https:\/\/roveyayinevi.com.tr\/index.php\/wp-json\/wp\/v2\/product_tag?post=719196"}],"curies":[{"name":"wp","href":"https:\/\/api.w.org\/{rel}","templated":true}]}}