{"id":719194,"date":"2025-08-27T18:18:59","date_gmt":"2025-08-27T15:18:59","guid":{"rendered":"https:\/\/roveyayinevi.com.tr\/index.php\/urun\/kutup-yildizi-3\/"},"modified":"2026-04-16T02:27:29","modified_gmt":"2026-04-15T23:27:29","slug":"kutup-yildizi-3","status":"publish","type":"product","link":"https:\/\/roveyayinevi.com.tr\/index.php\/urun\/kutup-yildizi-3\/","title":{"rendered":"Kutup Y\u0131ld\u0131z\u0131 3"},"content":{"rendered":"<p>ASIL A\u015eK, KUTUP YILDIZI\u2019NIN G\u0130ZEML\u0130 KUTUSUNU A\u00c7MASIYLA BA\u015eLADI VE YAVA\u015e YAVA\u015e KUTUNUN DER\u0130NL\u0130KLER\u0130NE SIZDI. ORADA G\u00d6RD\u00dc KALB\u0130N\u0130N NASIL \u00c7IRPINDI\u011eINI, NASIL DE\u011e\u0130\u015eT\u0130\u011e\u0130N\u0130\u2026 Olayl\u0131 ge\u00e7en do\u011fum g\u00fcn\u00fc partisinde t\u00fcm ger\u00e7ekleri \u00f6\u011frenen Nisa i\u00e7in art\u0131k yeni kap\u0131lar aralanm\u0131\u015ft\u0131r. Bast\u0131rd\u0131\u011f\u0131 duygular kalbine s\u0131\u011fmazken, Kutup Y\u0131ld\u0131z\u0131 i\u00e7in art\u0131k galaksiden kayma vakti gelmi\u015ftir. Kalbindeki s\u0131cakl\u0131\u011fa kar\u015f\u0131 koyamayan Nisa, Demir\u2019in sevgisine kar\u015f\u0131l\u0131k vermeyi d\u00fc\u015f\u00fcn\u00fcrken \u00f6\u011frendi\u011fi sars\u0131c\u0131 ger\u00e7eklerle derin bir \u00e7\u0131kmaza savrulur. Peki, bundan sonra Nisa\u2019y\u0131 nas\u0131l bir yol beklemektedir? Kalbini \u00f6zg\u00fcrce a\u00e7\u0131p her \u015feyi arkas\u0131nda b\u0131rakarak Demir\u2019in g\u00fcvenli kollar\u0131na m\u0131 s\u0131\u011f\u0131nacak, yoksa bildi\u011fi ger\u00e7ekler a\u011f\u0131r bir y\u00fck olup omuzlar\u0131nda \u00e7\u00fcr\u00fcyerek onu hi\u00e7 istemedi\u011fi bir y\u00f6ne mi s\u00fcr\u00fckleyecek? <\/p>\n","protected":false},"excerpt":{"rendered":"<p>ASIL A\u015eK, KUTUP YILDIZI\u2019NIN G\u0130ZEML\u0130 KUTUSUNU A\u00c7MASIYLA BA\u015eLADI VE YAVA\u015e YAVA\u015e KUTUNUN DER\u0130NL\u0130KLER\u0130NE SIZDI. ORADA G\u00d6RD\u00dc KALB\u0130N\u0130N NASIL \u00c7IRPINDI\u011eINI, NASIL DE\u011e\u0130\u015eT\u0130\u011e\u0130N\u0130\u2026 Olayl\u0131 ge\u00e7en do\u011fum g\u00fcn\u00fc partisinde<span class=\"excerpt-hellip\"> [\u2026]<\/span><\/p>\n","protected":false},"featured_media":0,"template":"","meta":{"_monsterinsights_skip_tracking":false,"_monsterinsights_sitenote_active":false,"_monsterinsights_sitenote_note":"","_monsterinsights_sitenote_category":0},"product_brand":[],"product_cat":[12291,12711],"product_tag":[],"class_list":{"0":"post-719194","1":"product","2":"type-product","3":"status-publish","5":"product_cat-edebiyat","6":"product_cat-roman-oyku","7":"pa_cilt-ciltsiz","8":"pa_tur-kitap","9":"pa_yayinevi-ephesus-yayinlari","10":"pa_yazar-mehtap-firat","12":"first","13":"instock","14":"sale","15":"shipping-taxable","16":"purchasable","17":"product-type-simple"},"_links":{"self":[{"href":"https:\/\/roveyayinevi.com.tr\/index.php\/wp-json\/wp\/v2\/product\/719194","targetHints":{"allow":["GET"]}}],"collection":[{"href":"https:\/\/roveyayinevi.com.tr\/index.php\/wp-json\/wp\/v2\/product"}],"about":[{"href":"https:\/\/roveyayinevi.com.tr\/index.php\/wp-json\/wp\/v2\/types\/product"}],"wp:attachment":[{"href":"https:\/\/roveyayinevi.com.tr\/index.php\/wp-json\/wp\/v2\/media?parent=719194"}],"wp:term":[{"taxonomy":"product_brand","embeddable":true,"href":"https:\/\/roveyayinevi.com.tr\/index.php\/wp-json\/wp\/v2\/product_brand?post=719194"},{"taxonomy":"product_cat","embeddable":true,"href":"https:\/\/roveyayinevi.com.tr\/index.php\/wp-json\/wp\/v2\/product_cat?post=719194"},{"taxonomy":"product_tag","embeddable":true,"href":"https:\/\/roveyayinevi.com.tr\/index.php\/wp-json\/wp\/v2\/product_tag?post=719194"}],"curies":[{"name":"wp","href":"https:\/\/api.w.org\/{rel}","templated":true}]}}