{"id":719187,"date":"2025-08-27T18:18:53","date_gmt":"2025-08-27T15:18:53","guid":{"rendered":"https:\/\/roveyayinevi.com.tr\/index.php\/urun\/okul-oncesi-icin-yaratici-etkinlikler\/"},"modified":"2026-04-16T02:27:29","modified_gmt":"2026-04-15T23:27:29","slug":"okul-oncesi-icin-yaratici-etkinlikler","status":"publish","type":"product","link":"https:\/\/roveyayinevi.com.tr\/index.php\/urun\/okul-oncesi-icin-yaratici-etkinlikler\/","title":{"rendered":"Okul \u00d6ncesi \u0130\u00e7in Yarat\u0131c\u0131 Etkinlikler"},"content":{"rendered":"<p>Yarat\u0131c\u0131l\u0131\u011f\u0131n\u0131 geli\u015ftirmeye ve e\u011flenmeye haz\u0131r m\u0131s\u0131n?   Yarat\u0131c\u0131 olmak i\u00e7in en \u00f6nemli \u015fey, yarat\u0131c\u0131l\u0131\u011f\u0131m\u0131z\u0131 besleyip geli\u015ftirmek. Yarat\u0131c\u0131l\u0131\u011f\u0131m\u0131z\u0131 geli\u015ftirmek i\u00e7in ise onu \u00e7al\u0131\u015ft\u0131rmal\u0131y\u0131z. Bu e\u011flenceli kitapta, Leo ve Megi yarat\u0131c\u0131l\u0131\u011f\u0131n\u0131 geli\u015ftirmek i\u00e7in ihtiyac\u0131n olan \u00f6nemli ipu\u00e7lar\u0131n\u0131 seninle payla\u015f\u0131yor.   Kuru boya kalemleri, ke\u00e7eli kalemler ve suluboyalar\u0131 kullanarak farkl\u0131 renk, desen, doku ve bask\u0131lar\u0131 pembe bir fil ya da ye\u015fil bir penguene veya t\u00fcrl\u00fc t\u00fcrl\u00fc \u00e7i\u00e7eklerden olu\u015fan bir bah\u00e7eye d\u00f6n\u00fc\u015ft\u00fcrebilirsin.   Haydi, hayal g\u00fcc\u00fcm\u00fcz\u00fc kullanarak resim yap\u0131p e\u011flenelim!<\/p>\n","protected":false},"excerpt":{"rendered":"<p>Yarat\u0131c\u0131l\u0131\u011f\u0131n\u0131 geli\u015ftirmeye ve e\u011flenmeye haz\u0131r m\u0131s\u0131n? Yarat\u0131c\u0131 olmak i\u00e7in en \u00f6nemli \u015fey, yarat\u0131c\u0131l\u0131\u011f\u0131m\u0131z\u0131 besleyip geli\u015ftirmek. Yarat\u0131c\u0131l\u0131\u011f\u0131m\u0131z\u0131 geli\u015ftirmek i\u00e7in ise onu \u00e7al\u0131\u015ft\u0131rmal\u0131y\u0131z. Bu e\u011flenceli kitapta, Leo ve<span class=\"excerpt-hellip\"> [\u2026]<\/span><\/p>\n","protected":false},"featured_media":0,"template":"","meta":{"_monsterinsights_skip_tracking":false,"_monsterinsights_sitenote_active":false,"_monsterinsights_sitenote_note":"","_monsterinsights_sitenote_category":0},"product_brand":[],"product_cat":[12274,12518],"product_tag":[],"class_list":{"0":"post-719187","1":"product","2":"type-product","3":"status-publish","5":"product_cat-cocuk-ve-genclik-kitaplari","6":"product_cat-okul-oncesi-kitaplar","7":"pa_cilt-ciltsiz","8":"pa_tur-kitap","9":"pa_yayinevi-1001-cicek-kitaplar","10":"pa_yazar-rocio-bonilla","12":"first","13":"instock","14":"sale","15":"shipping-taxable","16":"purchasable","17":"product-type-simple"},"_links":{"self":[{"href":"https:\/\/roveyayinevi.com.tr\/index.php\/wp-json\/wp\/v2\/product\/719187","targetHints":{"allow":["GET"]}}],"collection":[{"href":"https:\/\/roveyayinevi.com.tr\/index.php\/wp-json\/wp\/v2\/product"}],"about":[{"href":"https:\/\/roveyayinevi.com.tr\/index.php\/wp-json\/wp\/v2\/types\/product"}],"wp:attachment":[{"href":"https:\/\/roveyayinevi.com.tr\/index.php\/wp-json\/wp\/v2\/media?parent=719187"}],"wp:term":[{"taxonomy":"product_brand","embeddable":true,"href":"https:\/\/roveyayinevi.com.tr\/index.php\/wp-json\/wp\/v2\/product_brand?post=719187"},{"taxonomy":"product_cat","embeddable":true,"href":"https:\/\/roveyayinevi.com.tr\/index.php\/wp-json\/wp\/v2\/product_cat?post=719187"},{"taxonomy":"product_tag","embeddable":true,"href":"https:\/\/roveyayinevi.com.tr\/index.php\/wp-json\/wp\/v2\/product_tag?post=719187"}],"curies":[{"name":"wp","href":"https:\/\/api.w.org\/{rel}","templated":true}]}}