{"id":719185,"date":"2025-08-27T18:18:51","date_gmt":"2025-08-27T15:18:51","guid":{"rendered":"https:\/\/roveyayinevi.com.tr\/index.php\/urun\/kanadalilastiramadiklarimizdan-misiniz\/"},"modified":"2026-04-16T02:27:28","modified_gmt":"2026-04-15T23:27:28","slug":"kanadalilastiramadiklarimizdan-misiniz","status":"publish","type":"product","link":"https:\/\/roveyayinevi.com.tr\/index.php\/urun\/kanadalilastiramadiklarimizdan-misiniz\/","title":{"rendered":"Kanadal\u0131la\u015ft\u0131ramad\u0131klar\u0131m\u0131zdan M\u0131s\u0131n\u0131z?"},"content":{"rendered":"<p>Ay\u015fe Acar, bu kitapta, 40 ya\u015f\u0131ndan sonra, bekar bir anne olarak, iki \u00e7ocuk ve bir k\u00f6pekle Kanada\u2019ya yerle\u015fme s\u00fcrecinde ya\u015fad\u0131\u011f\u0131 zorluklar\u0131, d\u00fc\u015ft\u00fc\u011f\u00fc g\u00fcl\u00fcn\u00e7 durumlar\u0131 kendine \u00f6zg\u00fc esprili diliyle anlat\u0131rken, konuyla ilgili en \u00e7ok merak edilen \u201cOkul nas\u0131l bulunur?\u201d, \u201c\u0130\u015f nas\u0131l kurulur?\u201d, \u201cE\u015fyalar nas\u0131l ta\u015f\u0131n\u0131r?\u201d \u015feklindeki sorular\u0131 da cevapland\u0131r\u0131yor.   Bu yolculukta, zihinsel s\u0131n\u0131rlar\u0131n a\u015f\u0131lmas\u0131na, insan\u0131n do\u011fru bildiklerinin zamanla de\u011fi\u015fmesine, i\u00e7indeki g\u00fcc\u00fc yeniden ke\u015ffetmesine e\u011flenceli bir \u015fekilde tan\u0131k oluyoruz. <\/p>\n","protected":false},"excerpt":{"rendered":"<p>Ay\u015fe Acar, bu kitapta, 40 ya\u015f\u0131ndan sonra, bekar bir anne olarak, iki \u00e7ocuk ve bir k\u00f6pekle Kanada\u2019ya yerle\u015fme s\u00fcrecinde ya\u015fad\u0131\u011f\u0131 zorluklar\u0131, d\u00fc\u015ft\u00fc\u011f\u00fc g\u00fcl\u00fcn\u00e7 durumlar\u0131 kendine \u00f6zg\u00fc<span class=\"excerpt-hellip\"> [\u2026]<\/span><\/p>\n","protected":false},"featured_media":0,"template":"","meta":{"_monsterinsights_skip_tracking":false,"_monsterinsights_sitenote_active":false,"_monsterinsights_sitenote_note":"","_monsterinsights_sitenote_category":0},"product_brand":[],"product_cat":[12777,12291],"product_tag":[],"class_list":{"0":"post-719185","1":"product","2":"type-product","3":"status-publish","5":"product_cat-deneme","6":"product_cat-edebiyat","7":"pa_cilt-ciltsiz","8":"pa_tur-kitap","9":"pa_yayinevi-kara-karga-yayinlari","10":"pa_yazar-ayse-acar","12":"first","13":"instock","14":"sale","15":"shipping-taxable","16":"purchasable","17":"product-type-simple"},"_links":{"self":[{"href":"https:\/\/roveyayinevi.com.tr\/index.php\/wp-json\/wp\/v2\/product\/719185","targetHints":{"allow":["GET"]}}],"collection":[{"href":"https:\/\/roveyayinevi.com.tr\/index.php\/wp-json\/wp\/v2\/product"}],"about":[{"href":"https:\/\/roveyayinevi.com.tr\/index.php\/wp-json\/wp\/v2\/types\/product"}],"wp:attachment":[{"href":"https:\/\/roveyayinevi.com.tr\/index.php\/wp-json\/wp\/v2\/media?parent=719185"}],"wp:term":[{"taxonomy":"product_brand","embeddable":true,"href":"https:\/\/roveyayinevi.com.tr\/index.php\/wp-json\/wp\/v2\/product_brand?post=719185"},{"taxonomy":"product_cat","embeddable":true,"href":"https:\/\/roveyayinevi.com.tr\/index.php\/wp-json\/wp\/v2\/product_cat?post=719185"},{"taxonomy":"product_tag","embeddable":true,"href":"https:\/\/roveyayinevi.com.tr\/index.php\/wp-json\/wp\/v2\/product_tag?post=719185"}],"curies":[{"name":"wp","href":"https:\/\/api.w.org\/{rel}","templated":true}]}}