{"id":719183,"date":"2025-08-27T18:18:50","date_gmt":"2025-08-27T15:18:50","guid":{"rendered":"https:\/\/roveyayinevi.com.tr\/index.php\/urun\/evim-gibisi-yok\/"},"modified":"2026-04-16T02:27:28","modified_gmt":"2026-04-15T23:27:28","slug":"evim-gibisi-yok","status":"publish","type":"product","link":"https:\/\/roveyayinevi.com.tr\/index.php\/urun\/evim-gibisi-yok\/","title":{"rendered":"Evim Gibisi Yok"},"content":{"rendered":"<p>Bir evi yuva k\u0131lan e\u015fsiz \u015feyler hakk\u0131nda s\u0131ms\u0131cak bir \u00f6yk\u00fc\u2026  Ev, kalbin att\u0131\u011f\u0131 yerdir.  Ev, ailemizdir; birlikte ge\u00e7irilen o  en de\u011ferli anlard\u0131r\u2026<\/p>\n","protected":false},"excerpt":{"rendered":"<p>Bir evi yuva k\u0131lan e\u015fsiz \u015feyler hakk\u0131nda s\u0131ms\u0131cak bir \u00f6yk\u00fc\u2026 Ev, kalbin att\u0131\u011f\u0131 yerdir. Ev, ailemizdir; birlikte ge\u00e7irilen o en de\u011ferli anlard\u0131r\u2026<\/p>\n","protected":false},"featured_media":0,"template":"","meta":{"_monsterinsights_skip_tracking":false,"_monsterinsights_sitenote_active":false,"_monsterinsights_sitenote_note":"","_monsterinsights_sitenote_category":0},"product_brand":[],"product_cat":[12913,12274],"product_tag":[],"class_list":{"0":"post-719183","1":"product","2":"type-product","3":"status-publish","5":"product_cat-3-6-yas-kitaplari","6":"product_cat-cocuk-ve-genclik-kitaplari","7":"pa_cilt-ciltsiz","8":"pa_tur-kitap","9":"pa_yayinevi-is-bankasi-kultur-yayinlari","10":"pa_yazar-alice-king","12":"first","13":"instock","14":"sale","15":"shipping-taxable","16":"purchasable","17":"product-type-simple"},"_links":{"self":[{"href":"https:\/\/roveyayinevi.com.tr\/index.php\/wp-json\/wp\/v2\/product\/719183","targetHints":{"allow":["GET"]}}],"collection":[{"href":"https:\/\/roveyayinevi.com.tr\/index.php\/wp-json\/wp\/v2\/product"}],"about":[{"href":"https:\/\/roveyayinevi.com.tr\/index.php\/wp-json\/wp\/v2\/types\/product"}],"wp:attachment":[{"href":"https:\/\/roveyayinevi.com.tr\/index.php\/wp-json\/wp\/v2\/media?parent=719183"}],"wp:term":[{"taxonomy":"product_brand","embeddable":true,"href":"https:\/\/roveyayinevi.com.tr\/index.php\/wp-json\/wp\/v2\/product_brand?post=719183"},{"taxonomy":"product_cat","embeddable":true,"href":"https:\/\/roveyayinevi.com.tr\/index.php\/wp-json\/wp\/v2\/product_cat?post=719183"},{"taxonomy":"product_tag","embeddable":true,"href":"https:\/\/roveyayinevi.com.tr\/index.php\/wp-json\/wp\/v2\/product_tag?post=719183"}],"curies":[{"name":"wp","href":"https:\/\/api.w.org\/{rel}","templated":true}]}}