{"id":719179,"date":"2025-08-27T18:18:46","date_gmt":"2025-08-27T15:18:46","guid":{"rendered":"https:\/\/roveyayinevi.com.tr\/index.php\/urun\/aya-once-kim-gidecek\/"},"modified":"2026-04-16T02:27:28","modified_gmt":"2026-04-15T23:27:28","slug":"aya-once-kim-gidecek","status":"publish","type":"product","link":"https:\/\/roveyayinevi.com.tr\/index.php\/urun\/aya-once-kim-gidecek\/","title":{"rendered":"Ay&#8217;a \u00d6nce Kim Gidecek?"},"content":{"rendered":"<p>Ahmet ve Alper iki mucit, biti\u015fik evlerde oturuyorlar ama birbirlerine hi\u00e7 benzemiyorlar. G\u00fcn\u00fcn birinde yar\u0131\u015fmaya karar veriyorlar, bakal\u0131m Ay yar\u0131\u015f\u0131n\u0131 kim kazanacak? Bu ola\u011fan\u00fcst\u00fc \u00f6yk\u00fcyle uzay\u0131n derinliklerine do\u011fru yola \u00e7\u0131k\u0131yoruz. <\/p>\n","protected":false},"excerpt":{"rendered":"<p>Ahmet ve Alper iki mucit, biti\u015fik evlerde oturuyorlar ama birbirlerine hi\u00e7 benzemiyorlar. G\u00fcn\u00fcn birinde yar\u0131\u015fmaya karar veriyorlar, bakal\u0131m Ay yar\u0131\u015f\u0131n\u0131 kim kazanacak? Bu ola\u011fan\u00fcst\u00fc \u00f6yk\u00fcyle uzay\u0131n<span class=\"excerpt-hellip\"> [\u2026]<\/span><\/p>\n","protected":false},"featured_media":0,"template":"","meta":{"_monsterinsights_skip_tracking":false,"_monsterinsights_sitenote_active":false,"_monsterinsights_sitenote_note":"","_monsterinsights_sitenote_category":0},"product_brand":[],"product_cat":[12274,12518],"product_tag":[],"class_list":{"0":"post-719179","1":"product","2":"type-product","3":"status-publish","5":"product_cat-cocuk-ve-genclik-kitaplari","6":"product_cat-okul-oncesi-kitaplar","7":"pa_cilt-ciltsiz","8":"pa_tur-kitap","9":"pa_yayinevi-is-bankasi-kultur-yayinlari","10":"pa_yazar-hannah-campling","12":"first","13":"instock","14":"sale","15":"shipping-taxable","16":"purchasable","17":"product-type-simple"},"_links":{"self":[{"href":"https:\/\/roveyayinevi.com.tr\/index.php\/wp-json\/wp\/v2\/product\/719179","targetHints":{"allow":["GET"]}}],"collection":[{"href":"https:\/\/roveyayinevi.com.tr\/index.php\/wp-json\/wp\/v2\/product"}],"about":[{"href":"https:\/\/roveyayinevi.com.tr\/index.php\/wp-json\/wp\/v2\/types\/product"}],"wp:attachment":[{"href":"https:\/\/roveyayinevi.com.tr\/index.php\/wp-json\/wp\/v2\/media?parent=719179"}],"wp:term":[{"taxonomy":"product_brand","embeddable":true,"href":"https:\/\/roveyayinevi.com.tr\/index.php\/wp-json\/wp\/v2\/product_brand?post=719179"},{"taxonomy":"product_cat","embeddable":true,"href":"https:\/\/roveyayinevi.com.tr\/index.php\/wp-json\/wp\/v2\/product_cat?post=719179"},{"taxonomy":"product_tag","embeddable":true,"href":"https:\/\/roveyayinevi.com.tr\/index.php\/wp-json\/wp\/v2\/product_tag?post=719179"}],"curies":[{"name":"wp","href":"https:\/\/api.w.org\/{rel}","templated":true}]}}