{"id":719177,"date":"2025-08-27T18:18:45","date_gmt":"2025-08-27T15:18:45","guid":{"rendered":"https:\/\/roveyayinevi.com.tr\/index.php\/urun\/hortumuma-corek-kacti\/"},"modified":"2026-04-16T02:27:28","modified_gmt":"2026-04-15T23:27:28","slug":"hortumuma-corek-kacti","status":"publish","type":"product","link":"https:\/\/roveyayinevi.com.tr\/index.php\/urun\/hortumuma-corek-kacti\/","title":{"rendered":"Hortumuma \u00c7\u00f6rek Ka\u00e7t\u0131"},"content":{"rendered":"<p>Hortumu bir \u00e7\u00f6rekle t\u0131kanan Fil \u00e7ok endi\u015feliydi, \u00e7\u00fcnk\u00fc orman konserinde o da hortumunu \u00f6tt\u00fcrecekti. Orman\u0131n di\u011fer hayvanlar\u0131 ona yard\u0131m edebilecek mi, yoksa bu geceki konser onsuz mu devam edecek? <\/p>\n","protected":false},"excerpt":{"rendered":"<p>Hortumu bir \u00e7\u00f6rekle t\u0131kanan Fil \u00e7ok endi\u015feliydi, \u00e7\u00fcnk\u00fc orman konserinde o da hortumunu \u00f6tt\u00fcrecekti. Orman\u0131n di\u011fer hayvanlar\u0131 ona yard\u0131m edebilecek mi, yoksa bu geceki konser onsuz<span class=\"excerpt-hellip\"> [\u2026]<\/span><\/p>\n","protected":false},"featured_media":0,"template":"","meta":{"_monsterinsights_skip_tracking":false,"_monsterinsights_sitenote_active":false,"_monsterinsights_sitenote_note":"","_monsterinsights_sitenote_category":0},"product_brand":[],"product_cat":[12913,12274],"product_tag":[],"class_list":{"0":"post-719177","1":"product","2":"type-product","3":"status-publish","5":"product_cat-3-6-yas-kitaplari","6":"product_cat-cocuk-ve-genclik-kitaplari","7":"pa_cilt-ciltsiz","8":"pa_tur-kitap","9":"pa_yayinevi-is-bankasi-kultur-yayinlari","10":"pa_yazar-melanie-joyce","12":"first","13":"instock","14":"sale","15":"shipping-taxable","16":"purchasable","17":"product-type-simple"},"_links":{"self":[{"href":"https:\/\/roveyayinevi.com.tr\/index.php\/wp-json\/wp\/v2\/product\/719177","targetHints":{"allow":["GET"]}}],"collection":[{"href":"https:\/\/roveyayinevi.com.tr\/index.php\/wp-json\/wp\/v2\/product"}],"about":[{"href":"https:\/\/roveyayinevi.com.tr\/index.php\/wp-json\/wp\/v2\/types\/product"}],"wp:attachment":[{"href":"https:\/\/roveyayinevi.com.tr\/index.php\/wp-json\/wp\/v2\/media?parent=719177"}],"wp:term":[{"taxonomy":"product_brand","embeddable":true,"href":"https:\/\/roveyayinevi.com.tr\/index.php\/wp-json\/wp\/v2\/product_brand?post=719177"},{"taxonomy":"product_cat","embeddable":true,"href":"https:\/\/roveyayinevi.com.tr\/index.php\/wp-json\/wp\/v2\/product_cat?post=719177"},{"taxonomy":"product_tag","embeddable":true,"href":"https:\/\/roveyayinevi.com.tr\/index.php\/wp-json\/wp\/v2\/product_tag?post=719177"}],"curies":[{"name":"wp","href":"https:\/\/api.w.org\/{rel}","templated":true}]}}