{"id":719174,"date":"2025-08-27T18:18:43","date_gmt":"2025-08-27T15:18:43","guid":{"rendered":"https:\/\/roveyayinevi.com.tr\/index.php\/urun\/cumhuriyette-beyoglu\/"},"modified":"2026-04-16T02:27:28","modified_gmt":"2026-04-15T23:27:28","slug":"cumhuriyette-beyoglu","status":"publish","type":"product","link":"https:\/\/roveyayinevi.com.tr\/index.php\/urun\/cumhuriyette-beyoglu\/","title":{"rendered":"Cumhuriyet&#8217;te Beyo\u011flu"},"content":{"rendered":"<p>Osmanl\u0131\u2019n\u0131n Pera\u2019s\u0131ndan Beyo\u011flu\u2019na&#8230; (1923-2003)   Osmanl\u0131\u2019n\u0131n Pera\u2019s\u0131, Cumhuriyet\u2019in ilan\u0131ndan sonra da kentin \u00f6nemli bir merkezi olma \u00f6zelli\u011fini s\u00fcrd\u00fcrd\u00fc. Yeni ad\u0131yla Beyo\u011flu, \u00f6zellikle de \u0130stiklal Caddesi, \u0130stanbul sakinlerinin, ta\u015fradan ve yurtd\u0131\u015f\u0131ndan gelen ziyaret\u00e7ilerin ilgisini \u00e7ekmeye devam etti. Ayn\u0131 zamanda sanat ve k\u00fclt\u00fcr ya\u015fam\u0131n\u0131n kalbi olarak t\u00fcm co\u015fkusuyla ayd\u0131nlar\u0131n, e\u011flence merakl\u0131lar\u0131n\u0131n bulu\u015fma noktas\u0131, son moda al\u0131\u015fveri\u015f olanaklar\u0131n\u0131n merkezi oldu.   Turan Ak\u0131nc\u0131, \u0130stanbul\u2019un g\u00f6zbebe\u011fi Beyo\u011flu\u2019nda ya\u015fanan de\u011fi\u015fimleri belgelerle g\u00f6z \u00f6n\u00fcne seriyor.   <\/p>\n","protected":false},"excerpt":{"rendered":"<p>Osmanl\u0131\u2019n\u0131n Pera\u2019s\u0131ndan Beyo\u011flu\u2019na&#8230; (1923-2003) Osmanl\u0131\u2019n\u0131n Pera\u2019s\u0131, Cumhuriyet\u2019in ilan\u0131ndan sonra da kentin \u00f6nemli bir merkezi olma \u00f6zelli\u011fini s\u00fcrd\u00fcrd\u00fc. Yeni ad\u0131yla Beyo\u011flu, \u00f6zellikle de \u0130stiklal Caddesi, \u0130stanbul sakinlerinin,<span class=\"excerpt-hellip\"> [\u2026]<\/span><\/p>\n","protected":false},"featured_media":0,"template":"","meta":{"_monsterinsights_skip_tracking":false,"_monsterinsights_sitenote_active":false,"_monsterinsights_sitenote_note":"","_monsterinsights_sitenote_category":0},"product_brand":[],"product_cat":[12370,12304],"product_tag":[],"class_list":{"0":"post-719174","1":"product","2":"type-product","3":"status-publish","5":"product_cat-arastirma-inceleme","6":"product_cat-tarih","7":"pa_cilt-ciltsiz","8":"pa_tur-kitap","9":"pa_yayinevi-remzi-kitabevi","10":"pa_yazar-turan-akinci","12":"first","13":"instock","14":"sale","15":"shipping-taxable","16":"purchasable","17":"product-type-simple"},"_links":{"self":[{"href":"https:\/\/roveyayinevi.com.tr\/index.php\/wp-json\/wp\/v2\/product\/719174","targetHints":{"allow":["GET"]}}],"collection":[{"href":"https:\/\/roveyayinevi.com.tr\/index.php\/wp-json\/wp\/v2\/product"}],"about":[{"href":"https:\/\/roveyayinevi.com.tr\/index.php\/wp-json\/wp\/v2\/types\/product"}],"wp:attachment":[{"href":"https:\/\/roveyayinevi.com.tr\/index.php\/wp-json\/wp\/v2\/media?parent=719174"}],"wp:term":[{"taxonomy":"product_brand","embeddable":true,"href":"https:\/\/roveyayinevi.com.tr\/index.php\/wp-json\/wp\/v2\/product_brand?post=719174"},{"taxonomy":"product_cat","embeddable":true,"href":"https:\/\/roveyayinevi.com.tr\/index.php\/wp-json\/wp\/v2\/product_cat?post=719174"},{"taxonomy":"product_tag","embeddable":true,"href":"https:\/\/roveyayinevi.com.tr\/index.php\/wp-json\/wp\/v2\/product_tag?post=719174"}],"curies":[{"name":"wp","href":"https:\/\/api.w.org\/{rel}","templated":true}]}}