{"id":719173,"date":"2025-08-27T18:18:42","date_gmt":"2025-08-27T15:18:42","guid":{"rendered":"https:\/\/roveyayinevi.com.tr\/index.php\/urun\/kucuk-sirlar-dukkani\/"},"modified":"2026-04-16T02:27:28","modified_gmt":"2026-04-15T23:27:28","slug":"kucuk-sirlar-dukkani","status":"publish","type":"product","link":"https:\/\/roveyayinevi.com.tr\/index.php\/urun\/kucuk-sirlar-dukkani\/","title":{"rendered":"K\u00fc\u00e7\u00fck S\u0131rlar D\u00fckkan\u0131"},"content":{"rendered":"<p>\u0130stanbul\u2019un tarih\u00ee muhitlerinde ge\u00e7en \u00fcrpertici korku \u00f6yk\u00fcleri derlemesi K\u00fc\u00e7\u00fck S\u0131rlar D\u00fckk\u00e2n\u0131, gece karanl\u0131\u011f\u0131nda okundu\u011funda, \u015fehrin kadim tarihine ve karanl\u0131k k\u00f6klerine uzanan \u015feytani bir folklor havan\u0131nda d\u00f6v\u00fcld\u00fc\u011f\u00fcn\u00fc daha fazla hissettirecektir.  Zeyrek\u2019te ah\u015fap kasal\u0131 bir Jungans saatin g\u00f6lgesinde kaybolanlar, ge\u00e7mi\u015fte gadre u\u011fram\u0131\u015f ruhlar\u0131 huzura kavu\u015fturan \u0130cadiye Caddesi\u2019nin g\u00f6lgeleri, koncolozlar\u0131n kaybetti\u011fi insanlar, e\u015fyalar\u0131n s\u0131rr\u0131na vak\u0131f olan Nafiz Bey\u2019in sonunu getiren k\u00f6stekli Serkisoff, eski hesaplar\u0131 tutan huzursuz ruhlar\u0131n y\u00f6netti\u011fi deniz ku\u015flar\u0131, G\u00fcr Baba K\u0131raathanesi\u2019nin m\u00fcdavimlerini sigaya \u00e7ekip cezaland\u0131ran ifritler, esrarl\u0131 \u0130stanbul labirentleri, korkun\u00e7 intikam ate\u015fleriyle yanan \u00f6lm\u00fc\u015f \u00e2\u015f\u0131klar ve ac\u0131 \u00e7eken ruhlar \u00fczerine t\u00fcyleri diken diken edecek on iki \u0130stanbul masal\u0131\u2026<\/p>\n","protected":false},"excerpt":{"rendered":"<p>\u0130stanbul\u2019un tarih\u00ee muhitlerinde ge\u00e7en \u00fcrpertici korku \u00f6yk\u00fcleri derlemesi K\u00fc\u00e7\u00fck S\u0131rlar D\u00fckk\u00e2n\u0131, gece karanl\u0131\u011f\u0131nda okundu\u011funda, \u015fehrin kadim tarihine ve karanl\u0131k k\u00f6klerine uzanan \u015feytani bir folklor havan\u0131nda d\u00f6v\u00fcld\u00fc\u011f\u00fcn\u00fc<span class=\"excerpt-hellip\"> [\u2026]<\/span><\/p>\n","protected":false},"featured_media":0,"template":"","meta":{"_monsterinsights_skip_tracking":false,"_monsterinsights_sitenote_active":false,"_monsterinsights_sitenote_note":"","_monsterinsights_sitenote_category":0},"product_brand":[],"product_cat":[12291,12711],"product_tag":[],"class_list":{"0":"post-719173","1":"product","2":"type-product","3":"status-publish","5":"product_cat-edebiyat","6":"product_cat-roman-oyku","7":"pa_cilt-ciltsiz","8":"pa_tur-kitap","9":"pa_yayinevi-otuken-nesriyat","10":"pa_yazar-murat-ersahin","12":"first","13":"instock","14":"sale","15":"shipping-taxable","16":"purchasable","17":"product-type-simple"},"_links":{"self":[{"href":"https:\/\/roveyayinevi.com.tr\/index.php\/wp-json\/wp\/v2\/product\/719173","targetHints":{"allow":["GET"]}}],"collection":[{"href":"https:\/\/roveyayinevi.com.tr\/index.php\/wp-json\/wp\/v2\/product"}],"about":[{"href":"https:\/\/roveyayinevi.com.tr\/index.php\/wp-json\/wp\/v2\/types\/product"}],"wp:attachment":[{"href":"https:\/\/roveyayinevi.com.tr\/index.php\/wp-json\/wp\/v2\/media?parent=719173"}],"wp:term":[{"taxonomy":"product_brand","embeddable":true,"href":"https:\/\/roveyayinevi.com.tr\/index.php\/wp-json\/wp\/v2\/product_brand?post=719173"},{"taxonomy":"product_cat","embeddable":true,"href":"https:\/\/roveyayinevi.com.tr\/index.php\/wp-json\/wp\/v2\/product_cat?post=719173"},{"taxonomy":"product_tag","embeddable":true,"href":"https:\/\/roveyayinevi.com.tr\/index.php\/wp-json\/wp\/v2\/product_tag?post=719173"}],"curies":[{"name":"wp","href":"https:\/\/api.w.org\/{rel}","templated":true}]}}