{"id":719171,"date":"2025-08-27T18:18:41","date_gmt":"2025-08-27T15:18:41","guid":{"rendered":"https:\/\/roveyayinevi.com.tr\/index.php\/urun\/dogu-trakya-muzeleri-cam-eserleri-glass-works-in-the-east-thrace-museums\/"},"modified":"2026-04-16T02:27:28","modified_gmt":"2026-04-15T23:27:28","slug":"dogu-trakya-muzeleri-cam-eserleri-glass-works-in-the-east-thrace-museums","status":"publish","type":"product","link":"https:\/\/roveyayinevi.com.tr\/index.php\/urun\/dogu-trakya-muzeleri-cam-eserleri-glass-works-in-the-east-thrace-museums\/","title":{"rendered":"Do\u011fu Trakya M\u00fczeleri Cam Eserleri Glass Works In The East Thrace Museums"},"content":{"rendered":"<p>\u00c7ALI\u015eMA KAPSAMINDAK\u0130 M\u00dcZELER TRAKYA B\u00d6LGES\u0130 TAR\u0130H\u0130 CAMIN TAR\u0130HSEL S\u00dcREC\u0130 \u00dcRET\u0130M TEKN\u0130KLER\u0130 CAMCILIKTA KULLANILAN ALETLER 1. ROMA D\u00d6NEM\u0130 \u00d6NCES\u0130 CAM ESERLER\u0130 ROMA D\u00d6NEM\u0130 \u00d6NCES\u0130 CAM ESERLER KATALO\u011eU 2. ROMA D\u00d6NEM\u0130 CAM ESERLER\u0130 ROMA D\u00d6NEM\u0130 CAM ESERLER KATALO\u011eU 3. B\u0130ZANS D\u00d6NEM\u0130 CAM ESERLER\u0130 B\u0130ZANS D\u00d6NEM\u0130 CAM ESERLER\u0130 4. \u0130SLAM\u0130 D\u00d6NEM CAM ESERLER\u0130 \u0130SLAM\u0130 D\u00d6NEM\u0130 CAM ESERLER KATALO\u011eU DE\u011eERLEND\u0130RME KISALTMALAR F\u0130G\u00dcR L\u0130STES\u0130 KAYNAK\u00c7A CAM TERM\u0130NOLOJ\u0130S\u0130 CONTENTS MUSEUMS IN THE SCOPE OF THE STUDY HISTORY OF THRACIAN REGION HISTORICAL PROCESS OF GLASS PRODUCTION TECHNIQUES THE TOOLS USED IN GLASS MAKING 1.PRE-ROMAN PERIOD GLASS OBJECTS CATALOGUE OF PRE-ROMAN PERIOD GLASS OBJECTS 2.ROMAN PERIOD GLASS OBJECTS CATALOGUE OF ROMAN PERIOD GLASS OBJECTS 3. BYZANTINE PERIOD GLASS FINDS CATALOGUE OF BYZANTINE PERIOD GLASS OBJECTS 4. ISLAMIC PERIOD GLASS OBJECTS CATALOGUE OF ISLAMIC PERIOD GLASS OBJECTS EVALUATION ABBRIVIATIONS FIGURE LIST BIBLIOGRAPHY TERMINOLOGY OF GLASS <\/p>\n","protected":false},"excerpt":{"rendered":"<p>\u00c7ALI\u015eMA KAPSAMINDAK\u0130 M\u00dcZELER TRAKYA B\u00d6LGES\u0130 TAR\u0130H\u0130 CAMIN TAR\u0130HSEL S\u00dcREC\u0130 \u00dcRET\u0130M TEKN\u0130KLER\u0130 CAMCILIKTA KULLANILAN ALETLER 1. ROMA D\u00d6NEM\u0130 \u00d6NCES\u0130 CAM ESERLER\u0130 ROMA D\u00d6NEM\u0130 \u00d6NCES\u0130 CAM ESERLER KATALO\u011eU<span class=\"excerpt-hellip\"> [\u2026]<\/span><\/p>\n","protected":false},"featured_media":0,"template":"","meta":{"_monsterinsights_skip_tracking":false,"_monsterinsights_sitenote_active":false,"_monsterinsights_sitenote_note":"","_monsterinsights_sitenote_category":0},"product_brand":[],"product_cat":[52477,52478],"product_tag":[],"class_list":{"0":"post-719171","1":"product","2":"type-product","3":"status-publish","5":"product_cat-arastirma","6":"product_cat-arkeoloji","7":"pa_cilt-ciltsiz","8":"pa_tur-kitap","9":"pa_yayinevi-gazi-kitabevi","10":"pa_yazar-emre-tastemur-binnur-gurler","12":"first","13":"instock","14":"sale","15":"shipping-taxable","16":"purchasable","17":"product-type-simple"},"_links":{"self":[{"href":"https:\/\/roveyayinevi.com.tr\/index.php\/wp-json\/wp\/v2\/product\/719171","targetHints":{"allow":["GET"]}}],"collection":[{"href":"https:\/\/roveyayinevi.com.tr\/index.php\/wp-json\/wp\/v2\/product"}],"about":[{"href":"https:\/\/roveyayinevi.com.tr\/index.php\/wp-json\/wp\/v2\/types\/product"}],"wp:attachment":[{"href":"https:\/\/roveyayinevi.com.tr\/index.php\/wp-json\/wp\/v2\/media?parent=719171"}],"wp:term":[{"taxonomy":"product_brand","embeddable":true,"href":"https:\/\/roveyayinevi.com.tr\/index.php\/wp-json\/wp\/v2\/product_brand?post=719171"},{"taxonomy":"product_cat","embeddable":true,"href":"https:\/\/roveyayinevi.com.tr\/index.php\/wp-json\/wp\/v2\/product_cat?post=719171"},{"taxonomy":"product_tag","embeddable":true,"href":"https:\/\/roveyayinevi.com.tr\/index.php\/wp-json\/wp\/v2\/product_tag?post=719171"}],"curies":[{"name":"wp","href":"https:\/\/api.w.org\/{rel}","templated":true}]}}