{"id":719168,"date":"2025-08-27T18:18:39","date_gmt":"2025-08-27T15:18:39","guid":{"rendered":"https:\/\/roveyayinevi.com.tr\/index.php\/urun\/borclu-olduklarimiz\/"},"modified":"2026-04-05T02:32:28","modified_gmt":"2026-04-04T23:32:28","slug":"borclu-olduklarimiz","status":"publish","type":"product","link":"https:\/\/roveyayinevi.com.tr\/index.php\/urun\/borclu-olduklarimiz\/","title":{"rendered":"Bor\u00e7lu Olduklar\u0131m\u0131z"},"content":{"rendered":"<p>Osmanl\u0131 \u0130mparatorlu\u011fu&#8217;nun da\u011f\u0131ld\u0131\u011f\u0131 g\u00fcnlerde do\u011fup Cumhuriyet&#8217;in kurulu\u015f s\u00fcrecinde b\u00fcy\u00fcyen Aziz Nesin, hi\u00e7 ku\u015fkusuz ki 1923 Devrimi&#8217;nin T\u00fcrkiye&#8217;ye neler kazand\u0131rd\u0131\u011f\u0131n\u0131 en iyi bilenlerden biri. Bu Yurdu Bize Verenler ve Bor\u00e7lu Olduklar\u0131m\u0131z adl\u0131 iki kitab\u0131nda toplad\u0131\u011f\u0131 ya\u015fanm\u0131\u015f \u00f6yk\u00fcler, Kurtulu\u015f Sava\u015f\u0131&#8217;n\u0131n ads\u0131z kahramanlar\u0131n\u0131 ve destans\u0131 anlar\u0131n\u0131, en yal\u0131n ger\u00e7eklikleriyle anlat\u0131yor. Mustafa Delio\u011flu\u2019nun \u00e7izimleriyle\u2026 \u201cCan\u0131m \u00e7ocuklar\u0131m! Bu kitapta sizlere, yak\u0131n ge\u00e7mi\u015fimizden olaylar anlat\u0131yorum. Burda anlatt\u0131klar\u0131m bitak\u0131m kurgusal olaylar de\u011fildir. Hepsi de ya\u015fanm\u0131\u015ft\u0131r, ger\u00e7ektir. Bu olaylar\u0131 yerleriyle, zamanlar\u0131yla, ya\u015fayan ki\u015fileriyle, adl\u0131 ad\u0131nca yazd\u0131m. \u00dcstelik bu olaylardaki ki\u015filerin salt olumlu yanlar\u0131n\u0131 g\u00f6stermekle yetinmedim, olumsuz yanlar\u0131n\u0131 da belirtmeye \u00e7al\u0131\u015ft\u0131m. \u00c7\u00fcnk\u00fc \u00e7ocuksunuz diye aldat\u0131lman\u0131z\u0131, her\u015feyin iyi yanlar\u0131n\u0131 g\u00f6rmenizi istemiyorum. Daha k\u00fc\u00e7\u00fck ya\u015ftan, ger\u00e7ekleri g\u00f6rmelisiniz. Bu g\u00fczelim d\u00fcnya, ne salt tozpembedir ne salt kapkarad\u0131r. D\u00fcnyam\u0131zda, al\u00e7akl\u0131klarla yi\u011fitlikleri birlikte ya\u015fayacaks\u0131n\u0131z; her\u015feyin hem iyi hem k\u00f6t\u00fc yanlar\u0131n\u0131 g\u00f6receksiniz. Olaylar da, ki\u015filer de ancak olumlu ve olumsuz yanlar\u0131yla, yani heryan\u0131 ve b\u00fct\u00fcn y\u00fczleriyle g\u00f6sterilirse ger\u00e7eklik kazan\u0131r. Burda anlatt\u0131\u011f\u0131m olaylarla i\u015fte bunu yapmak istedim. Salt kahramanl\u0131klar anlatarak bo\u015f b\u00f6b\u00fcrlenmenizi, salt k\u00f6t\u00fcl\u00fckler anlatarak da yerinmenizi istemiyorum. Bu olaylar\u0131 yazarken sizleri \u00e7ocuk yerine koymad\u0131m; anababalar\u0131n\u0131z i\u00e7in nas\u0131l yaz\u0131yorsam, sizler i\u00e7in de \u00f6yle yazd\u0131m. Sevgili \u00e7ocuklar\u0131m, ya\u015fam\u0131n\u0131z boyunca ger\u00e7ek\u00e7i olman\u0131z\u0131, ger\u00e7ekleri ara\u015ft\u0131r\u0131p \u00f6\u011frenmenizi dilerim; \u00e7\u00fcnk\u00fc ancak ger\u00e7ek\u00e7i insanlar kendilerine, yurtlar\u0131na, halklar\u0131na, insanlara ve d\u00fcnyaya ger\u00e7ekten yararl\u0131 olabilirler.\u201d Aziz Nesin <\/p>\n","protected":false},"excerpt":{"rendered":"<p>Osmanl\u0131 \u0130mparatorlu\u011fu&#8217;nun da\u011f\u0131ld\u0131\u011f\u0131 g\u00fcnlerde do\u011fup Cumhuriyet&#8217;in kurulu\u015f s\u00fcrecinde b\u00fcy\u00fcyen Aziz Nesin, hi\u00e7 ku\u015fkusuz ki 1923 Devrimi&#8217;nin T\u00fcrkiye&#8217;ye neler kazand\u0131rd\u0131\u011f\u0131n\u0131 en iyi bilenlerden biri. Bu Yurdu Bize<span class=\"excerpt-hellip\"> [\u2026]<\/span><\/p>\n","protected":false},"featured_media":0,"template":"","meta":{"_monsterinsights_skip_tracking":false,"_monsterinsights_sitenote_active":false,"_monsterinsights_sitenote_note":"","_monsterinsights_sitenote_category":0},"product_brand":[],"product_cat":[12274,12284],"product_tag":[],"class_list":{"0":"post-719168","1":"product","2":"type-product","3":"status-publish","5":"product_cat-cocuk-ve-genclik-kitaplari","6":"product_cat-hikayeler","7":"pa_cilt-ciltsiz","8":"pa_tur-kitap","9":"pa_yayinevi-nesin-yayinlari","10":"pa_yazar-aziz-nesin","12":"first","13":"instock","14":"sale","15":"shipping-taxable","16":"purchasable","17":"product-type-simple"},"_links":{"self":[{"href":"https:\/\/roveyayinevi.com.tr\/index.php\/wp-json\/wp\/v2\/product\/719168","targetHints":{"allow":["GET"]}}],"collection":[{"href":"https:\/\/roveyayinevi.com.tr\/index.php\/wp-json\/wp\/v2\/product"}],"about":[{"href":"https:\/\/roveyayinevi.com.tr\/index.php\/wp-json\/wp\/v2\/types\/product"}],"wp:attachment":[{"href":"https:\/\/roveyayinevi.com.tr\/index.php\/wp-json\/wp\/v2\/media?parent=719168"}],"wp:term":[{"taxonomy":"product_brand","embeddable":true,"href":"https:\/\/roveyayinevi.com.tr\/index.php\/wp-json\/wp\/v2\/product_brand?post=719168"},{"taxonomy":"product_cat","embeddable":true,"href":"https:\/\/roveyayinevi.com.tr\/index.php\/wp-json\/wp\/v2\/product_cat?post=719168"},{"taxonomy":"product_tag","embeddable":true,"href":"https:\/\/roveyayinevi.com.tr\/index.php\/wp-json\/wp\/v2\/product_tag?post=719168"}],"curies":[{"name":"wp","href":"https:\/\/api.w.org\/{rel}","templated":true}]}}