{"id":719164,"date":"2025-08-27T18:18:36","date_gmt":"2025-08-27T15:18:36","guid":{"rendered":"https:\/\/roveyayinevi.com.tr\/index.php\/urun\/goz-bakir\/"},"modified":"2026-04-16T02:27:28","modified_gmt":"2026-04-15T23:27:28","slug":"goz-bakir","status":"publish","type":"product","link":"https:\/\/roveyayinevi.com.tr\/index.php\/urun\/goz-bakir\/","title":{"rendered":"G\u00f6z Bak\u0131r"},"content":{"rendered":"<p>D\u00fcnya k\u00fc\u00e7\u00fck bir arazi, mutluluk, iyilik bulutlara as\u0131l\u0131 de\u011fil, y\u00fcre\u011fimizi uzat\u0131p yakalayabilece\u011fimiz kadar yak\u0131nd\u0131r asl\u0131nda. Hi\u00e7 bir insan k\u00f6t\u00fc olarak do\u011fmaz, insan\u0131 k\u00f6t\u00fcle\u015ftiren bitmez t\u00fckenmez h\u0131rs duygusudur, h\u0131rs a\u00e7 g\u00f6zl\u00fcl\u00fc\u011f\u00fc, a\u00e7 g\u00f6zl\u00fcl\u00fck doyumsuzlu\u011fu getirir. <\/p>\n","protected":false},"excerpt":{"rendered":"<p>D\u00fcnya k\u00fc\u00e7\u00fck bir arazi, mutluluk, iyilik bulutlara as\u0131l\u0131 de\u011fil, y\u00fcre\u011fimizi uzat\u0131p yakalayabilece\u011fimiz kadar yak\u0131nd\u0131r asl\u0131nda. Hi\u00e7 bir insan k\u00f6t\u00fc olarak do\u011fmaz, insan\u0131 k\u00f6t\u00fcle\u015ftiren bitmez t\u00fckenmez h\u0131rs<span class=\"excerpt-hellip\"> [\u2026]<\/span><\/p>\n","protected":false},"featured_media":0,"template":"","meta":{"_monsterinsights_skip_tracking":false,"_monsterinsights_sitenote_active":false,"_monsterinsights_sitenote_note":"","_monsterinsights_sitenote_category":0},"product_brand":[],"product_cat":[12291,12711],"product_tag":[],"class_list":{"0":"post-719164","1":"product","2":"type-product","3":"status-publish","5":"product_cat-edebiyat","6":"product_cat-roman-oyku","7":"pa_cilt-ciltsiz","8":"pa_tur-kitap","9":"pa_yayinevi-kuytu-yayinlari","10":"pa_yazar-sezai-akcali","12":"first","13":"instock","14":"sale","15":"shipping-taxable","16":"purchasable","17":"product-type-simple"},"_links":{"self":[{"href":"https:\/\/roveyayinevi.com.tr\/index.php\/wp-json\/wp\/v2\/product\/719164","targetHints":{"allow":["GET"]}}],"collection":[{"href":"https:\/\/roveyayinevi.com.tr\/index.php\/wp-json\/wp\/v2\/product"}],"about":[{"href":"https:\/\/roveyayinevi.com.tr\/index.php\/wp-json\/wp\/v2\/types\/product"}],"wp:attachment":[{"href":"https:\/\/roveyayinevi.com.tr\/index.php\/wp-json\/wp\/v2\/media?parent=719164"}],"wp:term":[{"taxonomy":"product_brand","embeddable":true,"href":"https:\/\/roveyayinevi.com.tr\/index.php\/wp-json\/wp\/v2\/product_brand?post=719164"},{"taxonomy":"product_cat","embeddable":true,"href":"https:\/\/roveyayinevi.com.tr\/index.php\/wp-json\/wp\/v2\/product_cat?post=719164"},{"taxonomy":"product_tag","embeddable":true,"href":"https:\/\/roveyayinevi.com.tr\/index.php\/wp-json\/wp\/v2\/product_tag?post=719164"}],"curies":[{"name":"wp","href":"https:\/\/api.w.org\/{rel}","templated":true}]}}