{"id":719163,"date":"2025-08-27T18:18:35","date_gmt":"2025-08-27T15:18:35","guid":{"rendered":"https:\/\/roveyayinevi.com.tr\/index.php\/urun\/kutsal-obalar-teorisi\/"},"modified":"2026-03-31T12:02:51","modified_gmt":"2026-03-31T09:02:51","slug":"kutsal-obalar-teorisi","status":"publish","type":"product","link":"https:\/\/roveyayinevi.com.tr\/index.php\/urun\/kutsal-obalar-teorisi\/","title":{"rendered":"Kutsal Obalar Teorisi"},"content":{"rendered":"<p>G\u00f6k Tengri g\u00fcm\u00fc\u015f bir sancak asm\u0131\u015f sanki da\u011f\u0131n zirvesine, uzaktan g\u00f6renler sanca\u011f\u0131n yan\u0131nda iki kurt n\u00f6bet tutuyor san\u0131r. Ortada g\u00fcm\u00fc\u015f ay \u0131\u015f\u0131k d\u00fc\u015f\u00fcr\u00fcr da\u011f\u0131n ete\u011findeki beyaz kar\u0131n \u00fczerine, san\u0131rs\u0131n bir dev anas\u0131 g\u00fcm\u00fc\u015f kaynatm\u0131\u015f da da\u011fdan a\u015fa\u011f\u0131ya d\u00f6km\u00fc\u015f onu.<\/p>\n","protected":false},"excerpt":{"rendered":"<p>G\u00f6k Tengri g\u00fcm\u00fc\u015f bir sancak asm\u0131\u015f sanki da\u011f\u0131n zirvesine, uzaktan g\u00f6renler sanca\u011f\u0131n yan\u0131nda iki kurt n\u00f6bet tutuyor san\u0131r. Ortada g\u00fcm\u00fc\u015f ay \u0131\u015f\u0131k d\u00fc\u015f\u00fcr\u00fcr da\u011f\u0131n ete\u011findeki beyaz<span class=\"excerpt-hellip\"> [\u2026]<\/span><\/p>\n","protected":false},"featured_media":0,"template":"","meta":{"_monsterinsights_skip_tracking":false,"_monsterinsights_sitenote_active":false,"_monsterinsights_sitenote_note":"","_monsterinsights_sitenote_category":0},"product_brand":[],"product_cat":[12291,12745],"product_tag":[],"class_list":{"0":"post-719163","1":"product","2":"type-product","3":"status-publish","5":"product_cat-edebiyat","6":"product_cat-tarihi-roman","7":"pa_cilt-ciltsiz","8":"pa_tur-kitap","9":"pa_yayinevi-kuytu-yayinlari","10":"pa_yazar-yuksel-koker","12":"first","13":"instock","14":"sale","15":"shipping-taxable","16":"purchasable","17":"product-type-simple"},"_links":{"self":[{"href":"https:\/\/roveyayinevi.com.tr\/index.php\/wp-json\/wp\/v2\/product\/719163","targetHints":{"allow":["GET"]}}],"collection":[{"href":"https:\/\/roveyayinevi.com.tr\/index.php\/wp-json\/wp\/v2\/product"}],"about":[{"href":"https:\/\/roveyayinevi.com.tr\/index.php\/wp-json\/wp\/v2\/types\/product"}],"wp:attachment":[{"href":"https:\/\/roveyayinevi.com.tr\/index.php\/wp-json\/wp\/v2\/media?parent=719163"}],"wp:term":[{"taxonomy":"product_brand","embeddable":true,"href":"https:\/\/roveyayinevi.com.tr\/index.php\/wp-json\/wp\/v2\/product_brand?post=719163"},{"taxonomy":"product_cat","embeddable":true,"href":"https:\/\/roveyayinevi.com.tr\/index.php\/wp-json\/wp\/v2\/product_cat?post=719163"},{"taxonomy":"product_tag","embeddable":true,"href":"https:\/\/roveyayinevi.com.tr\/index.php\/wp-json\/wp\/v2\/product_tag?post=719163"}],"curies":[{"name":"wp","href":"https:\/\/api.w.org\/{rel}","templated":true}]}}