{"id":719162,"date":"2025-08-27T18:18:34","date_gmt":"2025-08-27T15:18:34","guid":{"rendered":"https:\/\/roveyayinevi.com.tr\/index.php\/urun\/cengiz-hanin-olumsuzluk-arayisi\/"},"modified":"2026-04-16T02:27:28","modified_gmt":"2026-04-15T23:27:28","slug":"cengiz-hanin-olumsuzluk-arayisi","status":"publish","type":"product","link":"https:\/\/roveyayinevi.com.tr\/index.php\/urun\/cengiz-hanin-olumsuzluk-arayisi\/","title":{"rendered":"Cengiz Han\u2019\u0131n \u00d6l\u00fcms\u00fczl\u00fck Aray\u0131\u015f\u0131"},"content":{"rendered":"<p>\u201c\u00c7in, kibirli ve m\u00fcsrif bir hayat s\u00fcrd\u00fc\u011f\u00fc i\u00e7in Ulu Tanr\u0131 buradan elini \u00e7ekmi\u015ftir. Kuzeyin \u0131ss\u0131z \u00e7\u00f6llerinde ya\u015fad\u0131\u011f\u0131m i\u00e7in ihtiras\u0131m yoktur. L\u00fcks ya\u015famdan nefret ederim ve \u00f6l\u00e7\u00fcl\u00fc bir hayat tarz\u0131m var. Benim i\u00e7in bir lokma ve bir h\u0131rka k\u00e2fidir. Basit \u00e7obanlar\u0131m ile ayn\u0131 yiyece\u011fi yer, ayn\u0131 pa\u00e7avralar\u0131 giyerim.\u201dCengiz Han\u2019\u0131n Ch\u2019ang Ch\u2019un\u2019u davet etti\u011fi mektuptanCengiz Han, hangi siyasi atmosferde ortaya \u00e7\u0131kt\u0131? Mo\u011follar dinlerini ne \u00f6l\u00e7\u00fcde ya\u015f\u0131yorlard\u0131 ve Budizm\u2019le ili\u015fkileri ne boyuttayd\u0131? Cengiz Han\u2019\u0131n imtiyazl\u0131 Budist ke\u015fi\u015fi Hai-y\u00fcn kimdi? Taoizm tarih boyunca nas\u0131l bir geli\u015fim g\u00f6sterdi? Taoizm\u2019in Ch\u2019\u00fcan-chen mezhebinin esaslar\u0131 nelerdi? \u00c7in Simyas\u0131 ile Taoizm aras\u0131ndaki irtibat nas\u0131l geli\u015fti? Cengiz Han\u2019\u0131n g\u00f6nderdi\u011fi davete icabet eden Ch\u2019ang Ch\u2019un zaman\u0131nda T\u00fcrkistan ne durumdayd\u0131?Elinizdeki kitap Mo\u011fol \u00e7a\u011f\u0131na ait bir \u00c7in kayna\u011f\u0131d\u0131r. Cengiz Han taraf\u0131ndan ota\u011f\u0131na davet edilen Taoist simyac\u0131 Ch\u2019ang Ch\u2019un ve m\u00fcritleri 1221-1224 y\u0131llar\u0131 aras\u0131nda T\u00fcrkistan\u2019\u0131 gezmi\u015fler ve onlar\u0131n bu seyahatlerinin notlar\u0131 g\u00fcn\u00fcm\u00fcze kadar ula\u015fm\u0131\u015ft\u0131r. Pek \u00e7ok T\u00fcrk boyunun gelenekleri ve g\u00f6renekleri hakk\u0131nda ilgin\u00e7 bilgiler sunan bu kaynak ayn\u0131 zamanda T\u00fcrkistan\u2019\u0131n tarih\u00ee co\u011frafyas\u0131na \u0131\u015f\u0131k tutan m\u00fchim bir eserdir. B\u00f6lgenin hayvanat ve nebatat\u0131na ili\u015fkin bilgilerin de sunuldu\u011fu seyahatnamedeki tabiat tasvirleri son derece etkileyicidir.Ch\u2019ang Ch\u2019un\u2019un 1227 y\u0131l\u0131nda \u00f6l\u00fcm\u00fcn\u00fc m\u00fcteakip m\u00fcridi Li Chih-Ch\u2019ang (1193-1256) marifetiyle kaleme al\u0131nan seyahat notlar\u0131 uzun s\u00fcre unutulmu\u015f ve as\u0131rlar sonra, 1795 y\u0131l\u0131nda, \u00c7in\u2019deki bir manast\u0131rda ke\u015ffedilmi\u015ftir. 1848 y\u0131l\u0131na gelindi\u011finde \u00c7ince ne\u015fri, sonras\u0131nda Rus\u00e7a ve \u0130ngilizce \u00e7evirileri yap\u0131lm\u0131\u015ft\u0131r. G\u00fcl\u015fah Hasg\u00fc\u00e7men \u00e7evirisiyle dilimize kazand\u0131rd\u0131\u011f\u0131m\u0131z Cengiz Han\u2019\u0131n \u00d6l\u00fcms\u00fczl\u00fck Aray\u0131\u015f\u0131: Taoist Simyac\u0131 Bir Ke\u015fi\u015fin T\u00fcrkistan Seyahatnamesi (1221-1224), bir liderin i\u00e7 d\u00fcnyas\u0131n\u0131 ve aray\u0131\u015flar\u0131n\u0131 g\u00f6zler \u00f6n\u00fcne sermesinin yan\u0131 s\u0131ra d\u00f6nemin co\u011frafyas\u0131n\u0131 teferruat\u0131yla anlatmas\u0131 sebebiyle de \u00e7ok \u00f6zel bir kaynak kitap\u2026 <\/p>\n","protected":false},"excerpt":{"rendered":"<p>\u201c\u00c7in, kibirli ve m\u00fcsrif bir hayat s\u00fcrd\u00fc\u011f\u00fc i\u00e7in Ulu Tanr\u0131 buradan elini \u00e7ekmi\u015ftir. Kuzeyin \u0131ss\u0131z \u00e7\u00f6llerinde ya\u015fad\u0131\u011f\u0131m i\u00e7in ihtiras\u0131m yoktur. L\u00fcks ya\u015famdan nefret ederim ve \u00f6l\u00e7\u00fcl\u00fc<span class=\"excerpt-hellip\"> [\u2026]<\/span><\/p>\n","protected":false},"featured_media":0,"template":"","meta":{"_monsterinsights_skip_tracking":false,"_monsterinsights_sitenote_active":false,"_monsterinsights_sitenote_note":"","_monsterinsights_sitenote_category":0},"product_brand":[],"product_cat":[12370,12304],"product_tag":[],"class_list":{"0":"post-719162","1":"product","2":"type-product","3":"status-publish","5":"product_cat-arastirma-inceleme","6":"product_cat-tarih","7":"pa_cilt-ciltsiz","8":"pa_tur-kitap","9":"pa_yayinevi-kronik-kitap","10":"pa_yazar-chang-chun","12":"first","13":"instock","14":"sale","15":"shipping-taxable","16":"purchasable","17":"product-type-simple"},"_links":{"self":[{"href":"https:\/\/roveyayinevi.com.tr\/index.php\/wp-json\/wp\/v2\/product\/719162","targetHints":{"allow":["GET"]}}],"collection":[{"href":"https:\/\/roveyayinevi.com.tr\/index.php\/wp-json\/wp\/v2\/product"}],"about":[{"href":"https:\/\/roveyayinevi.com.tr\/index.php\/wp-json\/wp\/v2\/types\/product"}],"wp:attachment":[{"href":"https:\/\/roveyayinevi.com.tr\/index.php\/wp-json\/wp\/v2\/media?parent=719162"}],"wp:term":[{"taxonomy":"product_brand","embeddable":true,"href":"https:\/\/roveyayinevi.com.tr\/index.php\/wp-json\/wp\/v2\/product_brand?post=719162"},{"taxonomy":"product_cat","embeddable":true,"href":"https:\/\/roveyayinevi.com.tr\/index.php\/wp-json\/wp\/v2\/product_cat?post=719162"},{"taxonomy":"product_tag","embeddable":true,"href":"https:\/\/roveyayinevi.com.tr\/index.php\/wp-json\/wp\/v2\/product_tag?post=719162"}],"curies":[{"name":"wp","href":"https:\/\/api.w.org\/{rel}","templated":true}]}}