{"id":719160,"date":"2025-08-27T18:18:33","date_gmt":"2025-08-27T15:18:33","guid":{"rendered":"https:\/\/roveyayinevi.com.tr\/index.php\/urun\/iulius-caesar\/"},"modified":"2026-04-16T02:27:28","modified_gmt":"2026-04-15T23:27:28","slug":"iulius-caesar","status":"publish","type":"product","link":"https:\/\/roveyayinevi.com.tr\/index.php\/urun\/iulius-caesar\/","title":{"rendered":"Iulius Caesar"},"content":{"rendered":"<p>&#8220;Iulius Caesar, ya\u015fam\u0131na tarihin b\u00fcy\u00fck adamlar\u0131n\u0131n \u00e7o\u011funun ya\u015fam\u0131n\u0131n toplam\u0131ndan daha fazlas\u0131n\u0131 s\u0131\u011fd\u0131rd\u0131. Philip Freeman yetene\u011fi ve duru diliyle bu yo\u011fun ya\u015fam\u0131 ayr\u0131nt\u0131lar\u0131yla anlat\u0131yor. Freeman, okuyuculara heyecan verici ve s\u00fcrprizlerle dolu bir anlat\u0131 sunuyor. Bilim insanlar\u0131 bu kitapta hayran olacaklar\u0131 \u00e7ok \u015fey bulacak, ancak daha da \u00f6nemlisiAntik Roma konusuna yeni olan okuyucular kitab\u0131n sayfalar\u0131n\u0131 b\u00fcy\u00fck bir heyecan, ayd\u0131nlanma ve merak duygular\u0131yla \u00e7evirecekler.&#8221; Anthony Everitt, Augustus ve Cicero\u2019nun yazar\u0131. &#8220;Zarif, bilgi dolu ve insan\u0131 okumaya zorlayan Iulius Caesar kapsaml\u0131 konular kadar parlak ayr\u0131nt\u0131lar\u0131 da i\u00e7eriyor. Freeman, tarihin en b\u00fcy\u00fck ve en korkun\u00e7 ki\u015filiklerinden birinin \u00f6yk\u00fcs\u00fcn\u00fc muzafferane bir bi\u00e7imde anlat\u0131yor. Kleopatra\u2019n\u0131n \u0130skenderiye\u2019sini tan\u0131d\u0131\u011f\u0131 derecede Kelt kabileleri hakk\u0131nda da bilgili olan Freeman, Roma Senatosu hakk\u0131nda adeta i\u00e7eriden biriymi\u015f gibi \u00f6zg\u00fcvenli bir \u015fekilde yaz\u0131yor.\u201d Barry Strauss, The Trojan War\u2019\u0131n yazar\u0131 ve Tarih ve Klasik D\u00f6nem Profes\u00f6r\u00fc, Cornell \u00dcniversitesi IuliusCaesar\u2019\u0131 tarihin en \u00f6nemli ki\u015filiklerinden biri yapan \u00f6zellikleri nelerdi? Onun ad\u0131 yaln\u0131z Roma\u2019da de\u011fil Almanya ve uzak Rusya\u2019da bile neden \u201cimparator\u201d s\u00f6zc\u00fc\u011f\u00fcyle e\u015f tutuldu?General olarak hangi vas\u0131flara sahipti? Hatip, yazar, strateji ustas\u0131 bir siyaset\u00e7i gibi bir\u00e7ok yetene\u011fini nas\u0131l geli\u015ftirdi? Hem bir kahramanhem de ac\u0131mas\u0131z bir cani olan Iulius Caesar karma\u015f\u0131k bir ki\u015filikti. Son derece cesur ve h\u0131rsl\u0131yd\u0131, \u015ferefe ve g\u00f6steri\u015fe d\u00fc\u015fk\u00fcnd\u00fc. Uzun s\u00fcredir eski ihti\u015fam\u0131n\u0131 yitiren soylu bir ailede d\u00fcnyaya gelmekle birlikte, kurnazca hareket ederek kariyerinde ilerledi. \u0130lk ba\u015fta rahip olarak ba\u015flad\u0131\u011f\u0131 meslek ya\u015fam\u0131nda Roma\u2019n\u0131n en \u00f6nemli generali oldu. Rakipleriyle ittifaklar kurdu ve zaman\u0131 geldi\u011finde onlardan kurtuldu. \u00c7o\u011fu kez onun \u00e7evresinde toplanan Roma\u2019n\u0131n s\u0131radan halk\u0131n\u0131n s\u00f6zc\u00fcl\u00fc\u011f\u00fcn\u00fc yapt\u0131. Bununla birlikte fetihlerinden muazzam kazan\u00e7lar elde etti ve bolluk i\u00e7inde ya\u015fad\u0131. Tarihin en me\u015fhur suikastlar\u0131ndan birinin sonucunda \u00f6ld\u00fcr\u00fcld\u00fc. Caesar\u2019\u0131n \u00e7a\u011fda\u015flar\u0131 aras\u0131nda Marius, Sulla ve Pompeius gibi generaller; hatip ve hukuk\u00e7u Cicero ile Marcus Antonius ve Octavius (daha sonra Caesar Augustus) gibi Roma\u2019n\u0131n en me\u015fhur ki\u015filikleri vard\u0131r. Caesar\u2019\u0131n M\u0131s\u0131r krali\u00e7esi Kleopatra\u2019yla ya\u015fad\u0131\u011f\u0131 dillere destan olan a\u015fk bug\u00fcn h\u00e2l\u00e2 insanlar\u0131 b\u00fcy\u00fclemeye devam etmektedir. Philip Freeman, t\u00fcm \u015fahsiyetiyle ve \u00e7eli\u015fkileriyle Caesar\u2019\u0131n ya\u015fam\u0131n\u0131 g\u00f6zler \u00f6n\u00fcne seriyor. Onun t\u00fcm kudretiyle Roma\u2019ya nas\u0131l egemen oldu\u011funu ve Roma\u2019n\u0131n kaderini nas\u0131l de\u011fi\u015ftirdi\u011fini anlat\u0131yor. Iulius Caesar, klasik d\u00fcnyaya derin ilgisi olan okurlarkadar, Caesar\u2019\u0131 ve antik Roma\u2019y\u0131 ilk kez ke\u015ffedecek yeni okurlar i\u00e7in de bir ba\u015fucu kitab\u0131\u2026 <\/p>\n","protected":false},"excerpt":{"rendered":"<p>&#8220;Iulius Caesar, ya\u015fam\u0131na tarihin b\u00fcy\u00fck adamlar\u0131n\u0131n \u00e7o\u011funun ya\u015fam\u0131n\u0131n toplam\u0131ndan daha fazlas\u0131n\u0131 s\u0131\u011fd\u0131rd\u0131. Philip Freeman yetene\u011fi ve duru diliyle bu yo\u011fun ya\u015fam\u0131 ayr\u0131nt\u0131lar\u0131yla anlat\u0131yor. Freeman, okuyuculara heyecan<span class=\"excerpt-hellip\"> [\u2026]<\/span><\/p>\n","protected":false},"featured_media":0,"template":"","meta":{"_monsterinsights_skip_tracking":false,"_monsterinsights_sitenote_active":false,"_monsterinsights_sitenote_note":"","_monsterinsights_sitenote_category":0},"product_brand":[],"product_cat":[12370,12304],"product_tag":[],"class_list":{"0":"post-719160","1":"product","2":"type-product","3":"status-publish","5":"product_cat-arastirma-inceleme","6":"product_cat-tarih","7":"pa_cilt-ciltsiz","8":"pa_tur-kitap","9":"pa_yayinevi-kronik-kitap","10":"pa_yazar-philip-freeman","12":"first","13":"instock","14":"sale","15":"shipping-taxable","16":"purchasable","17":"product-type-simple"},"_links":{"self":[{"href":"https:\/\/roveyayinevi.com.tr\/index.php\/wp-json\/wp\/v2\/product\/719160","targetHints":{"allow":["GET"]}}],"collection":[{"href":"https:\/\/roveyayinevi.com.tr\/index.php\/wp-json\/wp\/v2\/product"}],"about":[{"href":"https:\/\/roveyayinevi.com.tr\/index.php\/wp-json\/wp\/v2\/types\/product"}],"wp:attachment":[{"href":"https:\/\/roveyayinevi.com.tr\/index.php\/wp-json\/wp\/v2\/media?parent=719160"}],"wp:term":[{"taxonomy":"product_brand","embeddable":true,"href":"https:\/\/roveyayinevi.com.tr\/index.php\/wp-json\/wp\/v2\/product_brand?post=719160"},{"taxonomy":"product_cat","embeddable":true,"href":"https:\/\/roveyayinevi.com.tr\/index.php\/wp-json\/wp\/v2\/product_cat?post=719160"},{"taxonomy":"product_tag","embeddable":true,"href":"https:\/\/roveyayinevi.com.tr\/index.php\/wp-json\/wp\/v2\/product_tag?post=719160"}],"curies":[{"name":"wp","href":"https:\/\/api.w.org\/{rel}","templated":true}]}}