{"id":719159,"date":"2025-08-27T18:18:32","date_gmt":"2025-08-27T15:18:32","guid":{"rendered":"https:\/\/roveyayinevi.com.tr\/index.php\/urun\/istihbarat-savaslari\/"},"modified":"2026-04-16T02:27:28","modified_gmt":"2026-04-15T23:27:28","slug":"istihbarat-savaslari","status":"publish","type":"product","link":"https:\/\/roveyayinevi.com.tr\/index.php\/urun\/istihbarat-savaslari\/","title":{"rendered":"\u0130stihbarat Sava\u015flar\u0131"},"content":{"rendered":"<p>Elinizdeki\u00e7al\u0131\u015fma, Birinci D\u00fcnya Sava\u015f\u0131\u2019n\u0131n ikinci yar\u0131s\u0131nda Osmanl\u0131 Devleti\u2019nde Emniyet-i Umumiye M\u00fcd\u00fcr\u00fc olarak g\u00f6rev yapan Aziz Bey\u2019in (H\u00fcseyin Aziz Aky\u00fcrek) hat\u0131rat\u0131 olarak 1932-33\u2019te Beyrut merkezli el-Ahrar gazetesinde Arap\u00e7a olarak tefrika edildi ve akabinde Suriye ve L\u00fcbnan fi Harbi\u2019l-\u00c2lemiyye: el-\u0130stihbarat ve\u2019l-Casusiyye fi\u2019d-Devleti\u2019l-\u2018Usmaniyye ba\u015fl\u0131\u011f\u0131yla kitap olarak bas\u0131ld\u0131. \u0130stihbarat Sava\u015flar\u0131: Birinci D\u00fcnya Sava\u015f\u0131\u2019nda Suriye ve L\u00fcbnan\u2019da Casusluk Faaliyetleri ad\u0131yla T\u00fcrk\u00e7eye kazand\u0131rd\u0131\u011f\u0131m\u0131z bu kitap, \u00f6zellikle istihbarat, casusluk ve propaganda konular\u0131nda hayli zengin bir i\u00e7eri\u011fe sahip. Kitapta, Orta Do\u011fu\u2019daki gayrim\u00fcslim gruplardan ayr\u0131l\u0131k\u00e7\u0131 Arap hareketleri ve \u00f6rt\u00fcl\u00fc \u00e7al\u0131\u015fmalar\u0131na, Cemal Pa\u015fa\u2019n\u0131n Suriye ve L\u00fcbnan i\u00e7in Frans\u0131zlarla pazarl\u0131\u011f\u0131ndan Enver ve Talat Pa\u015falar\u0131n Suriye\u2019yi bir hidivli\u011fe d\u00f6n\u00fc\u015ft\u00fcrme planlar\u0131na, b\u00f6lgedeki Osmanl\u0131 istihbarat yap\u0131lanmas\u0131 ve kar\u015f\u0131 casusluk faaliyetlerinden gizli \u00f6deneklere, Siyonizm tehlikesi ve Nili casusluk \u015febekesinden b\u00f6lge bas\u0131n\u0131na kadar pek \u00e7ok durum ve olaya \u0131\u015f\u0131k tutuluyor. \u00d6te yandan, Osmanl\u0131 idaresindeki Arap topraklar\u0131 ve daha \u00f6zelde Suriye ve L\u00fcbnan\u2019da \u00f6ne \u00e7\u0131kan tarihi \u015fahsiyetler de mevzubahis ediliyor. Emir \u015eekib Arslan, Aziz Ali el-M\u0131sr\u00ee, \u015earl Debb\u00e2s, Thomas Edward Lawrence, Cevat Rifat Atilhan, \u0130zzet el-C\u00fcnd\u00ee ve Esad \u015eukayr\u00ee\u2019nin yan\u0131 s\u0131ra 4. Ordu istihbarat yap\u0131lanmas\u0131ndaki baz\u0131 isimler ile d\u00fc\u015fman casuslar\u0131, Osmanl\u0131 Devleti\u2019nin emniyet\u00e7isi ve istihbarat\u00e7\u0131s\u0131 olan bir \u015fahsiyetin g\u00f6z\u00fcnden de\u011ferlendiriliyor. Yay\u0131mland\u0131\u011f\u0131 g\u00fcnden bu yana ge\u00e7en 87 sene i\u00e7erisinde Arap\u00e7aya hakim tarih\u00e7iler, T\u00fcrk\u00e7e asl\u0131 bulunmayan bu hat\u0131rat\u0131, \u00f6nemine binaen muteber bir kaynak olarak kabul ederek \u00e7al\u0131\u015fmalar\u0131nda kulland\u0131lar. Ancak, Aziz Bey\u2019in hat\u0131rata konu olan d\u00f6nemde Suriye ve L\u00fcbnan\u2019da bulunmad\u0131\u011f\u0131na dair kuvvetli delilleri ve bu delillerin beraberinde getirebilece\u011fi sorular\u0131 g\u00f6z ard\u0131 ettiler. Dr. Polat Safi, hat\u0131rat\u0131 ger\u00e7ekte Aziz Bey\u2019in yaz\u0131p yazmad\u0131\u011f\u0131 sorusundan hareketle kaleme ald\u0131\u011f\u0131 takdim yaz\u0131s\u0131nda, kitaba konu olan d\u00f6nem, mekan ve \u015fah\u0131slar\u0131, kitab\u0131n yay\u0131mland\u0131\u011f\u0131 ba\u011flam \u00fczerinden okuyarak metnin tarih, \u00f6zellikle de istihbarat tarihi a\u00e7\u0131s\u0131ndan sahip oldu\u011fu \u00f6nemin alt\u0131n\u0131 \u00e7iziyor, derin ve katmanl\u0131 operasyonel de\u011ferine dikkat \u00e7ekiyor. Ayn\u0131 zamanda, T\u00fcrk istihbarat ve gayrinizami harp tarihimizi hen\u00fcz kurulu\u015f a\u015famas\u0131nda nas\u0131l etkiledi\u011fini irdeliyor. <\/p>\n","protected":false},"excerpt":{"rendered":"<p>Elinizdeki\u00e7al\u0131\u015fma, Birinci D\u00fcnya Sava\u015f\u0131\u2019n\u0131n ikinci yar\u0131s\u0131nda Osmanl\u0131 Devleti\u2019nde Emniyet-i Umumiye M\u00fcd\u00fcr\u00fc olarak g\u00f6rev yapan Aziz Bey\u2019in (H\u00fcseyin Aziz Aky\u00fcrek) hat\u0131rat\u0131 olarak 1932-33\u2019te Beyrut merkezli el-Ahrar gazetesinde<span class=\"excerpt-hellip\"> [\u2026]<\/span><\/p>\n","protected":false},"featured_media":0,"template":"","meta":{"_monsterinsights_skip_tracking":false,"_monsterinsights_sitenote_active":false,"_monsterinsights_sitenote_note":"","_monsterinsights_sitenote_category":0},"product_brand":[],"product_cat":[12370,12304],"product_tag":[],"class_list":{"0":"post-719159","1":"product","2":"type-product","3":"status-publish","5":"product_cat-arastirma-inceleme","6":"product_cat-tarih","7":"pa_cilt-ciltsiz","8":"pa_tur-kitap","9":"pa_yayinevi-kronik-kitap","10":"pa_yazar-huseyin-aziz-akyurek","12":"first","13":"instock","14":"sale","15":"shipping-taxable","16":"purchasable","17":"product-type-simple"},"_links":{"self":[{"href":"https:\/\/roveyayinevi.com.tr\/index.php\/wp-json\/wp\/v2\/product\/719159","targetHints":{"allow":["GET"]}}],"collection":[{"href":"https:\/\/roveyayinevi.com.tr\/index.php\/wp-json\/wp\/v2\/product"}],"about":[{"href":"https:\/\/roveyayinevi.com.tr\/index.php\/wp-json\/wp\/v2\/types\/product"}],"wp:attachment":[{"href":"https:\/\/roveyayinevi.com.tr\/index.php\/wp-json\/wp\/v2\/media?parent=719159"}],"wp:term":[{"taxonomy":"product_brand","embeddable":true,"href":"https:\/\/roveyayinevi.com.tr\/index.php\/wp-json\/wp\/v2\/product_brand?post=719159"},{"taxonomy":"product_cat","embeddable":true,"href":"https:\/\/roveyayinevi.com.tr\/index.php\/wp-json\/wp\/v2\/product_cat?post=719159"},{"taxonomy":"product_tag","embeddable":true,"href":"https:\/\/roveyayinevi.com.tr\/index.php\/wp-json\/wp\/v2\/product_tag?post=719159"}],"curies":[{"name":"wp","href":"https:\/\/api.w.org\/{rel}","templated":true}]}}